{"id":3446,"date":"2025-05-22T06:43:21","date_gmt":"2025-05-21T22:43:21","guid":{"rendered":"https:\/\/smartpackbags.com\/politica-de-privacidad\/"},"modified":"2025-07-10T21:13:31","modified_gmt":"2025-07-10T13:13:31","slug":"politica-de-privacidad","status":"publish","type":"page","link":"https:\/\/smartpackbags.com\/es\/politica-de-privacidad\/","title":{"rendered":"Pol\u00edtica de privacidad"},"content":{"rendered":"\t\t<div data-elementor-type=\"wp-page\" data-elementor-id=\"3446\" class=\"elementor elementor-3446 elementor-3\">\n\t\t\t\t<div class=\"elementor-element elementor-element-5a2b261c e-flex e-con-boxed e-con e-parent\" data-id=\"5a2b261c\" data-element_type=\"container\">\n\t\t\t\t\t<div class=\"e-con-inner\">\n\t\t\t\t<div class=\"elementor-element elementor-element-77d2f270 elementor-widget elementor-widget-text-editor\" data-id=\"77d2f270\" data-element_type=\"widget\" data-widget_type=\"text-editor.default\">\n\t\t\t\t<div class=\"elementor-widget-container\">\n\t\t\t\t\t\t\t\t\t\n<p data-start=\"123\" data-end=\"156\"><strong data-start=\"123\" data-end=\"156\">Fecha de entrada en vigor:  <\/strong><\/p>\n<p data-start=\"158\" data-end=\"417\">Zhixin Packaging (\u00abnosotros\u00bb, \u00abnuestro\u00bb o \u00abnos\u00bb) respeta tu privacidad y se compromete a proteger la informaci\u00f3n personal que compartes con nosotros. Esta Pol\u00edtica de Privacidad explica c\u00f3mo recogemos, utilizamos y protegemos tus datos cuando visitas nuestro sitio web <strong data-start=\"393\" data-end=\"416\">[smartpackbags.com]<\/strong>. <\/p>\n<hr data-start=\"419\" data-end=\"422\">\n<h3 data-start=\"424\" data-end=\"457\"><strong data-start=\"428\" data-end=\"457\">1. Informaci\u00f3n que recogemos<\/strong><\/h3>\n<p data-start=\"458\" data-end=\"508\">Podemos recoger los siguientes tipos de informaci\u00f3n:<\/p>\n<p data-start=\"510\" data-end=\"539\"><strong data-start=\"510\" data-end=\"537\">a. Informaci\u00f3n personal <\/strong><\/p>\n<ul data-start=\"540\" data-end=\"690\">\n<li data-start=\"540\" data-end=\"548\">\n<p data-start=\"542\" data-end=\"548\">Nombre<\/p>\n<\/li>\n<li data-start=\"549\" data-end=\"566\">\n<p data-start=\"551\" data-end=\"566\">Direcci\u00f3n de correo electr\u00f3nico<\/p>\n<\/li>\n<li data-start=\"567\" data-end=\"583\">\n<p data-start=\"569\" data-end=\"583\">N\u00famero de tel\u00e9fono<\/p>\n<\/li>\n<li data-start=\"584\" data-end=\"600\">\n<p data-start=\"586\" data-end=\"600\">Nombre de la empresa<\/p>\n<\/li>\n<li data-start=\"601\" data-end=\"621\">\n<p data-start=\"603\" data-end=\"621\">Direcci\u00f3n de env\u00edo<\/p>\n<\/li>\n<li data-start=\"622\" data-end=\"690\">\n<p data-start=\"624\" data-end=\"690\">Cualquier otro detalle enviado a trav\u00e9s de los formularios de contacto o de solicitud de presupuesto<\/p>\n<\/li>\n<\/ul>\n<p data-start=\"692\" data-end=\"725\"><strong data-start=\"692\" data-end=\"723\">b. Informaci\u00f3n no personal <\/strong><\/p>\n<ul data-start=\"726\" data-end=\"865\">\n<li data-start=\"726\" data-end=\"740\">\n<p data-start=\"728\" data-end=\"740\">Direcci\u00f3n IP<\/p>\n<\/li>\n<li data-start=\"741\" data-end=\"769\">\n<p data-start=\"743\" data-end=\"769\">Tipo y versi\u00f3n de navegador<\/p>\n<\/li>\n<li data-start=\"770\" data-end=\"789\">\n<p data-start=\"772\" data-end=\"789\">P\u00e1ginas de referencia<\/p>\n<\/li>\n<li data-start=\"790\" data-end=\"813\">\n<p data-start=\"792\" data-end=\"813\">Tiempo de permanencia en las p\u00e1ginas<\/p>\n<\/li>\n<li data-start=\"814\" data-end=\"836\">\n<p data-start=\"816\" data-end=\"836\">Tipo de dispositivo y SO<\/p>\n<\/li>\n<li data-start=\"837\" data-end=\"865\">\n<p data-start=\"839\" data-end=\"865\">Cookies y datos anal\u00edticos<\/p>\n<\/li>\n<\/ul>\n<hr data-start=\"867\" data-end=\"870\">\n<h3 data-start=\"872\" data-end=\"910\"><strong data-start=\"876\" data-end=\"910\">2. C\u00f3mo utilizamos tu informaci\u00f3n<\/strong><\/h3>\n<p data-start=\"911\" data-end=\"971\">Utilizamos la informaci\u00f3n recogida para los siguientes fines:<\/p>\n<ul data-start=\"973\" data-end=\"1215\">\n<li data-start=\"973\" data-end=\"1018\">\n<p data-start=\"975\" data-end=\"1018\">Para responder a tus consultas y solicitudes<\/p>\n<\/li>\n<li data-start=\"1019\" data-end=\"1054\">\n<p data-start=\"1021\" data-end=\"1054\">Para tramitar pedidos o presupuestos<\/p>\n<\/li>\n<li data-start=\"1055\" data-end=\"1094\">\n<p data-start=\"1057\" data-end=\"1094\">Para mejorar nuestro sitio web y nuestros servicios<\/p>\n<\/li>\n<li data-start=\"1095\" data-end=\"1166\">\n<p data-start=\"1097\" data-end=\"1166\">Para enviarte actualizaciones, ofertas o material promocional (si has optado por ello)<\/p>\n<\/li>\n<li data-start=\"1167\" data-end=\"1215\">\n<p data-start=\"1169\" data-end=\"1215\">Para la seguridad, la prevenci\u00f3n del fraude y el cumplimiento<\/p>\n<\/li>\n<\/ul>\n<hr data-start=\"1217\" data-end=\"1220\">\n<h3 data-start=\"1222\" data-end=\"1253\"><strong data-start=\"1226\" data-end=\"1253\">3. Cookies y rastreo<\/strong><\/h3>\n<p data-start=\"1254\" data-end=\"1454\">Nuestro sitio web utiliza cookies y tecnolog\u00edas similares para mejorar la experiencia del usuario, analizar el tr\u00e1fico del sitio y permitir la funcionalidad b\u00e1sica. Si lo prefieres, puedes modificar la configuraci\u00f3n de tu navegador para rechazar las cookies. <\/p>\n<p data-start=\"1456\" data-end=\"1537\">Tambi\u00e9n utilizamos herramientas como <strong data-start=\"1479\" data-end=\"1499\">Google Analytics<\/strong> para comprender los patrones de uso del sitio web.<\/p>\n<hr data-start=\"1539\" data-end=\"1542\">\n<h3 data-start=\"1544\" data-end=\"1577\"><strong data-start=\"1548\" data-end=\"1577\">4. Compartir informaci\u00f3n<\/strong><\/h3>\n<p data-start=\"1578\" data-end=\"1682\"><strong data-start=\"1584\" data-end=\"1596\">No vendemos<\/strong>, comerciamos ni alquilamos tus datos personales a terceros. Sin embargo, podemos compartir datos con: <\/p>\n<ul data-start=\"1684\" data-end=\"1880\">\n<li data-start=\"1684\" data-end=\"1768\">\n<p data-start=\"1686\" data-end=\"1768\">Proveedores de servicios de terceros de confianza (por ejemplo, alojamiento, env\u00edo de correo electr\u00f3nico, an\u00e1lisis)<\/p>\n<\/li>\n<li data-start=\"1769\" data-end=\"1811\">\n<p data-start=\"1771\" data-end=\"1811\">Autoridades judiciales cuando lo exija la ley<\/p>\n<\/li>\n<li data-start=\"1812\" data-end=\"1880\">\n<p data-start=\"1814\" data-end=\"1880\">Socios log\u00edsticos o de pago si es necesario para satisfacer tu solicitud<\/p>\n<\/li>\n<\/ul>\n<p data-start=\"1882\" data-end=\"1949\">Todos los terceros est\u00e1n obligados contractualmente a proteger tus datos.<\/p>\n<hr data-start=\"1951\" data-end=\"1954\">\n<h3 data-start=\"1956\" data-end=\"1981\"><strong data-start=\"1960\" data-end=\"1981\">5. Conservaci\u00f3n de datos<\/strong><\/h3>\n<p data-start=\"1982\" data-end=\"2115\">Conservamos tu informaci\u00f3n personal s\u00f3lo durante el tiempo necesario para cumplir los fines descritos en esta pol\u00edtica, o seg\u00fan lo exija la ley.<\/p>\n<hr data-start=\"2117\" data-end=\"2120\">\n<h3 data-start=\"2122\" data-end=\"2144\"><strong data-start=\"2126\" data-end=\"2144\">6. Tus derechos<\/strong><\/h3>\n<p data-start=\"2145\" data-end=\"2226\">Dependiendo de tu jurisdicci\u00f3n (por ejemplo, UE, California), puedes tener derecho a:<\/p>\n<ul data-start=\"2228\" data-end=\"2387\">\n<li data-start=\"2228\" data-end=\"2274\">\n<p data-start=\"2230\" data-end=\"2274\">Acceder a los datos personales que tenemos sobre ti<\/p>\n<\/li>\n<li data-start=\"2275\" data-end=\"2313\">\n<p data-start=\"2277\" data-end=\"2313\">Corregir o actualizar tu informaci\u00f3n<\/p>\n<\/li>\n<li data-start=\"2314\" data-end=\"2347\">\n<p data-start=\"2316\" data-end=\"2347\">Solicitar la supresi\u00f3n de tus datos<\/p>\n<\/li>\n<li data-start=\"2348\" data-end=\"2387\">\n<p data-start=\"2350\" data-end=\"2387\">No recibir comunicaciones comerciales<\/p>\n<\/li>\n<\/ul>\n<p data-start=\"2389\" data-end=\"2450\">Para ejercer estos derechos, ponte en contacto con nosotros en <span style=\"color: #000080;\"><strong data-start=\"3181\" data-end=\"3201\">r<a class=\"cursor-pointer\" style=\"color: #000080;\" rel=\"noopener\">ain.xu@<\/a>smartpackbags.com<\/strong><\/span>.<\/p>\n<hr data-start=\"2452\" data-end=\"2455\">\n<h3 data-start=\"2457\" data-end=\"2485\"><strong data-start=\"2461\" data-end=\"2485\">7. Medidas de seguridad<\/strong><\/h3>\n<p data-start=\"2486\" data-end=\"2661\">Aplicamos medidas de seguridad t\u00e9cnicas y organizativas para proteger tus datos de accesos no autorizados, divulgaci\u00f3n o uso indebido. Sin embargo, ning\u00fan sistema en l\u00ednea puede ser 100% seguro. <\/p>\n<hr data-start=\"2663\" data-end=\"2666\">\n<h3 data-start=\"2668\" data-end=\"2696\"><strong data-start=\"2672\" data-end=\"2696\">8. Enlaces de terceros<\/strong><\/h3>\n<p data-start=\"2697\" data-end=\"2840\">Nuestro sitio web puede contener enlaces a sitios de terceros (por ejemplo, WhatsApp, LinkedIn). No somos responsables de las pr\u00e1cticas de privacidad de esos sitios. <\/p>\n<hr data-start=\"2842\" data-end=\"2845\">\n<h3 data-start=\"2847\" data-end=\"2880\"><strong data-start=\"2851\" data-end=\"2880\">9. Actualizaciones de esta Pol\u00edtica<\/strong><\/h3>\n<p data-start=\"2881\" data-end=\"3018\">Nos reservamos el derecho a modificar esta Pol\u00edtica de Privacidad en cualquier momento. Cualquier cambio se publicar\u00e1 en esta p\u00e1gina con una \u00abFecha de entrada en vigor\u00bb actualizada. <\/p>\n<hr data-start=\"3020\" data-end=\"3023\">\n<h3 data-start=\"3025\" data-end=\"3047\"><strong data-start=\"3029\" data-end=\"3047\">10. Contacta con nosotros<\/strong><\/h3>\n<p data-start=\"3048\" data-end=\"3152\">Si tienes preguntas o dudas sobre esta Pol\u00edtica de Privacidad o sobre c\u00f3mo se tratan tus datos, ponte en contacto con nosotros:<\/p>\n<p data-start=\"3154\" data-end=\"3294\">Zhixin Packaging <br data-start=\"3171\" data-end=\"3174\">Correo electr\u00f3nico: <span style=\"color: #000080;\"><strong data-start=\"3181\" data-end=\"3201\">r<a class=\"cursor-pointer\" style=\"color: #000080;\" rel=\"noopener\">ain.xu@<\/a>smartpackbags.com<\/strong><\/span><br data-start=\"3201\" data-end=\"3204\"><span style=\"color: #000000;\">Tel\u00e9fono: <span style=\"color: #000080;\"><strong>86<\/strong> <b>15728041867<\/b><\/span><\/span><br data-start=\"3228\" data-end=\"3231\">P\u00e1gina web: <span style=\"color: #000080;\"><strong><a class=\"\" style=\"color: #000080;\" href=\"https:\/\/smartpackbags.com\/es\/\" target=\"_new\" rel=\"noopener\" data-start=\"3240\" data-end=\"3294\">https:\/\/smartpackbags.com<\/a><\/strong><\/span><\/p>\n\n<p> <\/p>\t\t\t\t\t\t\t\t<\/div>\n\t\t\t\t<\/div>\n\t\t\t\t\t<\/div>\n\t\t\t\t<\/div>\n\t\t\t\t<\/div>\n\t\t","protected":false},"excerpt":{"rendered":"<p>Fecha de entrada en vigor: Zhixin Packaging (\u00abnosotros\u00bb, \u00abnuestro\u00bb o \u00abnos\u00bb) respeta tu privacidad y se compromete a proteger la informaci\u00f3n personal que compartes con nosotros. Esta Pol\u00edtica de Privacidad explica c\u00f3mo recogemos, utilizamos y protegemos tus datos cuando visitas nuestro sitio web [smartpackbags.com]. 1. Informaci\u00f3n que recogemos Podemos recoger los siguientes tipos de informaci\u00f3n:&hellip;&nbsp;<a href=\"https:\/\/smartpackbags.com\/es\/politica-de-privacidad\/\" rel=\"bookmark\"><span class=\"screen-reader-text\">Pol\u00edtica de privacidad<\/span><\/a><\/p>\n","protected":false},"author":1,"featured_media":0,"parent":0,"menu_order":0,"comment_status":"closed","ping_status":"closed","template":"","meta":{"neve_meta_sidebar":"","neve_meta_container":"","neve_meta_enable_content_width":"","neve_meta_content_width":0,"neve_meta_title_alignment":"","neve_meta_author_avatar":"","neve_post_elements_order":"","neve_meta_disable_header":"","neve_meta_disable_footer":"","neve_meta_disable_title":"","footnotes":""},"class_list":["post-3446","page","type-page","status-publish","hentry"],"rttpg_featured_image_url":null,"rttpg_author":{"display_name":"xuxueming69@gmail.com","author_link":"https:\/\/smartpackbags.com\/es\/author\/xuxueming69gmail-com\/"},"rttpg_comment":0,"rttpg_category":" <a href=\"https:\/\/smartpackbags.com\/es\/?taxonomy=translation_priority&#038;term=opcional-es\" rel=\"tag\">Opcional<\/a>","rttpg_excerpt":"Fecha de entrada en vigor: Zhixin Packaging (\u00abnosotros\u00bb, \u00abnuestro\u00bb o \u00abnos\u00bb) respeta tu privacidad y se compromete a proteger la informaci\u00f3n personal que compartes con nosotros. Esta Pol\u00edtica de Privacidad explica c\u00f3mo recogemos, utilizamos y protegemos tus datos cuando visitas nuestro sitio web [smartpackbags.com]. 1. Informaci\u00f3n que recogemos Podemos recoger los siguientes tipos de informaci\u00f3n:&hellip;&nbsp;Pol\u00edtica&hellip;","_links":{"self":[{"href":"https:\/\/smartpackbags.com\/es\/wp-json\/wp\/v2\/pages\/3446","targetHints":{"allow":["GET"]}}],"collection":[{"href":"https:\/\/smartpackbags.com\/es\/wp-json\/wp\/v2\/pages"}],"about":[{"href":"https:\/\/smartpackbags.com\/es\/wp-json\/wp\/v2\/types\/page"}],"author":[{"embeddable":true,"href":"https:\/\/smartpackbags.com\/es\/wp-json\/wp\/v2\/users\/1"}],"replies":[{"embeddable":true,"href":"https:\/\/smartpackbags.com\/es\/wp-json\/wp\/v2\/comments?post=3446"}],"version-history":[{"count":1,"href":"https:\/\/smartpackbags.com\/es\/wp-json\/wp\/v2\/pages\/3446\/revisions"}],"predecessor-version":[{"id":4554,"href":"https:\/\/smartpackbags.com\/es\/wp-json\/wp\/v2\/pages\/3446\/revisions\/4554"}],"wp:attachment":[{"href":"https:\/\/smartpackbags.com\/es\/wp-json\/wp\/v2\/media?parent=3446"}],"curies":[{"name":"wp","href":"https:\/\/api.w.org\/{rel}","templated":true}]}}