{"id":3537,"date":"2025-05-22T08:11:05","date_gmt":"2025-05-22T00:11:05","guid":{"rendered":"https:\/\/smartpackbags.com\/productos\/"},"modified":"2025-09-22T16:23:46","modified_gmt":"2025-09-22T08:23:46","slug":"productos","status":"publish","type":"page","link":"https:\/\/smartpackbags.com\/es\/productos\/","title":{"rendered":"Productos"},"content":{"rendered":"\t\t<div data-elementor-type=\"wp-page\" data-elementor-id=\"3537\" class=\"elementor elementor-3537 elementor-23\">\n\t\t\t\t<div class=\"elementor-element elementor-element-5424813 e-flex e-con-boxed e-con e-parent\" data-id=\"5424813\" data-element_type=\"container\">\n\t\t\t\t\t<div class=\"e-con-inner\">\n\t\t\t\t<div class=\"elementor-element elementor-element-c28d595 elementor-widget elementor-widget-html\" data-id=\"c28d595\" data-element_type=\"widget\" data-widget_type=\"html.default\">\n\t\t\t\t<div class=\"elementor-widget-container\">\n\t\t\t\t\t<h1 class=\"brand-hero-title\">\r\n  <span class=\"brand-main\">Zhixin Packaging<\/span>\r\n  <span class=\"brand-sub\">Nuestros Productos<\/span>\r\n<\/h1>\r\n\r\n<style>\r\n.brand-hero-title {\r\n  text-align: center;\r\n  margin: 60px auto 40px;\r\n  line-height: 1.3;\r\n}\r\n.brand-hero-title .brand-main {\r\n  display: block;\r\n  font-size: 3.2rem;\r\n  font-weight: 900;\r\n  color: #2F5AAE;\r\n  letter-spacing: 2px;\r\n  text-transform: uppercase;\r\n  text-shadow: 0px 3px 8px rgba(0,0,0,0.25);\r\n}\r\n.brand-hero-title .brand-sub {\r\n  display: block;\r\n  font-size: 1.3rem;\r\n  font-weight: 500;\r\n  margin-top: 12px;\r\n  color: #4A6FA5;\r\n}\r\n@media (max-width:768px){\r\n  .brand-hero-title .brand-main { font-size: 2.4rem; }\r\n  .brand-hero-title .brand-sub { font-size: 1rem; }\r\n}\r\n<\/style>\r\n\t\t\t\t<\/div>\n\t\t\t\t<\/div>\n\t\t\t\t\t<\/div>\n\t\t\t\t<\/div>\n\t\t<div class=\"elementor-element elementor-element-f9856b1 e-flex e-con-boxed e-con e-parent\" data-id=\"f9856b1\" data-element_type=\"container\">\n\t\t\t\t\t<div class=\"e-con-inner\">\n\t\t\t\t<div class=\"elementor-element elementor-element-a9ef96d elementor-widget elementor-widget-text-editor\" data-id=\"a9ef96d\" data-element_type=\"widget\" data-widget_type=\"text-editor.default\">\n\t\t\t\t<div class=\"elementor-widget-container\">\n\t\t\t\t\t\t\t\t\t<p data-start=\"66\" data-end=\"121\"><strong data-start=\"66\" data-end=\"121\">Soluciones profesionales de envasado para todos los sectores<\/strong><\/p><p data-start=\"123\" data-end=\"483\">En Zhixin Packaging, nos especializamos en la fabricaci\u00f3n de bolsas tejidas, bolsas de papel, envases flexibles y bolsas FIBC\/toneladas de alta calidad adaptadas para satisfacer las diversas necesidades de nuestros clientes globales. Nuestros productos combinan durabilidad, fiabilidad y personalizaci\u00f3n para proporcionar soluciones de envasado \u00f3ptimas para polvos a granel, granos, productos qu\u00edmicos, materiales de construcci\u00f3n y mucho m\u00e1s.<\/p><p data-start=\"485\" data-end=\"514\"><strong data-start=\"485\" data-end=\"514\">\u00bfPor qu\u00e9 elegir nuestros envases?<\/strong><\/p><ul data-start=\"516\" data-end=\"1150\"><li data-start=\"516\" data-end=\"628\"><p data-start=\"518\" data-end=\"628\"><strong data-start=\"518\" data-end=\"548\">Material de calidad superior:<\/strong> Fabricado con polipropileno 100% virgen, papel kraft y laminados ecol\u00f3gicos.<\/p><\/li><li data-start=\"629\" data-end=\"763\"><p data-start=\"631\" data-end=\"763\"><strong data-start=\"631\" data-end=\"666\">Tama\u00f1os y dise\u00f1os personalizables:<\/strong> Dimensiones a medida, impresi\u00f3n de hasta 9 colores y varios cierres para adaptarse a las necesidades de su producto.<\/p><\/li><li data-start=\"764\" data-end=\"912\"><p data-start=\"766\" data-end=\"912\"><strong data-start=\"766\" data-end=\"788\">Durabilidad probada:<\/strong> Nuestras bolsas se someten a rigurosas pruebas de calidad que incluyen pruebas de ca\u00edda y comprobaciones de resistencia del sellado para garantizar una protecci\u00f3n fiable.<\/p><\/li><li data-start=\"913\" data-end=\"1035\"><p data-start=\"915\" data-end=\"1035\"><strong data-start=\"915\" data-end=\"942\">Aplicaciones vers\u00e1tiles:<\/strong> Perfecta para los sectores agr\u00edcola, qu\u00edmico, alimentario, de la construcci\u00f3n e industrial.<\/p><\/li><li data-start=\"1036\" data-end=\"1150\"><p data-start=\"1038\" data-end=\"1150\"><strong data-start=\"1038\" data-end=\"1062\">Log\u00edstica eficiente:<\/strong> Dise\u00f1ados para facilitar su manipulaci\u00f3n, apilamiento y transporte, optimizando su cadena de suministro.<\/p><\/li><\/ul><p data-start=\"1152\" data-end=\"1297\">Vea a continuaci\u00f3n nuestros exclusivos v\u00eddeos de pruebas de ca\u00edda y muestreo de clientes para comprobar el rendimiento en el mundo real y la garant\u00eda de calidad de nuestros productos de envasado.<\/p>\t\t\t\t\t\t\t\t<\/div>\n\t\t\t\t<\/div>\n\t\t\t\t\t<\/div>\n\t\t\t\t<\/div>\n\t\t<div class=\"elementor-element elementor-element-5e4e6e7 e-flex e-con-boxed e-con e-parent\" data-id=\"5e4e6e7\" data-element_type=\"container\">\n\t\t\t\t\t<div class=\"e-con-inner\">\n\t\t<div class=\"elementor-element elementor-element-2a66afb e-con-full e-flex e-con e-child\" data-id=\"2a66afb\" data-element_type=\"container\">\n\t\t\t\t<div class=\"elementor-element elementor-element-30ee674 elementor-widget elementor-widget-video\" data-id=\"30ee674\" data-element_type=\"widget\" data-settings=\"{&quot;youtube_url&quot;:&quot;https:\\\/\\\/www.youtube.com\\\/shorts\\\/UCh4Z43Vjg4&quot;,&quot;video_type&quot;:&quot;youtube&quot;,&quot;controls&quot;:&quot;yes&quot;}\" data-widget_type=\"video.default\">\n\t\t\t\t<div class=\"elementor-widget-container\">\n\t\t\t\t\t\t\t<div class=\"elementor-wrapper elementor-open-inline\">\n\t\t\t<div class=\"elementor-video\"><\/div>\t\t<\/div>\n\t\t\t\t\t\t<\/div>\n\t\t\t\t<\/div>\n\t\t\t\t<\/div>\n\t\t<div class=\"elementor-element elementor-element-03f5f2e e-con-full e-flex e-con e-child\" data-id=\"03f5f2e\" data-element_type=\"container\">\n\t\t\t\t<div class=\"elementor-element elementor-element-296b776 elementor-widget elementor-widget-video\" data-id=\"296b776\" data-element_type=\"widget\" data-settings=\"{&quot;youtube_url&quot;:&quot;https:\\\/\\\/www.youtube.com\\\/shorts\\\/oVBpjX_l518&quot;,&quot;video_type&quot;:&quot;youtube&quot;,&quot;controls&quot;:&quot;yes&quot;}\" data-widget_type=\"video.default\">\n\t\t\t\t<div class=\"elementor-widget-container\">\n\t\t\t\t\t\t\t<div class=\"elementor-wrapper elementor-open-inline\">\n\t\t\t<div class=\"elementor-video\"><\/div>\t\t<\/div>\n\t\t\t\t\t\t<\/div>\n\t\t\t\t<\/div>\n\t\t\t\t<\/div>\n\t\t\t\t\t<\/div>\n\t\t\t\t<\/div>\n\t\t\t\t<\/div>\n\t\t","protected":false},"excerpt":{"rendered":"<p>Zhixin Packaging Nuestros Productos Soluciones profesionales de envasado para todos los sectores En Zhixin Packaging, nos especializamos en la fabricaci\u00f3n de bolsas tejidas, bolsas de papel, envases flexibles y bolsas FIBC\/toneladas de alta calidad adaptadas para satisfacer las diversas necesidades de nuestros clientes globales. Nuestros productos combinan durabilidad, fiabilidad y personalizaci\u00f3n para proporcionar soluciones de&hellip;&nbsp;<a href=\"https:\/\/smartpackbags.com\/es\/productos\/\" rel=\"bookmark\"><span class=\"screen-reader-text\">Productos<\/span><\/a><\/p>\n","protected":false},"author":1,"featured_media":0,"parent":0,"menu_order":0,"comment_status":"closed","ping_status":"closed","template":"page-templates\/template-pagebuilder-full-width.php","meta":{"neve_meta_sidebar":"","neve_meta_container":"","neve_meta_enable_content_width":"","neve_meta_content_width":0,"neve_meta_title_alignment":"","neve_meta_author_avatar":"","neve_post_elements_order":"","neve_meta_disable_header":"","neve_meta_disable_footer":"","neve_meta_disable_title":"","footnotes":""},"class_list":["post-3537","page","type-page","status-publish","hentry"],"rttpg_featured_image_url":null,"rttpg_author":{"display_name":"xuxueming69@gmail.com","author_link":"https:\/\/smartpackbags.com\/es\/author\/xuxueming69gmail-com\/"},"rttpg_comment":0,"rttpg_category":" <a href=\"https:\/\/smartpackbags.com\/es\/?taxonomy=translation_priority&#038;term=opcional-es\" rel=\"tag\">Opcional<\/a>","rttpg_excerpt":"Zhixin Packaging Nuestros Productos Soluciones profesionales de envasado para todos los sectores En Zhixin Packaging, nos especializamos en la fabricaci\u00f3n de bolsas tejidas, bolsas de papel, envases flexibles y bolsas FIBC\/toneladas de alta calidad adaptadas para satisfacer las diversas necesidades de nuestros clientes globales. Nuestros productos combinan durabilidad, fiabilidad y personalizaci\u00f3n para proporcionar soluciones de&hellip;&nbsp;Productos","_links":{"self":[{"href":"https:\/\/smartpackbags.com\/es\/wp-json\/wp\/v2\/pages\/3537","targetHints":{"allow":["GET"]}}],"collection":[{"href":"https:\/\/smartpackbags.com\/es\/wp-json\/wp\/v2\/pages"}],"about":[{"href":"https:\/\/smartpackbags.com\/es\/wp-json\/wp\/v2\/types\/page"}],"author":[{"embeddable":true,"href":"https:\/\/smartpackbags.com\/es\/wp-json\/wp\/v2\/users\/1"}],"replies":[{"embeddable":true,"href":"https:\/\/smartpackbags.com\/es\/wp-json\/wp\/v2\/comments?post=3537"}],"version-history":[{"count":3,"href":"https:\/\/smartpackbags.com\/es\/wp-json\/wp\/v2\/pages\/3537\/revisions"}],"predecessor-version":[{"id":5603,"href":"https:\/\/smartpackbags.com\/es\/wp-json\/wp\/v2\/pages\/3537\/revisions\/5603"}],"wp:attachment":[{"href":"https:\/\/smartpackbags.com\/es\/wp-json\/wp\/v2\/media?parent=3537"}],"curies":[{"name":"wp","href":"https:\/\/api.w.org\/{rel}","templated":true}]}}