{"id":3447,"date":"2025-05-22T06:43:21","date_gmt":"2025-05-21T22:43:21","guid":{"rendered":"https:\/\/smartpackbags.com\/politique-de-confidentialite\/"},"modified":"2025-07-10T21:25:25","modified_gmt":"2025-07-10T13:25:25","slug":"politique-de-confidentialite","status":"publish","type":"page","link":"https:\/\/smartpackbags.com\/fr\/politique-de-confidentialite\/","title":{"rendered":"Politique de confidentialit\u00e9"},"content":{"rendered":"\t\t<div data-elementor-type=\"wp-page\" data-elementor-id=\"3447\" class=\"elementor elementor-3447 elementor-3\">\n\t\t\t\t<div class=\"elementor-element elementor-element-5a2b261c e-flex e-con-boxed e-con e-parent\" data-id=\"5a2b261c\" data-element_type=\"container\">\n\t\t\t\t\t<div class=\"e-con-inner\">\n\t\t\t\t<div class=\"elementor-element elementor-element-77d2f270 elementor-widget elementor-widget-text-editor\" data-id=\"77d2f270\" data-element_type=\"widget\" data-widget_type=\"text-editor.default\">\n\t\t\t\t<div class=\"elementor-widget-container\">\n\t\t\t\t\t\t\t\t\t\n<p data-start=\"123\" data-end=\"156\"><strong data-start=\"123\" data-end=\"156\">Date d&rsquo;entr\u00e9e en vigueur :  <\/strong><\/p>\n<p data-start=\"158\" data-end=\"417\">Zhixin Packaging (\u00ab\u00a0nous\u00a0\u00bb, \u00ab\u00a0notre\u00a0\u00bb ou \u00ab\u00a0nos\u00a0\u00bb) respecte votre vie priv\u00e9e et s&rsquo;engage \u00e0 prot\u00e9ger les informations personnelles que vous partagez avec nous. La pr\u00e9sente politique de confidentialit\u00e9 explique comment nous recueillons, utilisons et prot\u00e9geons vos donn\u00e9es lorsque vous visitez notre site web <strong data-start=\"393\" data-end=\"416\">[smartpackbags.com]<\/strong>. <\/p>\n<hr data-start=\"419\" data-end=\"422\">\n<h3 data-start=\"424\" data-end=\"457\"><strong data-start=\"428\" data-end=\"457\">1. Les informations que nous collectons<\/strong><\/h3>\n<p data-start=\"458\" data-end=\"508\">Nous pouvons collecter les types d&rsquo;informations suivants :<\/p>\n<p data-start=\"510\" data-end=\"539\"><strong data-start=\"510\" data-end=\"537\">a. Informations personnelles <\/strong><\/p>\n<ul data-start=\"540\" data-end=\"690\">\n<li data-start=\"540\" data-end=\"548\">\n<p data-start=\"542\" data-end=\"548\">Nom<\/p>\n<\/li>\n<li data-start=\"549\" data-end=\"566\">\n<p data-start=\"551\" data-end=\"566\">Adresse \u00e9lectronique<\/p>\n<\/li>\n<li data-start=\"567\" data-end=\"583\">\n<p data-start=\"569\" data-end=\"583\">Num\u00e9ro de t\u00e9l\u00e9phone<\/p>\n<\/li>\n<li data-start=\"584\" data-end=\"600\">\n<p data-start=\"586\" data-end=\"600\">Nom de l&rsquo;entreprise<\/p>\n<\/li>\n<li data-start=\"601\" data-end=\"621\">\n<p data-start=\"603\" data-end=\"621\">Adresse de livraison<\/p>\n<\/li>\n<li data-start=\"622\" data-end=\"690\">\n<p data-start=\"624\" data-end=\"690\">Toute autre information communiqu\u00e9e par le biais des formulaires de contact ou de demande de devis.<\/p>\n<\/li>\n<\/ul>\n<p data-start=\"692\" data-end=\"725\"><strong data-start=\"692\" data-end=\"723\">b. Informations non personnelles <\/strong><\/p>\n<ul data-start=\"726\" data-end=\"865\">\n<li data-start=\"726\" data-end=\"740\">\n<p data-start=\"728\" data-end=\"740\">Adresse IP<\/p>\n<\/li>\n<li data-start=\"741\" data-end=\"769\">\n<p data-start=\"743\" data-end=\"769\">Type et version du navigateur<\/p>\n<\/li>\n<li data-start=\"770\" data-end=\"789\">\n<p data-start=\"772\" data-end=\"789\">Pages de r\u00e9f\u00e9rence<\/p>\n<\/li>\n<li data-start=\"790\" data-end=\"813\">\n<p data-start=\"792\" data-end=\"813\">Temps pass\u00e9 sur les pages<\/p>\n<\/li>\n<li data-start=\"814\" data-end=\"836\">\n<p data-start=\"816\" data-end=\"836\">Type d&rsquo;appareil et de syst\u00e8me d&rsquo;exploitation<\/p>\n<\/li>\n<li data-start=\"837\" data-end=\"865\">\n<p data-start=\"839\" data-end=\"865\">Cookies et donn\u00e9es analytiques<\/p>\n<\/li>\n<\/ul>\n<hr data-start=\"867\" data-end=\"870\">\n<h3 data-start=\"872\" data-end=\"910\"><strong data-start=\"876\" data-end=\"910\">2. Comment nous utilisons vos informations<\/strong><\/h3>\n<p data-start=\"911\" data-end=\"971\">Nous utilisons les informations collect\u00e9es aux fins suivantes :<\/p>\n<ul data-start=\"973\" data-end=\"1215\">\n<li data-start=\"973\" data-end=\"1018\">\n<p data-start=\"975\" data-end=\"1018\">Pour r\u00e9pondre \u00e0 vos questions et \u00e0 vos demandes<\/p>\n<\/li>\n<li data-start=\"1019\" data-end=\"1054\">\n<p data-start=\"1021\" data-end=\"1054\">Traiter les commandes ou les devis<\/p>\n<\/li>\n<li data-start=\"1055\" data-end=\"1094\">\n<p data-start=\"1057\" data-end=\"1094\">Am\u00e9liorer notre site web et nos services<\/p>\n<\/li>\n<li data-start=\"1095\" data-end=\"1166\">\n<p data-start=\"1097\" data-end=\"1166\">Pour vous envoyer des mises \u00e0 jour, des offres ou du mat\u00e9riel promotionnel (si vous y avez consenti)<\/p>\n<\/li>\n<li data-start=\"1167\" data-end=\"1215\">\n<p data-start=\"1169\" data-end=\"1215\">Pour la s\u00e9curit\u00e9, la pr\u00e9vention de la fraude et la conformit\u00e9<\/p>\n<\/li>\n<\/ul>\n<hr data-start=\"1217\" data-end=\"1220\">\n<h3 data-start=\"1222\" data-end=\"1253\"><strong data-start=\"1226\" data-end=\"1253\">3. Cookies et suivi<\/strong><\/h3>\n<p data-start=\"1254\" data-end=\"1454\">Notre site web utilise des cookies et des technologies similaires pour am\u00e9liorer l&rsquo;exp\u00e9rience de l&rsquo;utilisateur, analyser le trafic du site et permettre des fonctionnalit\u00e9s de base. Vous pouvez modifier les param\u00e8tres de votre navigateur pour refuser les cookies si vous le souhaitez. <\/p>\n<p data-start=\"1456\" data-end=\"1537\">Nous utilisons \u00e9galement des outils tels que <strong data-start=\"1479\" data-end=\"1499\">Google Analytics<\/strong> pour comprendre les sch\u00e9mas d&rsquo;utilisation du site web.<\/p>\n<hr data-start=\"1539\" data-end=\"1542\">\n<h3 data-start=\"1544\" data-end=\"1577\"><strong data-start=\"1548\" data-end=\"1577\">4. Partage d&rsquo;informations<\/strong><\/h3>\n<p data-start=\"1578\" data-end=\"1682\">Nous <strong data-start=\"1584\" data-end=\"1596\">ne vendons pas<\/strong>, n&rsquo;\u00e9changeons pas et ne louons <strong data-start=\"1584\" data-end=\"1596\">pas<\/strong> vos donn\u00e9es personnelles \u00e0 des tiers. Toutefois, nous pouvons \u00eatre amen\u00e9s \u00e0 partager des donn\u00e9es avec : <\/p>\n<ul data-start=\"1684\" data-end=\"1880\">\n<li data-start=\"1684\" data-end=\"1768\">\n<p data-start=\"1686\" data-end=\"1768\">Fournisseurs de services tiers de confiance (par exemple, h\u00e9bergement, livraison de courrier \u00e9lectronique, analyse)<\/p>\n<\/li>\n<li data-start=\"1769\" data-end=\"1811\">\n<p data-start=\"1771\" data-end=\"1811\">Les autorit\u00e9s l\u00e9gales lorsque la loi l&rsquo;exige<\/p>\n<\/li>\n<li data-start=\"1812\" data-end=\"1880\">\n<p data-start=\"1814\" data-end=\"1880\">les partenaires logistiques ou de paiement, si cela est n\u00e9cessaire pour r\u00e9pondre \u00e0 votre demande<\/p>\n<\/li>\n<\/ul>\n<p data-start=\"1882\" data-end=\"1949\">Tous les tiers sont contractuellement tenus de prot\u00e9ger vos donn\u00e9es.<\/p>\n<hr data-start=\"1951\" data-end=\"1954\">\n<h3 data-start=\"1956\" data-end=\"1981\"><strong data-start=\"1960\" data-end=\"1981\">5. Conservation des donn\u00e9es<\/strong><\/h3>\n<p data-start=\"1982\" data-end=\"2115\">Nous ne conservons vos informations personnelles que le temps n\u00e9cessaire \u00e0 la r\u00e9alisation des objectifs d\u00e9crits dans la pr\u00e9sente politique, ou comme l&rsquo;exige la loi.<\/p>\n<hr data-start=\"2117\" data-end=\"2120\">\n<h3 data-start=\"2122\" data-end=\"2144\"><strong data-start=\"2126\" data-end=\"2144\">6. Vos droits<\/strong><\/h3>\n<p data-start=\"2145\" data-end=\"2226\">En fonction de votre juridiction (par exemple, l&rsquo;UE, la Californie), vous pouvez avoir le droit de.. :<\/p>\n<ul data-start=\"2228\" data-end=\"2387\">\n<li data-start=\"2228\" data-end=\"2274\">\n<p data-start=\"2230\" data-end=\"2274\">Acc\u00e9der aux donn\u00e9es personnelles que nous d\u00e9tenons \u00e0 votre sujet<\/p>\n<\/li>\n<li data-start=\"2275\" data-end=\"2313\">\n<p data-start=\"2277\" data-end=\"2313\">Corriger ou mettre \u00e0 jour vos informations<\/p>\n<\/li>\n<li data-start=\"2314\" data-end=\"2347\">\n<p data-start=\"2316\" data-end=\"2347\">Demander la suppression de vos donn\u00e9es<\/p>\n<\/li>\n<li data-start=\"2348\" data-end=\"2387\">\n<p data-start=\"2350\" data-end=\"2387\">Refuser les communications marketing<\/p>\n<\/li>\n<\/ul>\n<p data-start=\"2389\" data-end=\"2450\">Pour exercer ces droits, contactez-nous \u00e0 l&rsquo;adresse suivante <span style=\"color: #000080;\"><strong data-start=\"3181\" data-end=\"3201\">r<a class=\"cursor-pointer\" style=\"color: #000080;\" rel=\"noopener\">ain.xu@<\/a>smartpackbags.com<\/strong><\/span>.<\/p>\n<hr data-start=\"2452\" data-end=\"2455\">\n<h3 data-start=\"2457\" data-end=\"2485\"><strong data-start=\"2461\" data-end=\"2485\">7. Mesures de s\u00e9curit\u00e9<\/strong><\/h3>\n<p data-start=\"2486\" data-end=\"2661\">Nous mettons en \u0153uvre des mesures de s\u00e9curit\u00e9 techniques et organisationnelles pour prot\u00e9ger vos donn\u00e9es contre l&rsquo;acc\u00e8s non autoris\u00e9, la divulgation ou l&rsquo;utilisation abusive. Toutefois, aucun syst\u00e8me en ligne ne peut \u00eatre s\u00fbr \u00e0 100 %. <\/p>\n<hr data-start=\"2663\" data-end=\"2666\">\n<h3 data-start=\"2668\" data-end=\"2696\"><strong data-start=\"2672\" data-end=\"2696\">8. Liens avec des tiers<\/strong><\/h3>\n<p data-start=\"2697\" data-end=\"2840\">Notre site web peut contenir des liens vers des sites de tiers (par exemple, WhatsApp, LinkedIn). Nous ne sommes pas responsables des pratiques de ces sites en mati\u00e8re de protection de la vie priv\u00e9e. <\/p>\n<hr data-start=\"2842\" data-end=\"2845\">\n<h3 data-start=\"2847\" data-end=\"2880\"><strong data-start=\"2851\" data-end=\"2880\">9. Mises \u00e0 jour de la pr\u00e9sente politique<\/strong><\/h3>\n<p data-start=\"2881\" data-end=\"3018\">Nous nous r\u00e9servons le droit de modifier la pr\u00e9sente politique de confidentialit\u00e9 \u00e0 tout moment. Toute modification sera publi\u00e9e sur cette page avec une mise \u00e0 jour de la \u00ab\u00a0date d&rsquo;entr\u00e9e en vigueur\u00a0\u00bb. <\/p>\n<hr data-start=\"3020\" data-end=\"3023\">\n<h3 data-start=\"3025\" data-end=\"3047\"><strong data-start=\"3029\" data-end=\"3047\">10. Contactez nous<\/strong><\/h3>\n<p data-start=\"3048\" data-end=\"3152\">Si vous avez des questions ou des pr\u00e9occupations concernant la pr\u00e9sente politique de confidentialit\u00e9 ou la mani\u00e8re dont vos donn\u00e9es sont trait\u00e9es, veuillez contacter :<\/p>\n<p data-start=\"3154\" data-end=\"3294\">Zhixin Packaging <br data-start=\"3171\" data-end=\"3174\">Email : <span style=\"color: #000080;\"><strong data-start=\"3181\" data-end=\"3201\">r<a class=\"cursor-pointer\" style=\"color: #000080;\" rel=\"noopener\">ain.xu@<\/a>smartpackbags.com<\/strong><\/span><br data-start=\"3201\" data-end=\"3204\"><span style=\"color: #000000;\">T\u00e9l\u00e9phone : <span style=\"color: #000080;\"><strong>86<\/strong> <b>15728041867<\/b><\/span><\/span><br data-start=\"3228\" data-end=\"3231\">Site web : <span style=\"color: #000080;\"><strong><a class=\"\" style=\"color: #000080;\" href=\"https:\/\/smartpackbags.com\/fr\/\" target=\"_new\" rel=\"noopener\" data-start=\"3240\" data-end=\"3294\">https:\/\/smartpackbags.com<\/a><\/strong><\/span><\/p>\n\n<p> <\/p>\t\t\t\t\t\t\t\t<\/div>\n\t\t\t\t<\/div>\n\t\t\t\t\t<\/div>\n\t\t\t\t<\/div>\n\t\t\t\t<\/div>\n\t\t","protected":false},"excerpt":{"rendered":"<p>Date d&rsquo;entr\u00e9e en vigueur : Zhixin Packaging (\u00ab\u00a0nous\u00a0\u00bb, \u00ab\u00a0notre\u00a0\u00bb ou \u00ab\u00a0nos\u00a0\u00bb) respecte votre vie priv\u00e9e et s&rsquo;engage \u00e0 prot\u00e9ger les informations personnelles que vous partagez avec nous. La pr\u00e9sente politique de confidentialit\u00e9 explique comment nous recueillons, utilisons et prot\u00e9geons vos donn\u00e9es lorsque vous visitez notre site web [smartpackbags.com]. 1. Les informations que nous collectons Nous&hellip;&nbsp;<a href=\"https:\/\/smartpackbags.com\/fr\/politique-de-confidentialite\/\" rel=\"bookmark\"><span class=\"screen-reader-text\">Politique de confidentialit\u00e9<\/span><\/a><\/p>\n","protected":false},"author":1,"featured_media":0,"parent":0,"menu_order":0,"comment_status":"closed","ping_status":"closed","template":"","meta":{"neve_meta_sidebar":"","neve_meta_container":"","neve_meta_enable_content_width":"","neve_meta_content_width":0,"neve_meta_title_alignment":"","neve_meta_author_avatar":"","neve_post_elements_order":"","neve_meta_disable_header":"","neve_meta_disable_footer":"","neve_meta_disable_title":"","footnotes":""},"class_list":["post-3447","page","type-page","status-publish","hentry"],"rttpg_featured_image_url":null,"rttpg_author":{"display_name":"xuxueming69@gmail.com","author_link":"https:\/\/smartpackbags.com\/fr\/author\/xuxueming69gmail-com\/"},"rttpg_comment":0,"rttpg_category":" <a href=\"https:\/\/smartpackbags.com\/fr\/?taxonomy=translation_priority&#038;term=facultatif\" rel=\"tag\">Facultatif<\/a>","rttpg_excerpt":"Date d&rsquo;entr\u00e9e en vigueur : Zhixin Packaging (\u00ab\u00a0nous\u00a0\u00bb, \u00ab\u00a0notre\u00a0\u00bb ou \u00ab\u00a0nos\u00a0\u00bb) respecte votre vie priv\u00e9e et s&rsquo;engage \u00e0 prot\u00e9ger les informations personnelles que vous partagez avec nous. La pr\u00e9sente politique de confidentialit\u00e9 explique comment nous recueillons, utilisons et prot\u00e9geons vos donn\u00e9es lorsque vous visitez notre site web [smartpackbags.com]. 1. Les informations que nous collectons Nous&hellip;&nbsp;Politique\u2026","_links":{"self":[{"href":"https:\/\/smartpackbags.com\/fr\/wp-json\/wp\/v2\/pages\/3447","targetHints":{"allow":["GET"]}}],"collection":[{"href":"https:\/\/smartpackbags.com\/fr\/wp-json\/wp\/v2\/pages"}],"about":[{"href":"https:\/\/smartpackbags.com\/fr\/wp-json\/wp\/v2\/types\/page"}],"author":[{"embeddable":true,"href":"https:\/\/smartpackbags.com\/fr\/wp-json\/wp\/v2\/users\/1"}],"replies":[{"embeddable":true,"href":"https:\/\/smartpackbags.com\/fr\/wp-json\/wp\/v2\/comments?post=3447"}],"version-history":[{"count":1,"href":"https:\/\/smartpackbags.com\/fr\/wp-json\/wp\/v2\/pages\/3447\/revisions"}],"predecessor-version":[{"id":4578,"href":"https:\/\/smartpackbags.com\/fr\/wp-json\/wp\/v2\/pages\/3447\/revisions\/4578"}],"wp:attachment":[{"href":"https:\/\/smartpackbags.com\/fr\/wp-json\/wp\/v2\/media?parent=3447"}],"curies":[{"name":"wp","href":"https:\/\/api.w.org\/{rel}","templated":true}]}}