{"id":3532,"date":"2025-05-22T08:11:05","date_gmt":"2025-05-22T00:11:05","guid":{"rendered":"https:\/\/smartpackbags.com\/contact\/"},"modified":"2026-01-04T08:37:40","modified_gmt":"2026-01-04T00:37:40","slug":"contact","status":"publish","type":"page","link":"https:\/\/smartpackbags.com\/fr\/contact\/","title":{"rendered":"Contact"},"content":{"rendered":"\t\t<div data-elementor-type=\"wp-page\" data-elementor-id=\"3532\" class=\"elementor elementor-3532 elementor-25\">\n\t\t\t\t<div class=\"elementor-element elementor-element-6aa437a e-flex e-con-boxed e-con e-parent\" data-id=\"6aa437a\" data-element_type=\"container\">\n\t\t\t\t\t<div class=\"e-con-inner\">\n\t\t\t\t<div class=\"elementor-element elementor-element-8e4b3a0 elementor-widget elementor-widget-html\" data-id=\"8e4b3a0\" data-element_type=\"widget\" data-widget_type=\"html.default\">\n\t\t\t\t<div class=\"elementor-widget-container\">\n\t\t\t\t\t<h1 class=\"brand-hero-title\">\r\n  <span class=\"brand-main\">Zhixin Packaging<\/span>\r\n  <span class=\"brand-sub\">Contactez-nous<\/span>\r\n<\/h1>\r\n\r\n<style>\r\n.brand-hero-title {\r\n  text-align: center;\r\n  margin: 60px auto 40px;\r\n  line-height: 1.3;\r\n}\r\n.brand-hero-title .brand-main {\r\n  display: block;\r\n  font-size: 3.2rem;\r\n  font-weight: 900;\r\n  color: #2F5AAE;\r\n  letter-spacing: 2px;\r\n  text-transform: uppercase;\r\n  text-shadow: 0px 3px 8px rgba(0,0,0,0.25);\r\n}\r\n.brand-hero-title .brand-sub {\r\n  display: block;\r\n  font-size: 1.3rem;\r\n  font-weight: 500;\r\n  margin-top: 12px;\r\n  color: #4A6FA5;\r\n}\r\n@media (max-width:768px){\r\n  .brand-hero-title .brand-main { font-size: 2.4rem; }\r\n  .brand-hero-title .brand-sub { font-size: 1rem; }\r\n}\r\n<\/style>\r\n\t\t\t\t<\/div>\n\t\t\t\t<\/div>\n\t\t\t\t\t<\/div>\n\t\t\t\t<\/div>\n\t\t<div class=\"elementor-element elementor-element-8f44f53 e-con-full e-flex e-con e-parent\" data-id=\"8f44f53\" data-element_type=\"container\" data-settings=\"{&quot;background_background&quot;:&quot;classic&quot;}\">\n\t\t\t\t<div class=\"elementor-element elementor-element-8101a9a elementor-widget elementor-widget-heading\" data-id=\"8101a9a\" data-element_type=\"widget\" data-widget_type=\"heading.default\">\n\t\t\t\t<div class=\"elementor-widget-container\">\n\t\t\t\t\t<h2 class=\"elementor-heading-title elementor-size-default\">Contactez Zhixin Packaging<\/h2>\t\t\t\t<\/div>\n\t\t\t\t<\/div>\n\t\t\t\t<div class=\"elementor-element elementor-element-048184e elementor-widget elementor-widget-text-editor\" data-id=\"048184e\" data-element_type=\"widget\" data-widget_type=\"text-editor.default\">\n\t\t\t\t<div class=\"elementor-widget-container\">\n\t\t\t\t\t\t\t\t\t<p>Nous sommes l\u00e0 pour r\u00e9pondre \u00e0 vos besoins en mati\u00e8re d&#8217;emballage \u00e0 l&rsquo;\u00e9chelle mondiale.<\/p>\t\t\t\t\t\t\t\t<\/div>\n\t\t\t\t<\/div>\n\t\t\t\t<\/div>\n\t\t<div class=\"elementor-element elementor-element-4ded38c e-con-full e-flex e-con e-parent\" data-id=\"4ded38c\" data-element_type=\"container\">\n\t\t<div class=\"elementor-element elementor-element-6a40628 e-grid e-con-full e-con e-child\" data-id=\"6a40628\" data-element_type=\"container\">\n\t\t\t\t<div class=\"elementor-element elementor-element-8506039 elementor-widget elementor-widget-text-editor\" data-id=\"8506039\" data-element_type=\"widget\" data-widget_type=\"text-editor.default\">\n\t\t\t\t<div class=\"elementor-widget-container\">\n\t\t\t\t\t\t\t\t\t<p>\ud83d\udccd Contactez Zhixin Packaging<\/p><p>Que vous soyez \u00e0 la recherche de solutions d&#8217;emballage personnalis\u00e9es ou que vous ayez besoin d&rsquo;un devis rapide, nous sommes l\u00e0 pour vous aider. Remplissez le formulaire ou contactez-nous directement.<\/p><p>\u2709\ufe0f Courriel : rain.xu@smartpackbags.com<\/p><p>\ud83d\udcde T\u00e9l\u00e9phone : +86-15728041867<\/p><p>\ud83c\udfe2 Adresse :Parcelle B-14, Zone Industrielle Danpu, Ville de Xiaojiang, District de Pingyang, Ville de Wenzhou, Province du Zhejiang, Chine.<\/p>\t\t\t\t\t\t\t\t<\/div>\n\t\t\t\t<\/div>\n\t\t\t\t<div class=\"elementor-element elementor-element-1f8de89 elementor-widget elementor-widget-google_maps\" data-id=\"1f8de89\" data-element_type=\"widget\" data-widget_type=\"google_maps.default\">\n\t\t\t\t<div class=\"elementor-widget-container\">\n\t\t\t\t\t\t\t<div class=\"elementor-custom-embed\">\n\t\t\t<iframe loading=\"lazy\"\n\t\t\t\t\tsrc=\"https:\/\/maps.google.com\/maps?q=Parcelle%20B-14%2C%20Zone%20Industrielle%20Danpu%2C%20Ville%20de%20Xiaojiang%2C%20District%20de%20Pingyang%2C%20Ville%20de%20Wenzhou%2C%20Province%20du%20Zhejiang%2C%20Chine.&#038;t=m&#038;z=15&#038;output=embed&#038;iwloc=near\"\n\t\t\t\t\ttitle=\"Parcelle B-14, Zone Industrielle Danpu, Ville de Xiaojiang, District de Pingyang, Ville de Wenzhou, Province du Zhejiang, Chine.\"\n\t\t\t\t\taria-label=\"Parcelle B-14, Zone Industrielle Danpu, Ville de Xiaojiang, District de Pingyang, Ville de Wenzhou, Province du Zhejiang, Chine.\"\n\t\t\t><\/iframe>\n\t\t<\/div>\n\t\t\t\t\t\t<\/div>\n\t\t\t\t<\/div>\n\t\t\t\t<\/div>\n\t\t<div class=\"elementor-element elementor-element-1b1c827 e-con-full e-flex e-con e-child\" data-id=\"1b1c827\" data-element_type=\"container\">\n\t\t\t\t<div class=\"elementor-element elementor-element-c01e76b elementor-widget elementor-widget-shortcode\" data-id=\"c01e76b\" data-element_type=\"widget\" data-widget_type=\"shortcode.default\">\n\t\t\t\t<div class=\"elementor-widget-container\">\n\t\t\t\t\t\t\t<div class=\"elementor-shortcode\">\n<div class=\"wpcf7 no-js\" id=\"wpcf7-f3332-o1\" lang=\"fr-FR\" dir=\"ltr\" data-wpcf7-id=\"3332\">\n<div class=\"screen-reader-response\"><p role=\"status\" aria-live=\"polite\" aria-atomic=\"true\"><\/p> <ul><\/ul><\/div>\n<form action=\"\/fr\/wp-json\/wp\/v2\/pages\/3532#wpcf7-f3332-o1\" method=\"post\" class=\"wpcf7-form init\" aria-label=\"Formulaire de contact\" novalidate=\"novalidate\" data-status=\"init\">\n<div style=\"display: none;\">\n<input type=\"hidden\" name=\"_wpcf7\" value=\"3332\" \/>\n<input type=\"hidden\" name=\"_wpcf7_version\" value=\"6.0.6\" \/>\n<input type=\"hidden\" name=\"_wpcf7_locale\" value=\"fr_FR\" \/>\n<input type=\"hidden\" name=\"_wpcf7_unit_tag\" value=\"wpcf7-f3332-o1\" \/>\n<input type=\"hidden\" name=\"_wpcf7_container_post\" value=\"0\" \/>\n<input type=\"hidden\" name=\"_wpcf7_posted_data_hash\" value=\"\" \/>\n<\/div>\n<p>Nom :<br \/>\n<span class=\"wpcf7-form-control-wrap\" data-name=\"yourname\"><input size=\"40\" maxlength=\"400\" class=\"wpcf7-form-control wpcf7-text wpcf7-validates-as-required\" aria-required=\"true\" aria-invalid=\"false\" placeholder=\"Saisissez votre nom ici\" value=\"\" type=\"text\" name=\"yourname\" \/><\/span>\n<\/p>\n<p>Pays :<br \/>\n<span class=\"wpcf7-form-control-wrap\" data-name=\"country\"><input size=\"40\" maxlength=\"400\" class=\"wpcf7-form-control wpcf7-text wpcf7-validates-as-required\" aria-required=\"true\" aria-invalid=\"false\" placeholder=\"Entrez votre pays ici\" value=\"\" type=\"text\" name=\"country\" \/><\/span>\n<\/p>\n<p>Courriel :<br \/>\n<span class=\"wpcf7-form-control-wrap\" data-name=\"email\"><input size=\"40\" maxlength=\"400\" class=\"wpcf7-form-control wpcf7-email wpcf7-validates-as-required wpcf7-text wpcf7-validates-as-email\" aria-required=\"true\" aria-invalid=\"false\" placeholder=\"Saisissez votre courriel ici\" value=\"\" type=\"email\" name=\"email\" \/><\/span>\n<\/p>\n<p>T\u00e9l\u00e9phone :<br \/>\n<span class=\"wpcf7-form-control-wrap\" data-name=\"phone\"><input size=\"40\" maxlength=\"400\" class=\"wpcf7-form-control wpcf7-tel wpcf7-validates-as-required wpcf7-text wpcf7-validates-as-tel\" aria-required=\"true\" aria-invalid=\"false\" placeholder=\"Entrez votre t\u00e9l\u00e9phone ici\" value=\"\" type=\"tel\" name=\"phone\" \/><\/span>\n<\/p>\n<p>Entreprise :<br \/>\n<span class=\"wpcf7-form-control-wrap\" data-name=\"company\"><input size=\"40\" maxlength=\"400\" class=\"wpcf7-form-control wpcf7-text wpcf7-validates-as-required\" aria-required=\"true\" aria-invalid=\"false\" placeholder=\"Saisissez votre entreprise ici\" value=\"\" type=\"text\" name=\"company\" \/><\/span>\n<\/p>\n<p>Message :<br \/>\n<span class=\"wpcf7-form-control-wrap\" data-name=\"Message\"><textarea cols=\"40\" rows=\"10\" maxlength=\"2000\" class=\"wpcf7-form-control wpcf7-textarea\" aria-invalid=\"false\" placeholder=\"Saisissez votre message ici\" name=\"Message\"><\/textarea><\/span>\n<\/p>\n<p><input class=\"wpcf7-form-control wpcf7-submit has-spinner\" type=\"submit\" value=\"Envoyer\" \/>\n<\/p><input type='hidden' class='wpcf7-pum' value='{\"closepopup\":false,\"closedelay\":0,\"openpopup\":false,\"openpopup_id\":0}' \/><div class=\"wpcf7-response-output\" aria-hidden=\"true\"><\/div>\n<\/form>\n<\/div>\n<\/div>\n\t\t\t\t\t\t<\/div>\n\t\t\t\t<\/div>\n\t\t\t\t<\/div>\n\t\t\t\t<\/div>\n\t\t<div class=\"elementor-element elementor-element-7a94595 e-flex e-con-boxed e-con e-parent\" data-id=\"7a94595\" data-element_type=\"container\">\n\t\t\t\t\t<div class=\"e-con-inner\">\n\t\t\t\t<div class=\"elementor-element elementor-element-80c150e elementor-widget elementor-widget-html\" data-id=\"80c150e\" data-element_type=\"widget\" data-widget_type=\"html.default\">\n\t\t\t\t<div class=\"elementor-widget-container\">\n\t\t\t\t\t<a href=\"https:\/\/wa.me\/8615728041867\" class=\"whatsapp-float\" target=\"_blank\" rel=\"noopener\"><img decoding=\"async\" src=\"https:\/\/upload.wikimedia.org\/wikipedia\/commons\/6\/6b\/WhatsApp.svg\" alt=\"WhatsApp\"><\/a><style>.whatsapp-float {\r\n  position: fixed;\r\n  bottom: 20px;\r\n  right: 20px;\r\n  width: 50px;\r\n  height: 50px;\r\n  background: #25D366;\r\n  border-radius: 50%;\r\n  display: flex;\r\n  align-items: center;\r\n  justify-content: center;\r\n  box-shadow: 0 2px 10px rgba(0,0,0,0.2);\r\n  z-index: 999;\r\n}\r\n.whatsapp-float img {\r\n  width: 30px;\r\n  height: 30px;\r\n}\r\n<\/style>\t\t\t\t<\/div>\n\t\t\t\t<\/div>\n\t\t\t\t\t<\/div>\n\t\t\t\t<\/div>\n\t\t<div class=\"elementor-element elementor-element-b929eb4 e-flex e-con-boxed e-con e-parent\" data-id=\"b929eb4\" data-element_type=\"container\">\n\t\t\t\t\t<div class=\"e-con-inner\">\n\t\t<div class=\"elementor-element elementor-element-c6c8f81 e-con-full e-flex e-con e-child\" data-id=\"c6c8f81\" data-element_type=\"container\">\n\t\t\t\t<div class=\"elementor-element elementor-element-ef64347 elementor-widget elementor-widget-html\" data-id=\"ef64347\" data-element_type=\"widget\" data-widget_type=\"html.default\">\n\t\t\t\t<div class=\"elementor-widget-container\">\n\t\t\t\t\t<a href=\"mailto:rain.xu@smartpackbags.com\" class=\"email-float\" target=\"_blank\" title=\"\u53d1\u9001\u90ae\u4ef6\"><img decoding=\"async\" src=\"https:\/\/cdn-icons-png.flaticon.com\/512\/732\/732200.png\" alt=\"Email Icon\"><\/a><style>.email-float {\r\n  position: fixed;\r\n  bottom: 20px;\r\n  left: 20px;\r\n  width: 56px;\r\n  height: 56px;\r\n  background: #EA4335; \/* Gmail\u98ce\u683c\u7ea2\u8272 *\/\r\n  border-radius: 50%;\r\n  display: flex;\r\n  align-items: center;\r\n  justify-content: center;\r\n  box-shadow: 0 2px 10px rgba(0,0,0,0.2);\r\n  z-index: 999;\r\n  transition: all 0.3s ease;\r\n}\r\n.email-float:hover {\r\n  background: #D33426; \/* \u60ac\u505c\u6df1\u7ea2\u8272 *\/\r\n  transform: scale(1.05);\r\n}\r\n.email-float img {\r\n  width: 28px;\r\n  height: 28px;\r\n  filter: brightness(0) invert(1); \/* \u56fe\u6807\u53d8\u767d\u8272 *\/\r\n}\r\n\r\n\/* \u624b\u673a\u7aef\u9002\u914d *\/\r\n@media (max-width: 768px) {\r\n  .email-float {\r\n    width: 48px;\r\n    height: 48px;\r\n    bottom: 15px;\r\n    left: 15px;\r\n  }\r\n  .email-float img {\r\n    width: 24px;\r\n    height: 24px;\r\n  }\r\n}\r\n<\/style>\t\t\t\t<\/div>\n\t\t\t\t<\/div>\n\t\t\t\t<\/div>\n\t\t\t\t\t<\/div>\n\t\t\t\t<\/div>\n\t\t<div class=\"elementor-element elementor-element-9558882 e-flex e-con-boxed e-con e-parent\" data-id=\"9558882\" data-element_type=\"container\">\n\t\t\t\t\t<div class=\"e-con-inner\">\n\t\t\t\t<div class=\"elementor-element elementor-element-2310ab6 elementor-widget elementor-widget-html\" data-id=\"2310ab6\" data-element_type=\"widget\" data-widget_type=\"html.default\">\n\t\t\t\t<div class=\"elementor-widget-container\">\n\t\t\t\t\t<script type=\"application\/ld+json\">{\r\n  \"@context\": \"https:\/\/schema.org\",\r\n  \"@type\": \"ContactPage\",\r\n  \"name\": \"Contact Us\",\r\n  \"url\": \"https:\/\/smartpackbags.com\/contact-us\",\r\n  \"description\": \"Contact Zhixin Packaging for custom industrial packaging solutions. Reach us via email, phone, WhatsApp, or visit our office and factory in Wenzhou, China.\",\r\n  \"mainEntity\": {\r\n    \"@type\": \"Organization\",\r\n    \"name\": \"Zhixin Packaging\",\r\n    \"alternateName\": \"\u667a\u65b0\u5305\u88c5\",\r\n    \"url\": \"https:\/\/smartpackbags.com\",\r\n    \"logo\": \"https:\/\/smartpackbags.com\/wp-content\/uploads\/2025\/06\/Zhixin-Packaging-logo.png\",\r\n    \"email\": \"rain.xu@smartpackbags.com\",\r\n    \"contactPoint\": [\r\n      {\r\n        \"@type\": \"ContactPoint\",\r\n        \"telephone\": \"+86-15728041867\",\r\n        \"contactType\": \"customer service\",\r\n        \"email\": \"rain.xu@smartpackbags.com\",\r\n        \"availableLanguage\": [\"English\", \"Chinese\"],\r\n        \"areaServed\": \"Worldwide\"\r\n      },\r\n      {\r\n        \"@type\": \"ContactPoint\",\r\n        \"contactType\": \"WhatsApp\",\r\n        \"telephone\": \"+86-15728041867\",\r\n        \"availableLanguage\": [\"English\", \"Chinese\"]\r\n      }\r\n    ],\r\n    \"address\": [\r\n      {\r\n        \"@type\": \"PostalAddress\",\r\n        \"streetAddress\": \"Room 201, 2nd Floor, No. 428, Fengye Road, Fengmen Street, Lucheng District\",\r\n        \"addressLocality\": \"Wenzhou City\",\r\n        \"addressRegion\": \"Zhejiang Province\",\r\n        \"addressCountry\": \"CN\",\r\n        \"name\": \"Office\"\r\n      },\r\n      {\r\n        \"@type\": \"PostalAddress\",\r\n        \"streetAddress\": \"Danpu Industrial Zone, Xiaojiang Town, Pingyang County\",\r\n        \"addressLocality\": \"Wenzhou City\",\r\n        \"addressRegion\": \"Zhejiang Province\",\r\n        \"addressCountry\": \"CN\",\r\n        \"name\": \"Factory\"\r\n      }\r\n    ]\r\n  }\r\n}\r\n<\/script>\t\t\t\t<\/div>\n\t\t\t\t<\/div>\n\t\t\t\t\t<\/div>\n\t\t\t\t<\/div>\n\t\t\t\t<\/div>\n\t\t","protected":false},"excerpt":{"rendered":"<p>Zhixin Packaging Contactez-nous Contactez Zhixin Packaging Nous sommes l\u00e0 pour r\u00e9pondre \u00e0 vos besoins en mati\u00e8re d&#8217;emballage \u00e0 l&rsquo;\u00e9chelle mondiale. \ud83d\udccd Contactez Zhixin Packaging Que vous soyez \u00e0 la recherche de solutions d&#8217;emballage personnalis\u00e9es ou que vous ayez besoin d&rsquo;un devis rapide, nous sommes l\u00e0 pour vous aider. Remplissez le formulaire ou contactez-nous directement. \u2709\ufe0f&hellip;&nbsp;<a href=\"https:\/\/smartpackbags.com\/fr\/contact\/\" rel=\"bookmark\"><span class=\"screen-reader-text\">Contact<\/span><\/a><\/p>\n","protected":false},"author":1,"featured_media":0,"parent":0,"menu_order":0,"comment_status":"closed","ping_status":"closed","template":"","meta":{"neve_meta_sidebar":"","neve_meta_container":"","neve_meta_enable_content_width":"","neve_meta_content_width":0,"neve_meta_title_alignment":"","neve_meta_author_avatar":"","neve_post_elements_order":"","neve_meta_disable_header":"","neve_meta_disable_footer":"","neve_meta_disable_title":"on","footnotes":""},"class_list":["post-3532","page","type-page","status-publish","hentry"],"rttpg_featured_image_url":null,"rttpg_author":{"display_name":"xuxueming69@gmail.com","author_link":"https:\/\/smartpackbags.com\/fr\/author\/xuxueming69gmail-com\/"},"rttpg_comment":0,"rttpg_category":" <a href=\"https:\/\/smartpackbags.com\/fr\/?taxonomy=translation_priority&#038;term=facultatif\" rel=\"tag\">Facultatif<\/a>","rttpg_excerpt":"Zhixin Packaging Contactez-nous Contactez Zhixin Packaging Nous sommes l\u00e0 pour r\u00e9pondre \u00e0 vos besoins en mati\u00e8re d&#8217;emballage \u00e0 l&rsquo;\u00e9chelle mondiale. \ud83d\udccd Contactez Zhixin Packaging Que vous soyez \u00e0 la recherche de solutions d&#8217;emballage personnalis\u00e9es ou que vous ayez besoin d&rsquo;un devis rapide, nous sommes l\u00e0 pour vous aider. Remplissez le formulaire ou contactez-nous directement. \u2709\ufe0f&hellip;&nbsp;Contact","_links":{"self":[{"href":"https:\/\/smartpackbags.com\/fr\/wp-json\/wp\/v2\/pages\/3532","targetHints":{"allow":["GET"]}}],"collection":[{"href":"https:\/\/smartpackbags.com\/fr\/wp-json\/wp\/v2\/pages"}],"about":[{"href":"https:\/\/smartpackbags.com\/fr\/wp-json\/wp\/v2\/types\/page"}],"author":[{"embeddable":true,"href":"https:\/\/smartpackbags.com\/fr\/wp-json\/wp\/v2\/users\/1"}],"replies":[{"embeddable":true,"href":"https:\/\/smartpackbags.com\/fr\/wp-json\/wp\/v2\/comments?post=3532"}],"version-history":[{"count":13,"href":"https:\/\/smartpackbags.com\/fr\/wp-json\/wp\/v2\/pages\/3532\/revisions"}],"predecessor-version":[{"id":6613,"href":"https:\/\/smartpackbags.com\/fr\/wp-json\/wp\/v2\/pages\/3532\/revisions\/6613"}],"wp:attachment":[{"href":"https:\/\/smartpackbags.com\/fr\/wp-json\/wp\/v2\/media?parent=3532"}],"curies":[{"name":"wp","href":"https:\/\/api.w.org\/{rel}","templated":true}]}}