{"id":3690,"date":"2025-05-25T01:57:06","date_gmt":"2025-05-24T17:57:06","guid":{"rendered":"https:\/\/smartpackbags.com\/produits\/sacs-tisses\/"},"modified":"2025-09-20T08:11:16","modified_gmt":"2025-09-20T00:11:16","slug":"sacs-tisses","status":"publish","type":"page","link":"https:\/\/smartpackbags.com\/fr\/produits\/sacs-tisses\/","title":{"rendered":"Sacs tiss\u00e9s"},"content":{"rendered":"\t\t<div data-elementor-type=\"wp-page\" data-elementor-id=\"3690\" class=\"elementor elementor-3690 elementor-298\">\n\t\t\t\t<div class=\"elementor-element elementor-element-a1ff00d e-flex e-con-boxed e-con e-parent\" data-id=\"a1ff00d\" data-element_type=\"container\">\n\t\t\t\t\t<div class=\"e-con-inner\">\n\t\t\t\t<div class=\"elementor-element elementor-element-7aaf14c elementor-widget elementor-widget-html\" data-id=\"7aaf14c\" data-element_type=\"widget\" data-widget_type=\"html.default\">\n\t\t\t\t<div class=\"elementor-widget-container\">\n\t\t\t\t\t<h1 class=\"brand-hero-title\">\r\n  <span class=\"brand-main\">Zhixin Packaging<\/span>\r\n  <span class=\"brand-sub\">Sacs tiss\u00e9s durables et polyvalents<\/span>\r\n<\/h1>\r\n\r\n<style>\r\n.brand-hero-title {\r\n  text-align: center;\r\n  margin: 60px auto 40px;\r\n  line-height: 1.3;\r\n}\r\n.brand-hero-title .brand-main {\r\n  display: block;\r\n  font-size: 3.2rem;\r\n  font-weight: 900;\r\n  color: #2F5AAE;\r\n  letter-spacing: 2px;\r\n  text-transform: uppercase;\r\n  text-shadow: 0px 3px 8px rgba(0,0,0,0.25);\r\n}\r\n.brand-hero-title .brand-sub {\r\n  display: block;\r\n  font-size: 1.3rem;\r\n  font-weight: 500;\r\n  margin-top: 12px;\r\n  color: #4A6FA5;\r\n}\r\n@media (max-width:768px){\r\n  .brand-hero-title .brand-main { font-size: 2.4rem; }\r\n  .brand-hero-title .brand-sub { font-size: 1rem; }\r\n}\r\n<\/style>\r\n\t\t\t\t<\/div>\n\t\t\t\t<\/div>\n\t\t\t\t\t<\/div>\n\t\t\t\t<\/div>\n\t\t<div class=\"elementor-element elementor-element-693d794 e-con-full e-flex e-con e-parent\" data-id=\"693d794\" data-element_type=\"container\">\n\t\t\t\t<div class=\"elementor-element elementor-element-fac7cca elementor-widget elementor-widget-text-editor\" data-id=\"fac7cca\" data-element_type=\"widget\" data-widget_type=\"text-editor.default\">\n\t\t\t\t<div class=\"elementor-widget-container\">\n\t\t\t\t\t\t\t\t\t<p>Les sacs tiss\u00e9s sont des sacs d&#8217;emballage en plastique fabriqu\u00e9s en polypropyl\u00e8ne (PP) par \u00e9tirage, tissage, couture ou collage. Les types les plus courants sont les sacs tiss\u00e9s ordinaires, les sacs tiss\u00e9s imprim\u00e9s en couleur, les sacs tiss\u00e9s \u00e0 fond carr\u00e9 et les sacs tiss\u00e9s \u00e0 valve. <\/p>\t\t\t\t\t\t\t\t<\/div>\n\t\t\t\t<\/div>\n\t\t\t\t<\/div>\n\t\t<div class=\"elementor-element elementor-element-2ed39cf e-grid e-con-full e-con e-parent\" data-id=\"2ed39cf\" data-element_type=\"container\">\n\t\t\t\t<div class=\"elementor-element elementor-element-8d727e7 elementor-widget elementor-widget-image\" data-id=\"8d727e7\" data-element_type=\"widget\" data-widget_type=\"image.default\">\n\t\t\t\t<div class=\"elementor-widget-container\">\n\t\t\t\t\t\t\t\t\t\t\t\t<figure class=\"wp-caption\">\n\t\t\t\t\t\t\t\t\t\t<img fetchpriority=\"high\" decoding=\"async\" width=\"304\" height=\"512\" src=\"https:\/\/smartpackbags.com\/wp-content\/uploads\/2025\/05\/\u56fe\u72471-1.png\" class=\"attachment-large size-large wp-image-2681\" alt=\"25kg PP woven bag for calcium chloride, printed with handling icons\" srcset=\"https:\/\/smartpackbags.com\/wp-content\/uploads\/2025\/05\/\u56fe\u72471-1.png 304w, https:\/\/smartpackbags.com\/wp-content\/uploads\/2025\/05\/\u56fe\u72471-1-178x300.png 178w\" sizes=\"(max-width: 304px) 100vw, 304px\" \/>\t\t\t\t\t\t\t\t\t\t\t<figcaption class=\"widget-image-caption wp-caption-text\">Sacs tiss\u00e9s en PP<\/figcaption>\n\t\t\t\t\t\t\t\t\t\t<\/figure>\n\t\t\t\t\t\t\t\t\t<\/div>\n\t\t\t\t<\/div>\n\t\t\t\t<div class=\"elementor-element elementor-element-9a65fe3 elementor-widget elementor-widget-image\" data-id=\"9a65fe3\" data-element_type=\"widget\" data-widget_type=\"image.default\">\n\t\t\t\t<div class=\"elementor-widget-container\">\n\t\t\t\t\t\t\t\t\t\t\t\t<figure class=\"wp-caption\">\n\t\t\t\t\t\t\t\t\t\t\t<a href=\"https:\/\/smartpackbags.com\/fr\/revolution-de-lemballage-industriel-pourquoi-le-sac-tisse-en-pp-avec-pelliculage-interieur-en-pe-devient-il-essentiel-a-lere-des-machines-demballage-entierement-automatiques\/\">\n\t\t\t\t\t\t\t<img decoding=\"async\" width=\"263\" height=\"487\" src=\"https:\/\/smartpackbags.com\/wp-content\/uploads\/2025\/05\/\u56fe\u72472.png\" class=\"attachment-large size-large wp-image-2687\" alt=\"PP woven fertilizer bag with inner PE lamination, green organic design\" srcset=\"https:\/\/smartpackbags.com\/wp-content\/uploads\/2025\/05\/\u56fe\u72472.png 263w, https:\/\/smartpackbags.com\/wp-content\/uploads\/2025\/05\/\u56fe\u72472-162x300.png 162w\" sizes=\"(max-width: 263px) 100vw, 263px\" \/>\t\t\t\t\t\t\t\t<\/a>\n\t\t\t\t\t\t\t\t\t\t\t<figcaption class=\"widget-image-caption wp-caption-text\">Sac tiss\u00e9 en PP avec lamination int\u00e9rieure en PE<\/figcaption>\n\t\t\t\t\t\t\t\t\t\t<\/figure>\n\t\t\t\t\t\t\t\t\t<\/div>\n\t\t\t\t<\/div>\n\t\t\t\t<div class=\"elementor-element elementor-element-9ce426d elementor-widget elementor-widget-image\" data-id=\"9ce426d\" data-element_type=\"widget\" data-widget_type=\"image.default\">\n\t\t\t\t<div class=\"elementor-widget-container\">\n\t\t\t\t\t\t\t\t\t\t\t\t<figure class=\"wp-caption\">\n\t\t\t\t\t\t\t\t\t\t<img decoding=\"async\" width=\"303\" height=\"504\" src=\"https:\/\/smartpackbags.com\/wp-content\/uploads\/2025\/05\/\u56fe\u72476.png\" class=\"attachment-large size-large wp-image-2705\" alt=\"25kg flour PP woven bag with inner PE liner, moisture-proof design\" srcset=\"https:\/\/smartpackbags.com\/wp-content\/uploads\/2025\/05\/\u56fe\u72476.png 303w, https:\/\/smartpackbags.com\/wp-content\/uploads\/2025\/05\/\u56fe\u72476-180x300.png 180w\" sizes=\"(max-width: 303px) 100vw, 303px\" \/>\t\t\t\t\t\t\t\t\t\t\t<figcaption class=\"widget-image-caption wp-caption-text\">Sac tiss\u00e9 en PP avec doublure en PE<\/figcaption>\n\t\t\t\t\t\t\t\t\t\t<\/figure>\n\t\t\t\t\t\t\t\t\t<\/div>\n\t\t\t\t<\/div>\n\t\t\t\t<div class=\"elementor-element elementor-element-1b26533 elementor-widget elementor-widget-image\" data-id=\"1b26533\" data-element_type=\"widget\" data-widget_type=\"image.default\">\n\t\t\t\t<div class=\"elementor-widget-container\">\n\t\t\t\t\t\t\t\t\t\t\t\t<figure class=\"wp-caption\">\n\t\t\t\t\t\t\t\t\t\t<img loading=\"lazy\" decoding=\"async\" width=\"255\" height=\"432\" src=\"https:\/\/smartpackbags.com\/wp-content\/uploads\/2025\/05\/\u56fe\u72474.png\" class=\"attachment-large size-large wp-image-2693\" alt=\"BOPP laminated feed bag for sheep, full-color printing\" srcset=\"https:\/\/smartpackbags.com\/wp-content\/uploads\/2025\/05\/\u56fe\u72474.png 255w, https:\/\/smartpackbags.com\/wp-content\/uploads\/2025\/05\/\u56fe\u72474-177x300.png 177w\" sizes=\"(max-width: 255px) 100vw, 255px\" \/>\t\t\t\t\t\t\t\t\t\t\t<figcaption class=\"widget-image-caption wp-caption-text\">Sac tiss\u00e9 en BOPP<\/figcaption>\n\t\t\t\t\t\t\t\t\t\t<\/figure>\n\t\t\t\t\t\t\t\t\t<\/div>\n\t\t\t\t<\/div>\n\t\t\t\t<div class=\"elementor-element elementor-element-5f0c4a8 elementor-widget elementor-widget-image\" data-id=\"5f0c4a8\" data-element_type=\"widget\" data-widget_type=\"image.default\">\n\t\t\t\t<div class=\"elementor-widget-container\">\n\t\t\t\t\t\t\t\t\t\t\t\t<figure class=\"wp-caption\">\n\t\t\t\t\t\t\t\t\t\t\t<a href=\"https:\/\/smartpackbags.com\/fr\/pourquoi-les-sacs-tisses-a-fond-plat-en-bopp-redefinissent-lemballage-en-vrac\/\">\n\t\t\t\t\t\t\t<img loading=\"lazy\" decoding=\"async\" width=\"692\" height=\"1024\" src=\"https:\/\/smartpackbags.com\/wp-content\/uploads\/2025\/06\/\u672a\u547d\u540d\u9879\u76ee1-692x1024.png\" class=\"attachment-large size-large wp-image-2879\" alt=\"Square bottom PP woven bag for chemical packaging, POLYAMIX branding\" srcset=\"https:\/\/smartpackbags.com\/wp-content\/uploads\/2025\/06\/\u672a\u547d\u540d\u9879\u76ee1-692x1024.png 692w, https:\/\/smartpackbags.com\/wp-content\/uploads\/2025\/06\/\u672a\u547d\u540d\u9879\u76ee1-203x300.png 203w, https:\/\/smartpackbags.com\/wp-content\/uploads\/2025\/06\/\u672a\u547d\u540d\u9879\u76ee1-768x1136.png 768w, https:\/\/smartpackbags.com\/wp-content\/uploads\/2025\/06\/\u672a\u547d\u540d\u9879\u76ee1.png 802w\" sizes=\"(max-width: 692px) 100vw, 692px\" \/>\t\t\t\t\t\t\t\t<\/a>\n\t\t\t\t\t\t\t\t\t\t\t<figcaption class=\"widget-image-caption wp-caption-text\">Sac tiss\u00e9 \u00e0 fond carr\u00e9<\/figcaption>\n\t\t\t\t\t\t\t\t\t\t<\/figure>\n\t\t\t\t\t\t\t\t\t<\/div>\n\t\t\t\t<\/div>\n\t\t\t\t<div class=\"elementor-element elementor-element-eab936c elementor-widget elementor-widget-image\" data-id=\"eab936c\" data-element_type=\"widget\" data-widget_type=\"image.default\">\n\t\t\t\t<div class=\"elementor-widget-container\">\n\t\t\t\t\t\t\t\t\t\t\t\t<figure class=\"wp-caption\">\n\t\t\t\t\t\t\t\t\t\t<img loading=\"lazy\" decoding=\"async\" width=\"297\" height=\"472\" src=\"https:\/\/smartpackbags.com\/wp-content\/uploads\/2025\/07\/\u7f16\u7ec7\u9600\u53e3\u888b.png\" class=\"attachment-large size-large wp-image-4735\" alt=\"Plastic Woven Valve Sack\" srcset=\"https:\/\/smartpackbags.com\/wp-content\/uploads\/2025\/07\/\u7f16\u7ec7\u9600\u53e3\u888b.png 297w, https:\/\/smartpackbags.com\/wp-content\/uploads\/2025\/07\/\u7f16\u7ec7\u9600\u53e3\u888b-189x300.png 189w\" sizes=\"(max-width: 297px) 100vw, 297px\" \/>\t\t\t\t\t\t\t\t\t\t\t<figcaption class=\"widget-image-caption wp-caption-text\">Sac \u00e0 valve en plastique tiss\u00e9<\/figcaption>\n\t\t\t\t\t\t\t\t\t\t<\/figure>\n\t\t\t\t\t\t\t\t\t<\/div>\n\t\t\t\t<\/div>\n\t\t\t\t<\/div>\n\t\t<div class=\"elementor-element elementor-element-b14d23c e-flex e-con-boxed e-con e-parent\" data-id=\"b14d23c\" data-element_type=\"container\">\n\t\t\t\t\t<div class=\"e-con-inner\">\n\t\t\t\t<div class=\"elementor-element elementor-element-7700c67 elementor-widget elementor-widget-text-editor\" data-id=\"7700c67\" data-element_type=\"widget\" data-widget_type=\"text-editor.default\">\n\t\t\t\t<div class=\"elementor-widget-container\">\n\t\t\t\t\t\t\t\t\t<p style=\"text-align: center;\">Nous acceptons les commandes sur la base d&rsquo;\u00e9chantillons de clients, y compris votre conception, vos sp\u00e9cifications et vos exigences en mati\u00e8re d&#8217;emballage.<\/p>\t\t\t\t\t\t\t\t<\/div>\n\t\t\t\t<\/div>\n\t\t\t\t\t<\/div>\n\t\t\t\t<\/div>\n\t\t<div class=\"elementor-element elementor-element-20549c8 e-flex e-con-boxed e-con e-parent\" data-id=\"20549c8\" data-element_type=\"container\">\n\t\t\t\t\t<div class=\"e-con-inner\">\n\t\t\t\t<div class=\"elementor-element elementor-element-8ebd206 elementor-widget elementor-widget-html\" data-id=\"8ebd206\" data-element_type=\"widget\" data-widget_type=\"html.default\">\n\t\t\t\t<div class=\"elementor-widget-container\">\n\t\t\t\t\t<a href=\"#\" class=\"popmake-3337 get-a-quote-btn\">Obtenir un devis<\/a>\t\t\t\t<\/div>\n\t\t\t\t<\/div>\n\t\t\t\t\t<\/div>\n\t\t\t\t<\/div>\n\t\t<div class=\"elementor-element elementor-element-3439ea8 e-flex e-con-boxed e-con e-parent\" data-id=\"3439ea8\" data-element_type=\"container\">\n\t\t\t\t\t<div class=\"e-con-inner\">\n\t\t\t\t<div class=\"elementor-element elementor-element-a9fdaca elementor-widget elementor-widget-html\" data-id=\"a9fdaca\" data-element_type=\"widget\" data-widget_type=\"html.default\">\n\t\t\t\t<div class=\"elementor-widget-container\">\n\t\t\t\t\t<style>\r\n  .spec-wrapper {\r\n    width: 100%;\r\n    display: flex;\r\n    justify-content: center;\r\n    padding: 40px 20px;\r\n    box-sizing: border-box;\r\n    background: #fff;\r\n  }\r\n\r\n  .spec-container {\r\n    max-width: 860px;\r\n    width: 100%;\r\n    font-family: \"Segoe UI\", \"Helvetica Neue\", Helvetica, Arial, sans-serif;\r\n    color: #333;\r\n  }\r\n\r\n  .spec-title {\r\n    text-align: center;\r\n    font-size: 24px;\r\n    font-weight: 600;\r\n    border-bottom: 2px solid #2F5AAE;\r\n    padding-bottom: 8px;\r\n    margin-bottom: 24px;\r\n  }\r\n\r\n  .spec-grid {\r\n    display: grid;\r\n    grid-template-columns: 1fr 1fr;\r\n    gap: 16px;\r\n  }\r\n\r\n  .spec-item {\r\n    background: #f7f9fc;\r\n    border-left: 3px solid #2F5AAE;\r\n    padding: 12px 16px;\r\n    border-radius: 4px;\r\n  }\r\n\r\n  .spec-item h4 {\r\n    font-size: 17px;\r\n    font-weight: 600;\r\n    margin: 0 0 6px;\r\n    color: #2F5AAE;\r\n  }\r\n\r\n  .spec-item p {\r\n    font-size: 15px;\r\n    margin: 0;\r\n    line-height: 1.6;\r\n    color: #444;\r\n  }\r\n\r\n  .extra-section {\r\n    background: #f1f4f9;\r\n    border-left: 3px solid #2F5AAE;\r\n    padding: 16px;\r\n    border-radius: 4px;\r\n    margin-top: 32px;\r\n  }\r\n\r\n  .extra-section h4 {\r\n    font-size: 17px;\r\n    font-weight: 600;\r\n    margin-bottom: 8px;\r\n    color: #2F5AAE;\r\n  }\r\n\r\n  .extra-section ul {\r\n    margin: 0;\r\n    padding-left: 18px;\r\n  }\r\n\r\n  .extra-section ul li {\r\n    font-size: 15px;\r\n    line-height: 1.6;\r\n    color: #444;\r\n    margin-bottom: 4px;\r\n  }\r\n\r\n  @media (max-width: 768px) {\r\n    .spec-grid {\r\n      grid-template-columns: 1fr;\r\n    }\r\n  }\r\n<\/style>\r\n\r\n<div class=\"spec-wrapper\">\r\n  <div class=\"spec-container\">\r\n    <div class=\"spec-title\">Sp\u00e9cifications des sacs tiss\u00e9s<\/div>\r\n    <div class=\"spec-grid\">\r\n      <div class=\"spec-item\">\r\n        <h4>Taille<\/h4>\r\n        <p>Personnalisable<br>Commun : 50\u00d780 \/ 55\u00d795 \/ 60\u00d7100 cm<br>Tol\u00e9rance : \u00b11\u20132 cm<\/p>\r\n      <\/div>\r\n      <div class=\"spec-item\">\r\n        <h4>Poids du mat\u00e9riau (GSM)<\/h4>\r\n        <p>55\u2013180 GSM<br>Choisi selon le poids du produit et la durabilit\u00e9 requise<\/p>\r\n      <\/div>\r\n      <div class=\"spec-item\">\r\n        <h4>Couleur<\/h4>\r\n        <p>Blanc, beige, vert, bleu ou personnalis\u00e9e<br>Rayures en option<\/p>\r\n      <\/div>\r\n      <div class=\"spec-item\">\r\n        <h4>Lamination<\/h4>\r\n        <p>Non lamin\u00e9 (respirant)<br>Lamin\u00e9 (r\u00e9sistant \u00e0 l'humidit\u00e9)<br>Finition brillante ou mate<\/p>\r\n      <\/div>\r\n      <div class=\"spec-item\">\r\n        <h4>Impression<\/h4>\r\n        <p>Flexographie ou h\u00e9liogravure<br>Jusqu'\u00e0 9 couleurs<br>Logo\/conception personnalis\u00e9e sur un ou deux c\u00f4t\u00e9s<\/p>\r\n      <\/div>\r\n      <div class=\"spec-item\">\r\n        <h4>Fonctionnalit\u00e9s suppl\u00e9mentaires<\/h4>\r\n        <p>Doublure PE, protection UV, antid\u00e9rapant<br>Soufflets, cordon de serrage, poign\u00e9es, bande d\u2019arrachage<\/p>\r\n      <\/div>\r\n      <div class=\"spec-item\">\r\n        <h4>Options haut \/ bas<\/h4>\r\n        <p>Haut ourl\u00e9, coup\u00e9 \u00e0 chaud ou en zigzag<br>Fond cousu ou pli\u00e9, avec ou sans doublure<\/p>\r\n      <\/div>\r\n      <div class=\"spec-item\">\r\n        <h4>Capacit\u00e9 de charge<\/h4>\r\n        <p>De 5 kg \u00e0 50 kg selon le GSM et la taille<\/p>\r\n      <\/div>\r\n      <div class=\"spec-item\">\r\n        <h4>Emballage<\/h4>\r\n        <p>150\u2013500 pi\u00e8ces par balle<br>Emballage sur palette disponible sur demande<\/p>\r\n      <\/div>\r\n      <div class=\"spec-item\">\r\n        <h4>Commande minimum<\/h4>\r\n        <p>5 000 pi\u00e8ces par mod\u00e8le<br>MOQ r\u00e9duit possible pour commandes d\u2019essai<\/p>\r\n      <\/div>\r\n    <\/div>\r\n\r\n    <div class=\"extra-section\">\r\n      <h4>Avantages<\/h4>\r\n      <ul>\r\n        <li>Haute r\u00e9sistance et durabilit\u00e9<\/li>\r\n        <li>L\u00e9ger et \u00e9conomique<\/li>\r\n        <li>R\u00e9sistant aux acides et aux alcalis<\/li>\r\n        <li>Hautement personnalisable<\/li>\r\n        <li>Respectueux de l'environnement et recyclable<\/li>\r\n      <\/ul>\r\n    <\/div>\r\n\r\n    <div class=\"extra-section\">\r\n      <h4>Applications<\/h4>\r\n      <ul>\r\n        <li>Aliments, aliments pour animaux, engrais, produits chimiques, mat\u00e9riaux de construction, etc.<\/li>\r\n      <\/ul>\r\n    <\/div>\r\n  <\/div>\r\n<\/div>\r\n\t\t\t\t<\/div>\n\t\t\t\t<\/div>\n\t\t\t\t\t<\/div>\n\t\t\t\t<\/div>\n\t\t<div class=\"elementor-element elementor-element-bae587f e-flex e-con-boxed e-con e-parent\" data-id=\"bae587f\" data-element_type=\"container\">\n\t\t\t\t\t<div class=\"e-con-inner\">\n\t\t<div class=\"elementor-element elementor-element-963c4f8 e-con-full e-flex e-con e-child\" data-id=\"963c4f8\" data-element_type=\"container\">\n\t\t\t\t<div class=\"elementor-element elementor-element-5ba2253 elementor-widget elementor-widget-html\" data-id=\"5ba2253\" data-element_type=\"widget\" data-widget_type=\"html.default\">\n\t\t\t\t<div class=\"elementor-widget-container\">\n\t\t\t\t\t<a href=\"https:\/\/wa.me\/8615728041867\" class=\"whatsapp-float\" target=\"_blank\" rel=\"noopener\"><img decoding=\"async\" src=\"https:\/\/upload.wikimedia.org\/wikipedia\/commons\/6\/6b\/WhatsApp.svg\" alt=\"WhatsApp\"><\/a><style>.whatsapp-float {\r\n  position: fixed;\r\n  bottom: 20px;\r\n  right: 20px;\r\n  width: 50px;\r\n  height: 50px;\r\n  background: #25D366;\r\n  border-radius: 50%;\r\n  display: flex;\r\n  align-items: center;\r\n  justify-content: center;\r\n  box-shadow: 0 2px 10px rgba(0,0,0,0.2);\r\n  z-index: 999;\r\n}\r\n.whatsapp-float img {\r\n  width: 30px;\r\n  height: 30px;\r\n}\r\n<\/style>\t\t\t\t<\/div>\n\t\t\t\t<\/div>\n\t\t\t\t<\/div>\n\t\t\t\t\t<\/div>\n\t\t\t\t<\/div>\n\t\t<div class=\"elementor-element elementor-element-d0eb95b e-flex e-con-boxed e-con e-parent\" data-id=\"d0eb95b\" data-element_type=\"container\">\n\t\t\t\t\t<div class=\"e-con-inner\">\n\t\t\t\t<div class=\"elementor-element elementor-element-0e2f127 elementor-widget elementor-widget-html\" data-id=\"0e2f127\" data-element_type=\"widget\" data-widget_type=\"html.default\">\n\t\t\t\t<div class=\"elementor-widget-container\">\n\t\t\t\t\t<a href=\"mailto:rain.xu@smartpackbags.com\" class=\"email-float\" target=\"_blank\" title=\"\u53d1\u9001\u90ae\u4ef6\"><img decoding=\"async\" src=\"https:\/\/cdn-icons-png.flaticon.com\/512\/732\/732200.png\" alt=\"Email Icon\"><\/a><style>.email-float {\r\n  position: fixed;\r\n  bottom: 20px;\r\n  left: 20px;\r\n  width: 56px;\r\n  height: 56px;\r\n  background: #EA4335; \/* Gmail\u98ce\u683c\u7ea2\u8272 *\/\r\n  border-radius: 50%;\r\n  display: flex;\r\n  align-items: center;\r\n  justify-content: center;\r\n  box-shadow: 0 2px 10px rgba(0,0,0,0.2);\r\n  z-index: 999;\r\n  transition: all 0.3s ease;\r\n}\r\n.email-float:hover {\r\n  background: #D33426; \/* \u60ac\u505c\u6df1\u7ea2\u8272 *\/\r\n  transform: scale(1.05);\r\n}\r\n.email-float img {\r\n  width: 28px;\r\n  height: 28px;\r\n  filter: brightness(0) invert(1); \/* \u56fe\u6807\u53d8\u767d\u8272 *\/\r\n}\r\n\r\n\/* \u624b\u673a\u7aef\u9002\u914d *\/\r\n@media (max-width: 768px) {\r\n  .email-float {\r\n    width: 48px;\r\n    height: 48px;\r\n    bottom: 15px;\r\n    left: 15px;\r\n  }\r\n  .email-float img {\r\n    width: 24px;\r\n    height: 24px;\r\n  }\r\n}\r\n<\/style>\t\t\t\t<\/div>\n\t\t\t\t<\/div>\n\t\t\t\t\t<\/div>\n\t\t\t\t<\/div>\n\t\t<div class=\"elementor-element elementor-element-7921f2b e-flex e-con-boxed e-con e-parent\" data-id=\"7921f2b\" data-element_type=\"container\">\n\t\t\t\t\t<div class=\"e-con-inner\">\n\t\t\t\t<div class=\"elementor-element elementor-element-aea7daa elementor-widget elementor-widget-html\" data-id=\"aea7daa\" data-element_type=\"widget\" data-widget_type=\"html.default\">\n\t\t\t\t<div class=\"elementor-widget-container\">\n\t\t\t\t\t<script type=\"application\/ld+json\">{\r\n  \"@context\": \"https:\/\/schema.org\/\",\r\n  \"@type\": \"ProductGroup\",\r\n  \"name\": \"Woven Bags\",\r\n  \"description\": \"Zhixin Packaging offers a wide range of high-quality woven bags suitable for industrial and agricultural packaging needs, including BOPP woven bags, laminated woven bags, and custom sizes.\",\r\n  \"brand\": {\r\n    \"@type\": \"Brand\",\r\n    \"name\": \"Zhixin Packaging\"\r\n  },\r\n  \"hasVariant\": [\r\n    {\r\n      \"@type\": \"Product\",\r\n      \"name\": \"BOPP Woven Bag 25kg\",\r\n      \"image\": \"https:\/\/smartpackbags.com\/wp-content\/uploads\/2025\/06\/bopp-woven-bag.jpg\",\r\n      \"sku\": \"BOPP-25KG-001\",\r\n      \"offers\": {\r\n        \"@type\": \"Offer\",\r\n        \"priceCurrency\": \"USD\",\r\n        \"price\": \"1.50\",\r\n        \"availability\": \"https:\/\/schema.org\/InStock\",\r\n        \"itemCondition\": \"https:\/\/schema.org\/NewCondition\"\r\n      }\r\n    },\r\n    {\r\n      \"@type\": \"Product\",\r\n      \"name\": \"Laminated Woven Bag 50kg\",\r\n      \"image\": \"https:\/\/smartpackbags.com\/wp-content\/uploads\/2025\/06\/laminated-woven-bag.jpg\",\r\n      \"sku\": \"LAM-WOVEN-50KG-002\",\r\n      \"offers\": {\r\n        \"@type\": \"Offer\",\r\n        \"priceCurrency\": \"USD\",\r\n        \"price\": \"2.50\",\r\n        \"availability\": \"https:\/\/schema.org\/InStock\",\r\n        \"itemCondition\": \"https:\/\/schema.org\/NewCondition\"\r\n      }\r\n    }\r\n  ]\r\n}\r\n<\/script>\t\t\t\t<\/div>\n\t\t\t\t<\/div>\n\t\t\t\t\t<\/div>\n\t\t\t\t<\/div>\n\t\t\t\t<\/div>\n\t\t","protected":false},"excerpt":{"rendered":"<p>Zhixin Packaging Sacs tiss\u00e9s durables et polyvalents Les sacs tiss\u00e9s sont des sacs d&#8217;emballage en plastique fabriqu\u00e9s en polypropyl\u00e8ne (PP) par \u00e9tirage, tissage, couture ou collage. Les types les plus courants sont les sacs tiss\u00e9s ordinaires, les sacs tiss\u00e9s imprim\u00e9s en couleur, les sacs tiss\u00e9s \u00e0 fond carr\u00e9 et les sacs tiss\u00e9s \u00e0 valve. Sacs&hellip;&nbsp;<a href=\"https:\/\/smartpackbags.com\/fr\/produits\/sacs-tisses\/\" rel=\"bookmark\"><span class=\"screen-reader-text\">Sacs tiss\u00e9s<\/span><\/a><\/p>\n","protected":false},"author":1,"featured_media":0,"parent":3588,"menu_order":0,"comment_status":"closed","ping_status":"closed","template":"page-templates\/template-pagebuilder-full-width.php","meta":{"neve_meta_sidebar":"","neve_meta_container":"","neve_meta_enable_content_width":"","neve_meta_content_width":0,"neve_meta_title_alignment":"","neve_meta_author_avatar":"","neve_post_elements_order":"","neve_meta_disable_header":"","neve_meta_disable_footer":"","neve_meta_disable_title":"","footnotes":""},"class_list":["post-3690","page","type-page","status-publish","hentry"],"rttpg_featured_image_url":null,"rttpg_author":{"display_name":"xuxueming69@gmail.com","author_link":"https:\/\/smartpackbags.com\/fr\/author\/xuxueming69gmail-com\/"},"rttpg_comment":0,"rttpg_category":" <a href=\"https:\/\/smartpackbags.com\/fr\/?taxonomy=translation_priority&#038;term=facultatif\" rel=\"tag\">Facultatif<\/a>","rttpg_excerpt":"Zhixin Packaging Sacs tiss\u00e9s durables et polyvalents Les sacs tiss\u00e9s sont des sacs d&#8217;emballage en plastique fabriqu\u00e9s en polypropyl\u00e8ne (PP) par \u00e9tirage, tissage, couture ou collage. Les types les plus courants sont les sacs tiss\u00e9s ordinaires, les sacs tiss\u00e9s imprim\u00e9s en couleur, les sacs tiss\u00e9s \u00e0 fond carr\u00e9 et les sacs tiss\u00e9s \u00e0 valve. Sacs&hellip;&nbsp;Sacs\u2026","_links":{"self":[{"href":"https:\/\/smartpackbags.com\/fr\/wp-json\/wp\/v2\/pages\/3690","targetHints":{"allow":["GET"]}}],"collection":[{"href":"https:\/\/smartpackbags.com\/fr\/wp-json\/wp\/v2\/pages"}],"about":[{"href":"https:\/\/smartpackbags.com\/fr\/wp-json\/wp\/v2\/types\/page"}],"author":[{"embeddable":true,"href":"https:\/\/smartpackbags.com\/fr\/wp-json\/wp\/v2\/users\/1"}],"replies":[{"embeddable":true,"href":"https:\/\/smartpackbags.com\/fr\/wp-json\/wp\/v2\/comments?post=3690"}],"version-history":[{"count":10,"href":"https:\/\/smartpackbags.com\/fr\/wp-json\/wp\/v2\/pages\/3690\/revisions"}],"predecessor-version":[{"id":5428,"href":"https:\/\/smartpackbags.com\/fr\/wp-json\/wp\/v2\/pages\/3690\/revisions\/5428"}],"up":[{"embeddable":true,"href":"https:\/\/smartpackbags.com\/fr\/wp-json\/wp\/v2\/pages\/3588"}],"wp:attachment":[{"href":"https:\/\/smartpackbags.com\/fr\/wp-json\/wp\/v2\/media?parent=3690"}],"curies":[{"name":"wp","href":"https:\/\/api.w.org\/{rel}","templated":true}]}}