{"id":3738,"date":"2025-05-25T08:22:22","date_gmt":"2025-05-25T00:22:22","guid":{"rendered":"https:\/\/smartpackbags.com\/produits\/sacs-en-papier\/"},"modified":"2026-01-17T18:09:18","modified_gmt":"2026-01-17T10:09:18","slug":"sacs-en-papier","status":"publish","type":"page","link":"https:\/\/smartpackbags.com\/fr\/produits\/sacs-en-papier\/","title":{"rendered":"Sacs en papier"},"content":{"rendered":"\t\t<div data-elementor-type=\"wp-page\" data-elementor-id=\"3738\" class=\"elementor elementor-3738 elementor-408\">\n\t\t\t\t<div class=\"elementor-element elementor-element-dfcf1f0 e-flex e-con-boxed e-con e-parent\" data-id=\"dfcf1f0\" data-element_type=\"container\">\n\t\t\t\t\t<div class=\"e-con-inner\">\n\t\t\t\t<div class=\"elementor-element elementor-element-b6ddf8c elementor-widget elementor-widget-html\" data-id=\"b6ddf8c\" data-element_type=\"widget\" data-widget_type=\"html.default\">\n\t\t\t\t<div class=\"elementor-widget-container\">\n\t\t\t\t\t<h1 class=\"brand-hero-title\">\r\n  <span class=\"brand-main\">Zhixin Packaging<\/span>\r\n  <span class=\"brand-sub\">Sacs en papier durables et polyvalents<\/span>\r\n<\/h1>\r\n\r\n<style>\r\n.brand-hero-title {\r\n  text-align: center;\r\n  margin: 60px auto 40px;\r\n  line-height: 1.3;\r\n}\r\n.brand-hero-title .brand-main {\r\n  display: block;\r\n  font-size: 3.2rem;\r\n  font-weight: 900;\r\n  color: #2F5AAE;\r\n  letter-spacing: 2px;\r\n  text-transform: uppercase;\r\n  text-shadow: 0px 3px 8px rgba(0,0,0,0.25);\r\n}\r\n.brand-hero-title .brand-sub {\r\n  display: block;\r\n  font-size: 1.3rem;\r\n  font-weight: 500;\r\n  margin-top: 12px;\r\n  color: #4A6FA5;\r\n}\r\n@media (max-width:768px){\r\n  .brand-hero-title .brand-main { font-size: 2.4rem; }\r\n  .brand-hero-title .brand-sub { font-size: 1rem; }\r\n}\r\n<\/style>\r\n\t\t\t\t<\/div>\n\t\t\t\t<\/div>\n\t\t\t\t\t<\/div>\n\t\t\t\t<\/div>\n\t\t<div class=\"elementor-element elementor-element-693d794 e-con-full e-flex e-con e-parent\" data-id=\"693d794\" data-element_type=\"container\">\n\t\t\t\t<div class=\"elementor-element elementor-element-fac7cca elementor-widget elementor-widget-text-editor\" data-id=\"fac7cca\" data-element_type=\"widget\" data-widget_type=\"text-editor.default\">\n\t\t\t\t<div class=\"elementor-widget-container\">\n\t\t\t\t\t\t\t\t\t<p>Les sacs en papier industriels sont des sacs d&#8217;emballage constitu\u00e9s d&rsquo;une toile tiss\u00e9e en plastique et de papier kraft ou de plusieurs couches de papier kraft. Les types les plus courants sont les sacs composites papier-plastique, les sacs en papier multicouches et les sacs en papier \u00e0 valve. <\/p>\t\t\t\t\t\t\t\t<\/div>\n\t\t\t\t<\/div>\n\t\t\t\t<\/div>\n\t\t<div class=\"elementor-element elementor-element-2ed39cf e-grid e-con-full e-con e-parent\" data-id=\"2ed39cf\" data-element_type=\"container\">\n\t\t\t\t<div class=\"elementor-element elementor-element-8d727e7 elementor-widget elementor-widget-image\" data-id=\"8d727e7\" data-element_type=\"widget\" data-widget_type=\"image.default\">\n\t\t\t\t<div class=\"elementor-widget-container\">\n\t\t\t\t\t\t\t\t\t\t\t\t<figure class=\"wp-caption\">\n\t\t\t\t\t\t\t\t\t\t\t<a href=\"https:\/\/smartpackbags.com\/fr\/sept-raisons-techniques-et-economiques-expliquant-la-predominance-des-sacs-en-papier-brun-sur-les-sacs-blancs-dans-lindustrie\/\">\n\t\t\t\t\t\t\t<img fetchpriority=\"high\" decoding=\"async\" width=\"603\" height=\"1024\" src=\"https:\/\/smartpackbags.com\/wp-content\/uploads\/2025\/06\/\u672a\u547d\u540d\u9879\u76ee-\u56fe\u5c42-1-8-603x1024.jpeg\" class=\"attachment-large size-large wp-image-2981\" alt=\"Paper-Plastic Composite Bag\" srcset=\"https:\/\/smartpackbags.com\/wp-content\/uploads\/2025\/06\/\u672a\u547d\u540d\u9879\u76ee-\u56fe\u5c42-1-8-603x1024.jpeg 603w, https:\/\/smartpackbags.com\/wp-content\/uploads\/2025\/06\/\u672a\u547d\u540d\u9879\u76ee-\u56fe\u5c42-1-8-177x300.jpeg 177w, https:\/\/smartpackbags.com\/wp-content\/uploads\/2025\/06\/\u672a\u547d\u540d\u9879\u76ee-\u56fe\u5c42-1-8-768x1305.jpeg 768w, https:\/\/smartpackbags.com\/wp-content\/uploads\/2025\/06\/\u672a\u547d\u540d\u9879\u76ee-\u56fe\u5c42-1-8.jpeg 775w\" sizes=\"(max-width: 603px) 100vw, 603px\" \/>\t\t\t\t\t\t\t\t<\/a>\n\t\t\t\t\t\t\t\t\t\t\t<figcaption class=\"widget-image-caption wp-caption-text\">Sac en composite papier-plastique<\/figcaption>\n\t\t\t\t\t\t\t\t\t\t<\/figure>\n\t\t\t\t\t\t\t\t\t<\/div>\n\t\t\t\t<\/div>\n\t\t\t\t<div class=\"elementor-element elementor-element-9a65fe3 elementor-widget elementor-widget-image\" data-id=\"9a65fe3\" data-element_type=\"widget\" data-widget_type=\"image.default\">\n\t\t\t\t<div class=\"elementor-widget-container\">\n\t\t\t\t\t\t\t\t\t\t\t\t<figure class=\"wp-caption\">\n\t\t\t\t\t\t\t\t\t\t<img decoding=\"async\" width=\"292\" height=\"511\" src=\"https:\/\/smartpackbags.com\/wp-content\/uploads\/2025\/05\/\u56fe\u72477.png\" class=\"attachment-large size-large wp-image-2723\" alt=\"Square bottom paper-plastic composite bag for wheat protein, white with green logo\" srcset=\"https:\/\/smartpackbags.com\/wp-content\/uploads\/2025\/05\/\u56fe\u72477.png 292w, https:\/\/smartpackbags.com\/wp-content\/uploads\/2025\/05\/\u56fe\u72477-171x300.png 171w\" sizes=\"(max-width: 292px) 100vw, 292px\" \/>\t\t\t\t\t\t\t\t\t\t\t<figcaption class=\"widget-image-caption wp-caption-text\">Sac composite papier-plastique \u00e0 fond carr\u00e9<\/figcaption>\n\t\t\t\t\t\t\t\t\t\t<\/figure>\n\t\t\t\t\t\t\t\t\t<\/div>\n\t\t\t\t<\/div>\n\t\t\t\t<div class=\"elementor-element elementor-element-5f0c4a8 elementor-widget elementor-widget-image\" data-id=\"5f0c4a8\" data-element_type=\"widget\" data-widget_type=\"image.default\">\n\t\t\t\t<div class=\"elementor-widget-container\">\n\t\t\t\t\t\t\t\t\t\t\t\t<figure class=\"wp-caption\">\n\t\t\t\t\t\t\t\t\t\t\t<a href=\"https:\/\/smartpackbags.com\/fr\/avantages-techniques-et-substituabilite-des-sacs-en-papier-multicouches-un-changement-strategique-dans-lemballage-durable\/\">\n\t\t\t\t\t\t\t<img decoding=\"async\" width=\"682\" height=\"1024\" src=\"https:\/\/smartpackbags.com\/wp-content\/uploads\/2025\/06\/\u591a\u5c42\u7eb8\u888b-1.jpeg\" class=\"attachment-large size-large wp-image-2867\" alt=\"Unprinted multi-wall kraft paper sack with gusseted sides\" srcset=\"https:\/\/smartpackbags.com\/wp-content\/uploads\/2025\/06\/\u591a\u5c42\u7eb8\u888b-1.jpeg 682w, https:\/\/smartpackbags.com\/wp-content\/uploads\/2025\/06\/\u591a\u5c42\u7eb8\u888b-1-200x300.jpeg 200w\" sizes=\"(max-width: 682px) 100vw, 682px\" \/>\t\t\t\t\t\t\t\t<\/a>\n\t\t\t\t\t\t\t\t\t\t\t<figcaption class=\"widget-image-caption wp-caption-text\">Sac en papier \u00e0 parois multiples<\/figcaption>\n\t\t\t\t\t\t\t\t\t\t<\/figure>\n\t\t\t\t\t\t\t\t\t<\/div>\n\t\t\t\t<\/div>\n\t\t\t\t<div class=\"elementor-element elementor-element-e9352c9 elementor-widget elementor-widget-image\" data-id=\"e9352c9\" data-element_type=\"widget\" data-widget_type=\"image.default\">\n\t\t\t\t<div class=\"elementor-widget-container\">\n\t\t\t\t\t\t\t\t\t\t\t\t<figure class=\"wp-caption\">\n\t\t\t\t\t\t\t\t\t\t<img loading=\"lazy\" decoding=\"async\" width=\"313\" height=\"533\" src=\"https:\/\/smartpackbags.com\/wp-content\/uploads\/2025\/05\/\u56fe\u724712.png\" class=\"attachment-large size-large wp-image-2741\" alt=\"Blue and white paper-poly valve bag for dry mortar packaging\" srcset=\"https:\/\/smartpackbags.com\/wp-content\/uploads\/2025\/05\/\u56fe\u724712.png 313w, https:\/\/smartpackbags.com\/wp-content\/uploads\/2025\/05\/\u56fe\u724712-176x300.png 176w\" sizes=\"(max-width: 313px) 100vw, 313px\" \/>\t\t\t\t\t\t\t\t\t\t\t<figcaption class=\"widget-image-caption wp-caption-text\">Sac composite en papier et en polypropyl\u00e8ne<\/figcaption>\n\t\t\t\t\t\t\t\t\t\t<\/figure>\n\t\t\t\t\t\t\t\t\t<\/div>\n\t\t\t\t<\/div>\n\t\t\t\t<div class=\"elementor-element elementor-element-1b26533 elementor-widget elementor-widget-image\" data-id=\"1b26533\" data-element_type=\"widget\" data-widget_type=\"image.default\">\n\t\t\t\t<div class=\"elementor-widget-container\">\n\t\t\t\t\t\t\t\t\t\t\t\t<figure class=\"wp-caption\">\n\t\t\t\t\t\t\t\t\t\t<img loading=\"lazy\" decoding=\"async\" width=\"311\" height=\"497\" src=\"https:\/\/smartpackbags.com\/wp-content\/uploads\/2025\/05\/\u56fe\u724710.png\" class=\"attachment-large size-large wp-image-2735\" alt=\"Three-ply kraft paper valve bag with internal PE film, printed instructions\" srcset=\"https:\/\/smartpackbags.com\/wp-content\/uploads\/2025\/05\/\u56fe\u724710.png 311w, https:\/\/smartpackbags.com\/wp-content\/uploads\/2025\/05\/\u56fe\u724710-188x300.png 188w\" sizes=\"(max-width: 311px) 100vw, 311px\" \/>\t\t\t\t\t\t\t\t\t\t\t<figcaption class=\"widget-image-caption wp-caption-text\">Sac \u00e0 valve en papier trois plis avec film<\/figcaption>\n\t\t\t\t\t\t\t\t\t\t<\/figure>\n\t\t\t\t\t\t\t\t\t<\/div>\n\t\t\t\t<\/div>\n\t\t\t\t<div class=\"elementor-element elementor-element-eab936c elementor-widget elementor-widget-image\" data-id=\"eab936c\" data-element_type=\"widget\" data-widget_type=\"image.default\">\n\t\t\t\t<div class=\"elementor-widget-container\">\n\t\t\t\t\t\t\t\t\t\t\t\t<figure class=\"wp-caption\">\n\t\t\t\t\t\t\t\t\t\t<img loading=\"lazy\" decoding=\"async\" width=\"334\" height=\"519\" src=\"https:\/\/smartpackbags.com\/wp-content\/uploads\/2025\/05\/\u56fe\u72478.png\" class=\"attachment-large size-large wp-image-2729\" alt=\"BOPP laminated paper valve bag with red and yellow printing, used for tile adhesive\" srcset=\"https:\/\/smartpackbags.com\/wp-content\/uploads\/2025\/05\/\u56fe\u72478.png 334w, https:\/\/smartpackbags.com\/wp-content\/uploads\/2025\/05\/\u56fe\u72478-193x300.png 193w\" sizes=\"(max-width: 334px) 100vw, 334px\" \/>\t\t\t\t\t\t\t\t\t\t\t<figcaption class=\"widget-image-caption wp-caption-text\">Sac \u00e0 valve imprim\u00e9 triple \u00e9paisseur en BOPP lamin\u00e9<\/figcaption>\n\t\t\t\t\t\t\t\t\t\t<\/figure>\n\t\t\t\t\t\t\t\t\t<\/div>\n\t\t\t\t<\/div>\n\t\t\t\t<\/div>\n\t\t<div class=\"elementor-element elementor-element-b7daadd e-flex e-con-boxed e-con e-parent\" data-id=\"b7daadd\" data-element_type=\"container\">\n\t\t\t\t\t<div class=\"e-con-inner\">\n\t\t\t\t<div class=\"elementor-element elementor-element-f70ad54 elementor-widget elementor-widget-text-editor\" data-id=\"f70ad54\" data-element_type=\"widget\" data-widget_type=\"text-editor.default\">\n\t\t\t\t<div class=\"elementor-widget-container\">\n\t\t\t\t\t\t\t\t\t<p>Nous acceptons les commandes sur la base d&rsquo;\u00e9chantillons de clients, y compris votre conception, vos sp\u00e9cifications et vos exigences en mati\u00e8re d&#8217;emballage.<\/p>\t\t\t\t\t\t\t\t<\/div>\n\t\t\t\t<\/div>\n\t\t\t\t\t<\/div>\n\t\t\t\t<\/div>\n\t\t<div class=\"elementor-element elementor-element-f7f0573 e-flex e-con-boxed e-con e-parent\" data-id=\"f7f0573\" data-element_type=\"container\">\n\t\t\t\t\t<div class=\"e-con-inner\">\n\t\t\t\t<div class=\"elementor-element elementor-element-f6b8734 elementor-widget elementor-widget-html\" data-id=\"f6b8734\" data-element_type=\"widget\" data-widget_type=\"html.default\">\n\t\t\t\t<div class=\"elementor-widget-container\">\n\t\t\t\t\t<a href=\"#\" class=\"popmake-3337 get-a-quote-btn\">Obtenir un devis<\/a>\t\t\t\t<\/div>\n\t\t\t\t<\/div>\n\t\t\t\t\t<\/div>\n\t\t\t\t<\/div>\n\t\t<div class=\"elementor-element elementor-element-42f8e5a e-flex e-con-boxed e-con e-parent\" data-id=\"42f8e5a\" data-element_type=\"container\">\n\t\t\t\t\t<div class=\"e-con-inner\">\n\t\t\t\t<div class=\"elementor-element elementor-element-4db9bc9 elementor-widget elementor-widget-html\" data-id=\"4db9bc9\" data-element_type=\"widget\" data-widget_type=\"html.default\">\n\t\t\t\t<div class=\"elementor-widget-container\">\n\t\t\t\t\t<style>\r\n  .spec-wrapper {\r\n    width: 100%;\r\n    display: flex;\r\n    justify-content: center;\r\n    padding: 40px 20px;\r\n    box-sizing: border-box;\r\n    background: #fff;\r\n  }\r\n\r\n  .spec-container {\r\n    max-width: 860px;\r\n    width: 100%;\r\n    font-family: \"Segoe UI\", \"Helvetica Neue\", Helvetica, Arial, sans-serif;\r\n    color: #333;\r\n  }\r\n\r\n  .spec-title {\r\n    text-align: center;\r\n    font-size: 24px;\r\n    font-weight: 600;\r\n    border-bottom: 2px solid #2F5AAE;\r\n    padding-bottom: 8px;\r\n    margin-bottom: 24px;\r\n  }\r\n\r\n  .spec-grid {\r\n    display: grid;\r\n    grid-template-columns: 1fr 1fr;\r\n    gap: 16px;\r\n  }\r\n\r\n  .spec-item {\r\n    background: #f7f9fc;\r\n    border-left: 3px solid #2F5AAE;\r\n    padding: 12px 16px;\r\n    border-radius: 4px;\r\n  }\r\n\r\n  .spec-item h4 {\r\n    font-size: 17px;\r\n    font-weight: 600;\r\n    margin: 0 0 6px;\r\n    color: #2F5AAE;\r\n  }\r\n\r\n  .spec-item p {\r\n    font-size: 15px;\r\n    margin: 0;\r\n    line-height: 1.6;\r\n    color: #444;\r\n  }\r\n\r\n  .extra-section {\r\n    background: #f1f4f9;\r\n    border-left: 3px solid #2F5AAE;\r\n    padding: 16px;\r\n    border-radius: 4px;\r\n    margin-top: 32px;\r\n  }\r\n\r\n  .extra-section h4 {\r\n    font-size: 17px;\r\n    font-weight: 600;\r\n    margin-bottom: 8px;\r\n    color: #2F5AAE;\r\n  }\r\n\r\n  .extra-section ul {\r\n    margin: 0;\r\n    padding-left: 18px;\r\n  }\r\n\r\n  .extra-section ul li {\r\n    font-size: 15px;\r\n    line-height: 1.6;\r\n    color: #444;\r\n    margin-bottom: 4px;\r\n  }\r\n\r\n  @media (max-width: 768px) {\r\n    .spec-grid {\r\n      grid-template-columns: 1fr;\r\n    }\r\n  }\r\n<\/style>\r\n\r\n<div class=\"spec-wrapper\">\r\n  <div class=\"spec-container\">\r\n    <div class=\"spec-title\">Sp\u00e9cifications des sacs en papier industriels<\/div>\r\n    <div class=\"spec-grid\">\r\n      <div class=\"spec-item\">\r\n        <h4>Types de sacs<\/h4>\r\n        <p>Sac en papier multicouche, sac \u00e0 valve, sac \u00e0 ouverture ouverte coll\u00e9e, sac papier-plastique lamin\u00e9<\/p>\r\n      <\/div>\r\n      <div class=\"spec-item\">\r\n        <h4>Structure<\/h4>\r\n        <p>2 \u00e0 4 couches de papier + 1 couche PE\/PP (en option)<br>Papier kraft, carton doublure, plastique lamin\u00e9<\/p>\r\n      <\/div>\r\n      <div class=\"spec-item\">\r\n        <h4>Grammage du papier<\/h4>\r\n        <p>70 \u2013 450 g\/m\u00b2 par couche<br>\u00c9paisseur totale selon l\u2019usage (grains ou ciment)<\/p>\r\n      <\/div>\r\n      <div class=\"spec-item\">\r\n        <h4>Dimensions<\/h4>\r\n        <p>Personnalis\u00e9es<br>Tailles courantes : 50\u00d780 \/ 55\u00d795 \/ 60\u00d7100 cm<\/p>\r\n      <\/div>\r\n      <div class=\"spec-item\">\r\n        <h4>Fermeture sup\u00e9rieure<\/h4>\r\n        <p>Valve (auto-obturante) \/ Ouverture ouverte (\u00e0 coudre)<br>Option bande d\u2019ouverture facile<\/p>\r\n      <\/div>\r\n      <div class=\"spec-item\">\r\n        <h4>Impression<\/h4>\r\n        <p>Impression flexo ou h\u00e9lio<br>Jusqu'\u00e0 9 couleurs sur 1 ou 2 faces<br>Encre \u00e0 base d'eau en option<\/p>\r\n      <\/div>\r\n      <div class=\"spec-item\">\r\n        <h4>Traitement de surface<\/h4>\r\n        <p>Rev\u00eatement PE (barri\u00e8re \u00e0 l\u2019humidit\u00e9)<br>Option gaufr\u00e9e \/ antid\u00e9rapante<\/p>\r\n      <\/div>\r\n      <div class=\"spec-item\">\r\n        <h4>Capacit\u00e9 de charge<\/h4>\r\n        <p>5 \u2013 50 kg par sac selon les mat\u00e9riaux et l\u2019\u00e9paisseur<\/p>\r\n      <\/div>\r\n      <div class=\"spec-item\">\r\n        <h4>Emballage<\/h4>\r\n        <p>Livr\u00e9s \u00e0 plat en liasses<br>100 \u00e0 300 pcs par balle<br>Palettisation sur demande<\/p>\r\n      <\/div>\r\n      <div class=\"spec-item\">\r\n        <h4>Quantit\u00e9 minimale<\/h4>\r\n        <p>5 000 pi\u00e8ces par mod\u00e8le<br>Commandes d\u2019essai accept\u00e9es pour nouveaux clients<\/p>\r\n      <\/div>\r\n    <\/div>\r\n\r\n    <div class=\"extra-section\">\r\n      <h4>Avantages<\/h4>\r\n      <ul>\r\n        <li>Haute r\u00e9sistance et durabilit\u00e9<\/li>\r\n        <li>R\u00e9sistant \u00e0 l\u2019humidit\u00e9 et \u00e0 la poussi\u00e8re<\/li>\r\n        <li>Compatible avec les lignes de remplissage automatiques<\/li>\r\n        <li>Mat\u00e9riaux \u00e9cologiques et recyclables<\/li>\r\n        <li>Aspect professionnel de l\u2019impression<\/li>\r\n      <\/ul>\r\n    <\/div>\r\n\r\n    <div class=\"extra-section\">\r\n      <h4>Applications<\/h4>\r\n      <ul>\r\n        <li>Ciment, mortier, mat\u00e9riaux de construction<\/li>\r\n        <li>Aliments pour animaux, semences, engrais, amidon<\/li>\r\n        <li>Produits chimiques, min\u00e9raux, poudres industrielles<\/li>\r\n      <\/ul>\r\n    <\/div>\r\n  <\/div>\r\n<\/div>\r\n\t\t\t\t<\/div>\n\t\t\t\t<\/div>\n\t\t\t\t\t<\/div>\n\t\t\t\t<\/div>\n\t\t<div class=\"elementor-element elementor-element-4aca1bb e-flex e-con-boxed e-con e-parent\" data-id=\"4aca1bb\" data-element_type=\"container\">\n\t\t\t\t\t<div class=\"e-con-inner\">\n\t\t\t\t<div class=\"elementor-element elementor-element-bea8f41 elementor-widget elementor-widget-html\" data-id=\"bea8f41\" data-element_type=\"widget\" data-widget_type=\"html.default\">\n\t\t\t\t<div class=\"elementor-widget-container\">\n\t\t\t\t\t<a href=\"https:\/\/wa.me\/8615728041867\" class=\"whatsapp-float\" target=\"_blank\" rel=\"noopener\"><img decoding=\"async\" src=\"https:\/\/upload.wikimedia.org\/wikipedia\/commons\/6\/6b\/WhatsApp.svg\" alt=\"WhatsApp\"><\/a><style>.whatsapp-float {\r\n  position: fixed;\r\n  bottom: 20px;\r\n  right: 20px;\r\n  width: 50px;\r\n  height: 50px;\r\n  background: #25D366;\r\n  border-radius: 50%;\r\n  display: flex;\r\n  align-items: center;\r\n  justify-content: center;\r\n  box-shadow: 0 2px 10px rgba(0,0,0,0.2);\r\n  z-index: 999;\r\n}\r\n.whatsapp-float img {\r\n  width: 30px;\r\n  height: 30px;\r\n}\r\n<\/style>\t\t\t\t<\/div>\n\t\t\t\t<\/div>\n\t\t\t\t\t<\/div>\n\t\t\t\t<\/div>\n\t\t<div class=\"elementor-element elementor-element-fcbf916 e-flex e-con-boxed e-con e-parent\" data-id=\"fcbf916\" data-element_type=\"container\">\n\t\t\t\t\t<div class=\"e-con-inner\">\n\t\t\t\t<div class=\"elementor-element elementor-element-24f82f8 elementor-widget elementor-widget-html\" data-id=\"24f82f8\" data-element_type=\"widget\" data-widget_type=\"html.default\">\n\t\t\t\t<div class=\"elementor-widget-container\">\n\t\t\t\t\t<a href=\"mailto:rain.xu@smartpackbags.com\" class=\"email-float\" target=\"_blank\" title=\"\u53d1\u9001\u90ae\u4ef6\"><img decoding=\"async\" src=\"https:\/\/cdn-icons-png.flaticon.com\/512\/732\/732200.png\" alt=\"Email Icon\"><\/a><style>.email-float {\r\n  position: fixed;\r\n  bottom: 20px;\r\n  left: 20px;\r\n  width: 56px;\r\n  height: 56px;\r\n  background: #EA4335; \/* Gmail\u98ce\u683c\u7ea2\u8272 *\/\r\n  border-radius: 50%;\r\n  display: flex;\r\n  align-items: center;\r\n  justify-content: center;\r\n  box-shadow: 0 2px 10px rgba(0,0,0,0.2);\r\n  z-index: 999;\r\n  transition: all 0.3s ease;\r\n}\r\n.email-float:hover {\r\n  background: #D33426; \/* \u60ac\u505c\u6df1\u7ea2\u8272 *\/\r\n  transform: scale(1.05);\r\n}\r\n.email-float img {\r\n  width: 28px;\r\n  height: 28px;\r\n  filter: brightness(0) invert(1); \/* \u56fe\u6807\u53d8\u767d\u8272 *\/\r\n}\r\n\r\n\/* \u624b\u673a\u7aef\u9002\u914d *\/\r\n@media (max-width: 768px) {\r\n  .email-float {\r\n    width: 48px;\r\n    height: 48px;\r\n    bottom: 15px;\r\n    left: 15px;\r\n  }\r\n  .email-float img {\r\n    width: 24px;\r\n    height: 24px;\r\n  }\r\n}\r\n<\/style>\t\t\t\t<\/div>\n\t\t\t\t<\/div>\n\t\t\t\t\t<\/div>\n\t\t\t\t<\/div>\n\t\t<div class=\"elementor-element elementor-element-3cfd2ec e-flex e-con-boxed e-con e-parent\" data-id=\"3cfd2ec\" data-element_type=\"container\">\n\t\t\t\t\t<div class=\"e-con-inner\">\n\t\t\t\t<div class=\"elementor-element elementor-element-8d0bf3b elementor-widget elementor-widget-html\" data-id=\"8d0bf3b\" data-element_type=\"widget\" data-widget_type=\"html.default\">\n\t\t\t\t<div class=\"elementor-widget-container\">\n\t\t\t\t\t<script type=\"application\/ld+json\">{\r\n  \"@context\": \"https:\/\/schema.org\/\",\r\n  \"@type\": \"ProductGroup\",\r\n  \"name\": \"Paper Bags\",\r\n  \"description\": \"Zhixin Packaging offers a variety of industrial paper bags including paper-plastic composite bags, multi-layer paper bags, and valve bags suitable for diverse packaging needs.\",\r\n  \"brand\": {\r\n    \"@type\": \"Brand\",\r\n    \"name\": \"Zhixin Packaging\"\r\n  },\r\n  \"hasVariant\": [\r\n    {\r\n      \"@type\": \"Product\",\r\n      \"name\": \"Paper-Plastic Composite Bag 20kg\",\r\n      \"image\": \"https:\/\/smartpackbags.com\/wp-content\/uploads\/2025\/06\/paper-plastic-composite-bag.jpg\",\r\n      \"sku\": \"PPC-20KG-001\",\r\n      \"offers\": {\r\n        \"@type\": \"Offer\",\r\n        \"priceCurrency\": \"USD\",\r\n        \"price\": \"1.80\",\r\n        \"availability\": \"https:\/\/schema.org\/InStock\",\r\n        \"itemCondition\": \"https:\/\/schema.org\/NewCondition\"\r\n      }\r\n    },\r\n    {\r\n      \"@type\": \"Product\",\r\n      \"name\": \"Multi-layer Paper Bag 25kg\",\r\n      \"image\": \"https:\/\/smartpackbags.com\/wp-content\/uploads\/2025\/06\/multi-layer-paper-bag.jpg\",\r\n      \"sku\": \"MLPB-25KG-002\",\r\n      \"offers\": {\r\n        \"@type\": \"Offer\",\r\n        \"priceCurrency\": \"USD\",\r\n        \"price\": \"2.20\",\r\n        \"availability\": \"https:\/\/schema.org\/InStock\",\r\n        \"itemCondition\": \"https:\/\/schema.org\/NewCondition\"\r\n      }\r\n    },\r\n    {\r\n      \"@type\": \"Product\",\r\n      \"name\": \"Valve Paper Bag 30kg\",\r\n      \"image\": \"https:\/\/smartpackbags.com\/wp-content\/uploads\/2025\/06\/valve-paper-bag.jpg\",\r\n      \"sku\": \"VPB-30KG-003\",\r\n      \"offers\": {\r\n        \"@type\": \"Offer\",\r\n        \"priceCurrency\": \"USD\",\r\n        \"price\": \"2.50\",\r\n        \"availability\": \"https:\/\/schema.org\/InStock\",\r\n        \"itemCondition\": \"https:\/\/schema.org\/NewCondition\"\r\n      }\r\n    }\r\n  ]\r\n}\r\n<\/script>\t\t\t\t<\/div>\n\t\t\t\t<\/div>\n\t\t\t\t\t<\/div>\n\t\t\t\t<\/div>\n\t\t\t\t<\/div>\n\t\t","protected":false},"excerpt":{"rendered":"<p>Zhixin Packaging Sacs en papier durables et polyvalents Les sacs en papier industriels sont des sacs d&#8217;emballage constitu\u00e9s d&rsquo;une toile tiss\u00e9e en plastique et de papier kraft ou de plusieurs couches de papier kraft. Les types les plus courants sont les sacs composites papier-plastique, les sacs en papier multicouches et les sacs en papier \u00e0&hellip;&nbsp;<a href=\"https:\/\/smartpackbags.com\/fr\/produits\/sacs-en-papier\/\" rel=\"bookmark\"><span class=\"screen-reader-text\">Sacs en papier<\/span><\/a><\/p>\n","protected":false},"author":1,"featured_media":0,"parent":3588,"menu_order":0,"comment_status":"closed","ping_status":"closed","template":"page-templates\/template-pagebuilder-full-width.php","meta":{"neve_meta_sidebar":"","neve_meta_container":"","neve_meta_enable_content_width":"","neve_meta_content_width":0,"neve_meta_title_alignment":"","neve_meta_author_avatar":"","neve_post_elements_order":"","neve_meta_disable_header":"","neve_meta_disable_footer":"","neve_meta_disable_title":"","footnotes":""},"class_list":["post-3738","page","type-page","status-publish","hentry"],"rttpg_featured_image_url":null,"rttpg_author":{"display_name":"xuxueming69@gmail.com","author_link":"https:\/\/smartpackbags.com\/fr\/author\/xuxueming69gmail-com\/"},"rttpg_comment":0,"rttpg_category":" <a href=\"https:\/\/smartpackbags.com\/fr\/?taxonomy=translation_priority&#038;term=facultatif\" rel=\"tag\">Facultatif<\/a>","rttpg_excerpt":"Zhixin Packaging Sacs en papier durables et polyvalents Les sacs en papier industriels sont des sacs d&#8217;emballage constitu\u00e9s d&rsquo;une toile tiss\u00e9e en plastique et de papier kraft ou de plusieurs couches de papier kraft. Les types les plus courants sont les sacs composites papier-plastique, les sacs en papier multicouches et les sacs en papier \u00e0&hellip;&nbsp;Sacs\u2026","_links":{"self":[{"href":"https:\/\/smartpackbags.com\/fr\/wp-json\/wp\/v2\/pages\/3738","targetHints":{"allow":["GET"]}}],"collection":[{"href":"https:\/\/smartpackbags.com\/fr\/wp-json\/wp\/v2\/pages"}],"about":[{"href":"https:\/\/smartpackbags.com\/fr\/wp-json\/wp\/v2\/types\/page"}],"author":[{"embeddable":true,"href":"https:\/\/smartpackbags.com\/fr\/wp-json\/wp\/v2\/users\/1"}],"replies":[{"embeddable":true,"href":"https:\/\/smartpackbags.com\/fr\/wp-json\/wp\/v2\/comments?post=3738"}],"version-history":[{"count":12,"href":"https:\/\/smartpackbags.com\/fr\/wp-json\/wp\/v2\/pages\/3738\/revisions"}],"predecessor-version":[{"id":6846,"href":"https:\/\/smartpackbags.com\/fr\/wp-json\/wp\/v2\/pages\/3738\/revisions\/6846"}],"up":[{"embeddable":true,"href":"https:\/\/smartpackbags.com\/fr\/wp-json\/wp\/v2\/pages\/3588"}],"wp:attachment":[{"href":"https:\/\/smartpackbags.com\/fr\/wp-json\/wp\/v2\/media?parent=3738"}],"curies":[{"name":"wp","href":"https:\/\/api.w.org\/{rel}","templated":true}]}}