{"id":3545,"date":"2025-05-22T08:11:05","date_gmt":"2025-05-22T00:11:05","guid":{"rendered":"https:\/\/smartpackbags.com\/produtos\/"},"modified":"2025-09-22T08:00:54","modified_gmt":"2025-09-22T00:00:54","slug":"produtos","status":"publish","type":"page","link":"https:\/\/smartpackbags.com\/pt-br\/produtos\/","title":{"rendered":"Produtos"},"content":{"rendered":"\t\t<div data-elementor-type=\"wp-page\" data-elementor-id=\"3545\" class=\"elementor elementor-3545 elementor-23\">\n\t\t\t\t<div class=\"elementor-element elementor-element-d5bd65e e-flex e-con-boxed e-con e-parent\" data-id=\"d5bd65e\" data-element_type=\"container\">\n\t\t\t\t\t<div class=\"e-con-inner\">\n\t\t\t\t<div class=\"elementor-element elementor-element-c3abeae elementor-widget elementor-widget-html\" data-id=\"c3abeae\" data-element_type=\"widget\" data-widget_type=\"html.default\">\n\t\t\t\t<div class=\"elementor-widget-container\">\n\t\t\t\t\t<h1 class=\"brand-hero-title\">\r\n  <span class=\"brand-main\">Zhixin Packaging<\/span>\r\n  <span class=\"brand-sub\">Nossos Produtos<\/span>\r\n<\/h1>\r\n\r\n<style>\r\n.brand-hero-title {\r\n  text-align: center;\r\n  margin: 60px auto 40px;\r\n  line-height: 1.3;\r\n}\r\n.brand-hero-title .brand-main {\r\n  display: block;\r\n  font-size: 3.2rem;\r\n  font-weight: 900;\r\n  color: #2F5AAE;\r\n  letter-spacing: 2px;\r\n  text-transform: uppercase;\r\n  text-shadow: 0px 3px 8px rgba(0,0,0,0.25);\r\n}\r\n.brand-hero-title .brand-sub {\r\n  display: block;\r\n  font-size: 1.3rem;\r\n  font-weight: 500;\r\n  margin-top: 12px;\r\n  color: #4A6FA5;\r\n}\r\n@media (max-width:768px){\r\n  .brand-hero-title .brand-main { font-size: 2.4rem; }\r\n  .brand-hero-title .brand-sub { font-size: 1rem; }\r\n}\r\n<\/style>\r\n\t\t\t\t<\/div>\n\t\t\t\t<\/div>\n\t\t\t\t\t<\/div>\n\t\t\t\t<\/div>\n\t\t<div class=\"elementor-element elementor-element-f9856b1 e-flex e-con-boxed e-con e-parent\" data-id=\"f9856b1\" data-element_type=\"container\">\n\t\t\t\t\t<div class=\"e-con-inner\">\n\t\t\t\t<div class=\"elementor-element elementor-element-a9ef96d elementor-widget elementor-widget-text-editor\" data-id=\"a9ef96d\" data-element_type=\"widget\" data-widget_type=\"text-editor.default\">\n\t\t\t\t<div class=\"elementor-widget-container\">\n\t\t\t\t\t\t\t\t\t<p data-start=\"66\" data-end=\"121\"><strong data-start=\"66\" data-end=\"121\">Solu\u00e7\u00f5es profissionais de embalagem para todos os setores<\/strong><\/p><p data-start=\"123\" data-end=\"483\">Na Zhixin Packaging, nos especializamos na fabrica\u00e7\u00e3o de sacos de tecido de alta qualidade, sacos de papel, embalagens flex\u00edveis e sacos FIBC\/tonelada sob medida para atender \u00e0s diversas necessidades de nossos clientes globais. Nossos produtos combinam durabilidade, confiabilidade e personaliza\u00e7\u00e3o para fornecer solu\u00e7\u00f5es de embalagem ideais para p\u00f3s a granel, gr\u00e3os, produtos qu\u00edmicos, materiais de constru\u00e7\u00e3o e muito mais.<\/p><p data-start=\"485\" data-end=\"514\"><strong data-start=\"485\" data-end=\"514\">Por que escolher nossas embalagens?<\/strong><\/p><ul data-start=\"516\" data-end=\"1150\"><li data-start=\"516\" data-end=\"628\"><p data-start=\"518\" data-end=\"628\"><strong data-start=\"518\" data-end=\"548\">Qualidade superior do material:<\/strong> Fabricado com polipropileno 100% virgem, papel kraft e laminados ecologicamente corretos.<\/p><\/li><li data-start=\"629\" data-end=\"763\"><p data-start=\"631\" data-end=\"763\"><strong data-start=\"631\" data-end=\"666\">Tamanhos e designs personaliz\u00e1veis:<\/strong> Dimens\u00f5es sob medida, impress\u00e3o em at\u00e9 9 cores e v\u00e1rios fechos para atender \u00e0s necessidades de seu produto.<\/p><\/li><li data-start=\"764\" data-end=\"912\"><p data-start=\"766\" data-end=\"912\"><strong data-start=\"766\" data-end=\"788\">Durabilidade testada:<\/strong> Nossas bolsas passam por rigorosos testes de qualidade, incluindo testes de queda e verifica\u00e7\u00f5es de resist\u00eancia de veda\u00e7\u00e3o para garantir uma prote\u00e7\u00e3o confi\u00e1vel.<\/p><\/li><li data-start=\"913\" data-end=\"1035\"><p data-start=\"915\" data-end=\"1035\"><strong data-start=\"915\" data-end=\"942\">Aplica\u00e7\u00f5es vers\u00e1teis:<\/strong> Perfeito para os setores agr\u00edcola, qu\u00edmico, de processamento de alimentos, constru\u00e7\u00e3o e industrial.<\/p><\/li><li data-start=\"1036\" data-end=\"1150\"><p data-start=\"1038\" data-end=\"1150\"><strong data-start=\"1038\" data-end=\"1062\">Log\u00edstica eficiente:<\/strong> Projetado para facilitar o manuseio, o empilhamento e o transporte, otimizando sua cadeia de suprimentos.<\/p><\/li><\/ul><p data-start=\"1152\" data-end=\"1297\">Assista aos nossos v\u00eddeos exclusivos de amostragem de clientes e teste de queda abaixo para ver o desempenho no mundo real e a garantia de qualidade de nossos produtos de embalagem.<\/p>\t\t\t\t\t\t\t\t<\/div>\n\t\t\t\t<\/div>\n\t\t\t\t\t<\/div>\n\t\t\t\t<\/div>\n\t\t<div class=\"elementor-element elementor-element-5e4e6e7 e-flex e-con-boxed e-con e-parent\" data-id=\"5e4e6e7\" data-element_type=\"container\">\n\t\t\t\t\t<div class=\"e-con-inner\">\n\t\t<div class=\"elementor-element elementor-element-2a66afb e-con-full e-flex e-con e-child\" data-id=\"2a66afb\" data-element_type=\"container\">\n\t\t\t\t<div class=\"elementor-element elementor-element-30ee674 elementor-widget elementor-widget-video\" data-id=\"30ee674\" data-element_type=\"widget\" data-settings=\"{&quot;youtube_url&quot;:&quot;https:\\\/\\\/www.youtube.com\\\/shorts\\\/UCh4Z43Vjg4&quot;,&quot;video_type&quot;:&quot;youtube&quot;,&quot;controls&quot;:&quot;yes&quot;}\" data-widget_type=\"video.default\">\n\t\t\t\t<div class=\"elementor-widget-container\">\n\t\t\t\t\t\t\t<div class=\"elementor-wrapper elementor-open-inline\">\n\t\t\t<div class=\"elementor-video\"><\/div>\t\t<\/div>\n\t\t\t\t\t\t<\/div>\n\t\t\t\t<\/div>\n\t\t\t\t<\/div>\n\t\t<div class=\"elementor-element elementor-element-03f5f2e e-con-full e-flex e-con e-child\" data-id=\"03f5f2e\" data-element_type=\"container\">\n\t\t\t\t<div class=\"elementor-element elementor-element-296b776 elementor-widget elementor-widget-video\" data-id=\"296b776\" data-element_type=\"widget\" data-settings=\"{&quot;youtube_url&quot;:&quot;https:\\\/\\\/www.youtube.com\\\/shorts\\\/oVBpjX_l518&quot;,&quot;video_type&quot;:&quot;youtube&quot;,&quot;controls&quot;:&quot;yes&quot;}\" data-widget_type=\"video.default\">\n\t\t\t\t<div class=\"elementor-widget-container\">\n\t\t\t\t\t\t\t<div class=\"elementor-wrapper elementor-open-inline\">\n\t\t\t<div class=\"elementor-video\"><\/div>\t\t<\/div>\n\t\t\t\t\t\t<\/div>\n\t\t\t\t<\/div>\n\t\t\t\t<\/div>\n\t\t\t\t\t<\/div>\n\t\t\t\t<\/div>\n\t\t\t\t<\/div>\n\t\t","protected":false},"excerpt":{"rendered":"<p>Zhixin Packaging Nossos Produtos Solu\u00e7\u00f5es profissionais de embalagem para todos os setores Na Zhixin Packaging, nos especializamos na fabrica\u00e7\u00e3o de sacos de tecido de alta qualidade, sacos de papel, embalagens flex\u00edveis e sacos FIBC\/tonelada sob medida para atender \u00e0s diversas necessidades de nossos clientes globais. Nossos produtos combinam durabilidade, confiabilidade e personaliza\u00e7\u00e3o para fornecer solu\u00e7\u00f5es&hellip;&nbsp;<a href=\"https:\/\/smartpackbags.com\/pt-br\/produtos\/\" rel=\"bookmark\"><span class=\"screen-reader-text\">Produtos<\/span><\/a><\/p>\n","protected":false},"author":1,"featured_media":0,"parent":0,"menu_order":0,"comment_status":"closed","ping_status":"closed","template":"page-templates\/template-pagebuilder-full-width.php","meta":{"neve_meta_sidebar":"","neve_meta_container":"","neve_meta_enable_content_width":"","neve_meta_content_width":0,"neve_meta_title_alignment":"","neve_meta_author_avatar":"","neve_post_elements_order":"","neve_meta_disable_header":"","neve_meta_disable_footer":"","neve_meta_disable_title":"","footnotes":""},"class_list":["post-3545","page","type-page","status-publish","hentry"],"rttpg_featured_image_url":null,"rttpg_author":{"display_name":"xuxueming69@gmail.com","author_link":"https:\/\/smartpackbags.com\/pt-br\/author\/xuxueming69gmail-com\/"},"rttpg_comment":0,"rttpg_category":" <a href=\"https:\/\/smartpackbags.com\/pt-br\/?taxonomy=translation_priority&#038;term=opcional\" rel=\"tag\">Opcional<\/a>","rttpg_excerpt":"Zhixin Packaging Nossos Produtos Solu\u00e7\u00f5es profissionais de embalagem para todos os setores Na Zhixin Packaging, nos especializamos na fabrica\u00e7\u00e3o de sacos de tecido de alta qualidade, sacos de papel, embalagens flex\u00edveis e sacos FIBC\/tonelada sob medida para atender \u00e0s diversas necessidades de nossos clientes globais. Nossos produtos combinam durabilidade, confiabilidade e personaliza\u00e7\u00e3o para fornecer solu\u00e7\u00f5es&hellip;&nbsp;Produtos","_links":{"self":[{"href":"https:\/\/smartpackbags.com\/pt-br\/wp-json\/wp\/v2\/pages\/3545","targetHints":{"allow":["GET"]}}],"collection":[{"href":"https:\/\/smartpackbags.com\/pt-br\/wp-json\/wp\/v2\/pages"}],"about":[{"href":"https:\/\/smartpackbags.com\/pt-br\/wp-json\/wp\/v2\/types\/page"}],"author":[{"embeddable":true,"href":"https:\/\/smartpackbags.com\/pt-br\/wp-json\/wp\/v2\/users\/1"}],"replies":[{"embeddable":true,"href":"https:\/\/smartpackbags.com\/pt-br\/wp-json\/wp\/v2\/comments?post=3545"}],"version-history":[{"count":3,"href":"https:\/\/smartpackbags.com\/pt-br\/wp-json\/wp\/v2\/pages\/3545\/revisions"}],"predecessor-version":[{"id":5542,"href":"https:\/\/smartpackbags.com\/pt-br\/wp-json\/wp\/v2\/pages\/3545\/revisions\/5542"}],"wp:attachment":[{"href":"https:\/\/smartpackbags.com\/pt-br\/wp-json\/wp\/v2\/media?parent=3545"}],"curies":[{"name":"wp","href":"https:\/\/api.w.org\/{rel}","templated":true}]}}