{"id":3470,"date":"2025-05-22T08:11:05","date_gmt":"2025-05-22T00:11:05","guid":{"rendered":"https:\/\/smartpackbags.com\/iletisim\/"},"modified":"2026-01-04T09:08:05","modified_gmt":"2026-01-04T01:08:05","slug":"iletisim","status":"publish","type":"page","link":"https:\/\/smartpackbags.com\/tr\/iletisim\/","title":{"rendered":"\u0130leti\u015fim"},"content":{"rendered":"\t\t<div data-elementor-type=\"wp-page\" data-elementor-id=\"3470\" class=\"elementor elementor-3470 elementor-25\">\n\t\t\t\t<div class=\"elementor-element elementor-element-ffcbba6 e-flex e-con-boxed e-con e-parent\" data-id=\"ffcbba6\" data-element_type=\"container\">\n\t\t\t\t\t<div class=\"e-con-inner\">\n\t\t\t\t<div class=\"elementor-element elementor-element-a08aa8c elementor-widget elementor-widget-html\" data-id=\"a08aa8c\" data-element_type=\"widget\" data-widget_type=\"html.default\">\n\t\t\t\t<div class=\"elementor-widget-container\">\n\t\t\t\t\t<h1 class=\"brand-hero-title\">\r\n  <span class=\"brand-main\">Zhixin Packaging<\/span>\r\n  <span class=\"brand-sub\">\u0130leti\u015fime Ge\u00e7in<\/span>\r\n<\/h1>\r\n\r\n<style>\r\n.brand-hero-title {\r\n  text-align: center;\r\n  margin: 60px auto 40px;\r\n  line-height: 1.3;\r\n}\r\n.brand-hero-title .brand-main {\r\n  display: block;\r\n  font-size: 3.2rem;\r\n  font-weight: 900;\r\n  color: #2F5AAE;\r\n  letter-spacing: 2px;\r\n  text-transform: uppercase;\r\n  text-shadow: 0px 3px 8px rgba(0,0,0,0.25);\r\n}\r\n.brand-hero-title .brand-sub {\r\n  display: block;\r\n  font-size: 1.3rem;\r\n  font-weight: 500;\r\n  margin-top: 12px;\r\n  color: #4A6FA5;\r\n}\r\n@media (max-width:768px){\r\n  .brand-hero-title .brand-main { font-size: 2.4rem; }\r\n  .brand-hero-title .brand-sub { font-size: 1rem; }\r\n}\r\n<\/style>\r\n\t\t\t\t<\/div>\n\t\t\t\t<\/div>\n\t\t\t\t\t<\/div>\n\t\t\t\t<\/div>\n\t\t<div class=\"elementor-element elementor-element-8f44f53 e-con-full e-flex e-con e-parent\" data-id=\"8f44f53\" data-element_type=\"container\" data-settings=\"{&quot;background_background&quot;:&quot;classic&quot;}\">\n\t\t\t\t<div class=\"elementor-element elementor-element-8101a9a elementor-widget elementor-widget-heading\" data-id=\"8101a9a\" data-element_type=\"widget\" data-widget_type=\"heading.default\">\n\t\t\t\t<div class=\"elementor-widget-container\">\n\t\t\t\t\t<h2 class=\"elementor-heading-title elementor-size-default\">Zhixin Packaging ile ileti\u015fime ge\u00e7in<\/h2>\t\t\t\t<\/div>\n\t\t\t\t<\/div>\n\t\t\t\t<div class=\"elementor-element elementor-element-048184e elementor-widget elementor-widget-text-editor\" data-id=\"048184e\" data-element_type=\"widget\" data-widget_type=\"text-editor.default\">\n\t\t\t\t<div class=\"elementor-widget-container\">\n\t\t\t\t\t\t\t\t\t<p>Paketleme ihtiya\u00e7lar\u0131n\u0131z\u0131 k\u00fcresel olarak desteklemek i\u00e7in buraday\u0131z<\/p>\t\t\t\t\t\t\t\t<\/div>\n\t\t\t\t<\/div>\n\t\t\t\t<\/div>\n\t\t<div class=\"elementor-element elementor-element-4ded38c e-con-full e-flex e-con e-parent\" data-id=\"4ded38c\" data-element_type=\"container\">\n\t\t<div class=\"elementor-element elementor-element-6a40628 e-grid e-con-full e-con e-child\" data-id=\"6a40628\" data-element_type=\"container\">\n\t\t\t\t<div class=\"elementor-element elementor-element-8506039 elementor-widget elementor-widget-text-editor\" data-id=\"8506039\" data-element_type=\"widget\" data-widget_type=\"text-editor.default\">\n\t\t\t\t<div class=\"elementor-widget-container\">\n\t\t\t\t\t\t\t\t\t<p>\ud83d\udccd Zhixin Packaging ile \u0130leti\u015fime Ge\u00e7in<\/p><p>\u0130ster \u00f6zel ambalaj \u00e7\u00f6z\u00fcmleri ar\u0131yor ister h\u0131zl\u0131 bir fiyat teklifine ihtiya\u00e7 duyuyor olun, size yard\u0131mc\u0131 olmak i\u00e7in buraday\u0131z. Formu doldurun veya do\u011frudan bizimle ileti\u015fime ge\u00e7in.<\/p><p>\u2709\ufe0f E-posta: rain.xu@smartpackbags.com<\/p><p>\ud83d\udcde Telefon numaras\u0131: +86-15728041867<\/p><p>\ud83c\udfe2 Adres:Adresi: B-14 Parseli, Danpu End\u00fcstri B\u00f6lgesi, Xiaojiang Kasabas\u0131, Pingyang \u0130l\u00e7esi, Wenzhou \u015eehri, Zhejiang Eyaleti, \u00c7in.<\/p>\t\t\t\t\t\t\t\t<\/div>\n\t\t\t\t<\/div>\n\t\t\t\t<div class=\"elementor-element elementor-element-1f8de89 elementor-widget elementor-widget-google_maps\" data-id=\"1f8de89\" data-element_type=\"widget\" data-widget_type=\"google_maps.default\">\n\t\t\t\t<div class=\"elementor-widget-container\">\n\t\t\t\t\t\t\t<div class=\"elementor-custom-embed\">\n\t\t\t<iframe loading=\"lazy\"\n\t\t\t\t\tsrc=\"https:\/\/maps.google.com\/maps?q=Adresi%3A%20B-14%20Parseli%2C%20Danpu%20End%C3%BCstri%20B%C3%B6lgesi%2C%20Xiaojiang%20Kasabas%C4%B1%2C%20Pingyang%20%C4%B0l%C3%A7esi%2C%20Wenzhou%20%C5%9Eehri%2C%20Zhejiang%20Eyaleti%2C%20%C3%87in.&#038;t=m&#038;z=15&#038;output=embed&#038;iwloc=near\"\n\t\t\t\t\ttitle=\"Adresi: B-14 Parseli, Danpu End\u00fcstri B\u00f6lgesi, Xiaojiang Kasabas\u0131, Pingyang \u0130l\u00e7esi, Wenzhou \u015eehri, Zhejiang Eyaleti, \u00c7in.\"\n\t\t\t\t\taria-label=\"Adresi: B-14 Parseli, Danpu End\u00fcstri B\u00f6lgesi, Xiaojiang Kasabas\u0131, Pingyang \u0130l\u00e7esi, Wenzhou \u015eehri, Zhejiang Eyaleti, \u00c7in.\"\n\t\t\t><\/iframe>\n\t\t<\/div>\n\t\t\t\t\t\t<\/div>\n\t\t\t\t<\/div>\n\t\t\t\t<\/div>\n\t\t<div class=\"elementor-element elementor-element-1b1c827 e-con-full e-flex e-con e-child\" data-id=\"1b1c827\" data-element_type=\"container\">\n\t\t\t\t<div class=\"elementor-element elementor-element-c01e76b elementor-widget elementor-widget-shortcode\" data-id=\"c01e76b\" data-element_type=\"widget\" data-widget_type=\"shortcode.default\">\n\t\t\t\t<div class=\"elementor-widget-container\">\n\t\t\t\t\t\t\t<div class=\"elementor-shortcode\">\n<div class=\"wpcf7 no-js\" id=\"wpcf7-f3319-o1\" lang=\"tr-TR\" dir=\"ltr\" data-wpcf7-id=\"3319\">\n<div class=\"screen-reader-response\"><p role=\"status\" aria-live=\"polite\" aria-atomic=\"true\"><\/p> <ul><\/ul><\/div>\n<form action=\"\/tr\/wp-json\/wp\/v2\/pages\/3470#wpcf7-f3319-o1\" method=\"post\" class=\"wpcf7-form init\" aria-label=\"\u0130leti\u015fim Formu\" novalidate=\"novalidate\" data-status=\"init\">\n<div style=\"display: none;\">\n<input type=\"hidden\" name=\"_wpcf7\" value=\"3319\" \/>\n<input type=\"hidden\" name=\"_wpcf7_version\" value=\"6.0.6\" \/>\n<input type=\"hidden\" name=\"_wpcf7_locale\" value=\"tr_TR\" \/>\n<input type=\"hidden\" name=\"_wpcf7_unit_tag\" value=\"wpcf7-f3319-o1\" \/>\n<input type=\"hidden\" name=\"_wpcf7_container_post\" value=\"0\" \/>\n<input type=\"hidden\" name=\"_wpcf7_posted_data_hash\" value=\"\" \/>\n<\/div>\n<p>Ad:<br \/>\n[text* ad\u0131n\u0131z yer tutucu \"Ad\u0131n\u0131z\u0131 buraya girin\"]\n<\/p>\n<p>\u00dclke:<br \/>\n<span class=\"wpcf7-form-control-wrap\" data-name=\"country\"><input size=\"40\" maxlength=\"400\" class=\"wpcf7-form-control wpcf7-text wpcf7-validates-as-required\" aria-required=\"true\" aria-invalid=\"false\" placeholder=\"\u00dclkenizi buraya girin\" value=\"\" type=\"text\" name=\"country\" \/><\/span>\n<\/p>\n<p>E-posta:<br \/>\n<span class=\"wpcf7-form-control-wrap\" data-name=\"email\"><input size=\"40\" maxlength=\"400\" class=\"wpcf7-form-control wpcf7-email wpcf7-validates-as-required wpcf7-text wpcf7-validates-as-email\" aria-required=\"true\" aria-invalid=\"false\" placeholder=\"E-postan\u0131z\u0131 buraya girin\" value=\"\" type=\"email\" name=\"email\" \/><\/span>\n<\/p>\n<p>Telefon:<br \/>\n<span class=\"wpcf7-form-control-wrap\" data-name=\"phone\"><input size=\"40\" maxlength=\"400\" class=\"wpcf7-form-control wpcf7-tel wpcf7-validates-as-required wpcf7-text wpcf7-validates-as-tel\" aria-required=\"true\" aria-invalid=\"false\" placeholder=\"Telefonunuzu buraya girin\" value=\"\" type=\"tel\" name=\"phone\" \/><\/span>\n<\/p>\n<p>\u015eirket:<br \/>\n<span class=\"wpcf7-form-control-wrap\" data-name=\"company\"><input size=\"40\" maxlength=\"400\" class=\"wpcf7-form-control wpcf7-text wpcf7-validates-as-required\" aria-required=\"true\" aria-invalid=\"false\" placeholder=\"\u015eirketinizi buraya girin\" value=\"\" type=\"text\" name=\"company\" \/><\/span>\n<\/p>\n<p>Mesaj:<br \/>\n<span class=\"wpcf7-form-control-wrap\" data-name=\"Message\"><textarea cols=\"40\" rows=\"10\" maxlength=\"2000\" class=\"wpcf7-form-control wpcf7-textarea\" aria-invalid=\"false\" placeholder=\"Mesaj\u0131n\u0131z\u0131 buraya girin\" name=\"Message\"><\/textarea><\/span>\n<\/p>\n<p><input class=\"wpcf7-form-control wpcf7-submit has-spinner\" type=\"submit\" value=\"G\u00f6nder\" \/>\n<\/p><input type='hidden' class='wpcf7-pum' value='{\"closepopup\":false,\"closedelay\":0,\"openpopup\":false,\"openpopup_id\":0}' \/><div class=\"wpcf7-response-output\" aria-hidden=\"true\"><\/div>\n<\/form>\n<\/div>\n<\/div>\n\t\t\t\t\t\t<\/div>\n\t\t\t\t<\/div>\n\t\t\t\t<\/div>\n\t\t\t\t<\/div>\n\t\t<div class=\"elementor-element elementor-element-7a94595 e-flex e-con-boxed e-con e-parent\" data-id=\"7a94595\" data-element_type=\"container\">\n\t\t\t\t\t<div class=\"e-con-inner\">\n\t\t\t\t<div class=\"elementor-element elementor-element-80c150e elementor-widget elementor-widget-html\" data-id=\"80c150e\" data-element_type=\"widget\" data-widget_type=\"html.default\">\n\t\t\t\t<div class=\"elementor-widget-container\">\n\t\t\t\t\t<a href=\"https:\/\/wa.me\/8615728041867\" class=\"whatsapp-float\" target=\"_blank\" rel=\"noopener\"><img decoding=\"async\" src=\"https:\/\/upload.wikimedia.org\/wikipedia\/commons\/6\/6b\/WhatsApp.svg\" alt=\"WhatsApp\"><\/a><style>.whatsapp-float {\r\n  position: fixed;\r\n  bottom: 20px;\r\n  right: 20px;\r\n  width: 50px;\r\n  height: 50px;\r\n  background: #25D366;\r\n  border-radius: 50%;\r\n  display: flex;\r\n  align-items: center;\r\n  justify-content: center;\r\n  box-shadow: 0 2px 10px rgba(0,0,0,0.2);\r\n  z-index: 999;\r\n}\r\n.whatsapp-float img {\r\n  width: 30px;\r\n  height: 30px;\r\n}\r\n<\/style>\t\t\t\t<\/div>\n\t\t\t\t<\/div>\n\t\t\t\t\t<\/div>\n\t\t\t\t<\/div>\n\t\t<div class=\"elementor-element elementor-element-b929eb4 e-flex e-con-boxed e-con e-parent\" data-id=\"b929eb4\" data-element_type=\"container\">\n\t\t\t\t\t<div class=\"e-con-inner\">\n\t\t<div class=\"elementor-element elementor-element-c6c8f81 e-con-full e-flex e-con e-child\" data-id=\"c6c8f81\" data-element_type=\"container\">\n\t\t\t\t<div class=\"elementor-element elementor-element-ef64347 elementor-widget elementor-widget-html\" data-id=\"ef64347\" data-element_type=\"widget\" data-widget_type=\"html.default\">\n\t\t\t\t<div class=\"elementor-widget-container\">\n\t\t\t\t\t<a href=\"mailto:rain.xu@smartpackbags.com\" class=\"email-float\" target=\"_blank\" title=\"\u53d1\u9001\u90ae\u4ef6\"><img decoding=\"async\" src=\"https:\/\/cdn-icons-png.flaticon.com\/512\/732\/732200.png\" alt=\"Email Icon\"><\/a><style>.email-float {\r\n  position: fixed;\r\n  bottom: 20px;\r\n  left: 20px;\r\n  width: 56px;\r\n  height: 56px;\r\n  background: #EA4335; \/* Gmail\u98ce\u683c\u7ea2\u8272 *\/\r\n  border-radius: 50%;\r\n  display: flex;\r\n  align-items: center;\r\n  justify-content: center;\r\n  box-shadow: 0 2px 10px rgba(0,0,0,0.2);\r\n  z-index: 999;\r\n  transition: all 0.3s ease;\r\n}\r\n.email-float:hover {\r\n  background: #D33426; \/* \u60ac\u505c\u6df1\u7ea2\u8272 *\/\r\n  transform: scale(1.05);\r\n}\r\n.email-float img {\r\n  width: 28px;\r\n  height: 28px;\r\n  filter: brightness(0) invert(1); \/* \u56fe\u6807\u53d8\u767d\u8272 *\/\r\n}\r\n\r\n\/* \u624b\u673a\u7aef\u9002\u914d *\/\r\n@media (max-width: 768px) {\r\n  .email-float {\r\n    width: 48px;\r\n    height: 48px;\r\n    bottom: 15px;\r\n    left: 15px;\r\n  }\r\n  .email-float img {\r\n    width: 24px;\r\n    height: 24px;\r\n  }\r\n}\r\n<\/style>\t\t\t\t<\/div>\n\t\t\t\t<\/div>\n\t\t\t\t<\/div>\n\t\t\t\t\t<\/div>\n\t\t\t\t<\/div>\n\t\t<div class=\"elementor-element elementor-element-9558882 e-flex e-con-boxed e-con e-parent\" data-id=\"9558882\" data-element_type=\"container\">\n\t\t\t\t\t<div class=\"e-con-inner\">\n\t\t\t\t<div class=\"elementor-element elementor-element-2310ab6 elementor-widget elementor-widget-html\" data-id=\"2310ab6\" data-element_type=\"widget\" data-widget_type=\"html.default\">\n\t\t\t\t<div class=\"elementor-widget-container\">\n\t\t\t\t\t<script type=\"application\/ld+json\">{\r\n  \"@context\": \"https:\/\/schema.org\",\r\n  \"@type\": \"ContactPage\",\r\n  \"name\": \"Contact Us\",\r\n  \"url\": \"https:\/\/smartpackbags.com\/contact-us\",\r\n  \"description\": \"Contact Zhixin Packaging for custom industrial packaging solutions. Reach us via email, phone, WhatsApp, or visit our office and factory in Wenzhou, China.\",\r\n  \"mainEntity\": {\r\n    \"@type\": \"Organization\",\r\n    \"name\": \"Zhixin Packaging\",\r\n    \"alternateName\": \"\u667a\u65b0\u5305\u88c5\",\r\n    \"url\": \"https:\/\/smartpackbags.com\",\r\n    \"logo\": \"https:\/\/smartpackbags.com\/wp-content\/uploads\/2025\/06\/Zhixin-Packaging-logo.png\",\r\n    \"email\": \"rain.xu@smartpackbags.com\",\r\n    \"contactPoint\": [\r\n      {\r\n        \"@type\": \"ContactPoint\",\r\n        \"telephone\": \"+86-15728041867\",\r\n        \"contactType\": \"customer service\",\r\n        \"email\": \"rain.xu@smartpackbags.com\",\r\n        \"availableLanguage\": [\"English\", \"Chinese\"],\r\n        \"areaServed\": \"Worldwide\"\r\n      },\r\n      {\r\n        \"@type\": \"ContactPoint\",\r\n        \"contactType\": \"WhatsApp\",\r\n        \"telephone\": \"+86-15728041867\",\r\n        \"availableLanguage\": [\"English\", \"Chinese\"]\r\n      }\r\n    ],\r\n    \"address\": [\r\n      {\r\n        \"@type\": \"PostalAddress\",\r\n        \"streetAddress\": \"Room 201, 2nd Floor, No. 428, Fengye Road, Fengmen Street, Lucheng District\",\r\n        \"addressLocality\": \"Wenzhou City\",\r\n        \"addressRegion\": \"Zhejiang Province\",\r\n        \"addressCountry\": \"CN\",\r\n        \"name\": \"Office\"\r\n      },\r\n      {\r\n        \"@type\": \"PostalAddress\",\r\n        \"streetAddress\": \"Danpu Industrial Zone, Xiaojiang Town, Pingyang County\",\r\n        \"addressLocality\": \"Wenzhou City\",\r\n        \"addressRegion\": \"Zhejiang Province\",\r\n        \"addressCountry\": \"CN\",\r\n        \"name\": \"Factory\"\r\n      }\r\n    ]\r\n  }\r\n}\r\n<\/script>\t\t\t\t<\/div>\n\t\t\t\t<\/div>\n\t\t\t\t\t<\/div>\n\t\t\t\t<\/div>\n\t\t\t\t<\/div>\n\t\t","protected":false},"excerpt":{"rendered":"<p>Zhixin Packaging \u0130leti\u015fime Ge\u00e7in Zhixin Packaging ile ileti\u015fime ge\u00e7in Paketleme ihtiya\u00e7lar\u0131n\u0131z\u0131 k\u00fcresel olarak desteklemek i\u00e7in buraday\u0131z \ud83d\udccd Zhixin Packaging ile \u0130leti\u015fime Ge\u00e7in \u0130ster \u00f6zel ambalaj \u00e7\u00f6z\u00fcmleri ar\u0131yor ister h\u0131zl\u0131 bir fiyat teklifine ihtiya\u00e7 duyuyor olun, size yard\u0131mc\u0131 olmak i\u00e7in buraday\u0131z. Formu doldurun veya do\u011frudan bizimle ileti\u015fime ge\u00e7in. \u2709\ufe0f E-posta: rain.xu@smartpackbags.com \ud83d\udcde Telefon numaras\u0131: +86-15728041867 \ud83c\udfe2&hellip;&nbsp;<a href=\"https:\/\/smartpackbags.com\/tr\/iletisim\/\" rel=\"bookmark\"><span class=\"screen-reader-text\">\u0130leti\u015fim<\/span><\/a><\/p>\n","protected":false},"author":1,"featured_media":0,"parent":0,"menu_order":0,"comment_status":"closed","ping_status":"closed","template":"","meta":{"neve_meta_sidebar":"","neve_meta_container":"","neve_meta_enable_content_width":"","neve_meta_content_width":0,"neve_meta_title_alignment":"","neve_meta_author_avatar":"","neve_post_elements_order":"","neve_meta_disable_header":"","neve_meta_disable_footer":"","neve_meta_disable_title":"on","footnotes":""},"class_list":["post-3470","page","type-page","status-publish","hentry"],"rttpg_featured_image_url":null,"rttpg_author":{"display_name":"xuxueming69@gmail.com","author_link":"https:\/\/smartpackbags.com\/tr\/author\/xuxueming69gmail-com\/"},"rttpg_comment":0,"rttpg_category":" <a href=\"https:\/\/smartpackbags.com\/tr\/?taxonomy=translation_priority&#038;term=opsiyonel\" rel=\"tag\">Opsiyonel<\/a>","rttpg_excerpt":"Zhixin Packaging \u0130leti\u015fime Ge\u00e7in Zhixin Packaging ile ileti\u015fime ge\u00e7in Paketleme ihtiya\u00e7lar\u0131n\u0131z\u0131 k\u00fcresel olarak desteklemek i\u00e7in buraday\u0131z \ud83d\udccd Zhixin Packaging ile \u0130leti\u015fime Ge\u00e7in \u0130ster \u00f6zel ambalaj \u00e7\u00f6z\u00fcmleri ar\u0131yor ister h\u0131zl\u0131 bir fiyat teklifine ihtiya\u00e7 duyuyor olun, size yard\u0131mc\u0131 olmak i\u00e7in buraday\u0131z. Formu doldurun veya do\u011frudan bizimle ileti\u015fime ge\u00e7in. \u2709\ufe0f E-posta: rain.xu@smartpackbags.com \ud83d\udcde Telefon numaras\u0131: +86-15728041867 \ud83c\udfe2&hellip;&nbsp;\u0130leti\u015fim","_links":{"self":[{"href":"https:\/\/smartpackbags.com\/tr\/wp-json\/wp\/v2\/pages\/3470","targetHints":{"allow":["GET"]}}],"collection":[{"href":"https:\/\/smartpackbags.com\/tr\/wp-json\/wp\/v2\/pages"}],"about":[{"href":"https:\/\/smartpackbags.com\/tr\/wp-json\/wp\/v2\/types\/page"}],"author":[{"embeddable":true,"href":"https:\/\/smartpackbags.com\/tr\/wp-json\/wp\/v2\/users\/1"}],"replies":[{"embeddable":true,"href":"https:\/\/smartpackbags.com\/tr\/wp-json\/wp\/v2\/comments?post=3470"}],"version-history":[{"count":9,"href":"https:\/\/smartpackbags.com\/tr\/wp-json\/wp\/v2\/pages\/3470\/revisions"}],"predecessor-version":[{"id":6655,"href":"https:\/\/smartpackbags.com\/tr\/wp-json\/wp\/v2\/pages\/3470\/revisions\/6655"}],"wp:attachment":[{"href":"https:\/\/smartpackbags.com\/tr\/wp-json\/wp\/v2\/media?parent=3470"}],"curies":[{"name":"wp","href":"https:\/\/api.w.org\/{rel}","templated":true}]}}