{"id":3571,"date":"2025-05-22T08:11:05","date_gmt":"2025-05-22T00:11:05","guid":{"rendered":"https:\/\/smartpackbags.com\/urunler\/"},"modified":"2025-09-22T16:46:49","modified_gmt":"2025-09-22T08:46:49","slug":"urunler","status":"publish","type":"page","link":"https:\/\/smartpackbags.com\/tr\/urunler\/","title":{"rendered":"\u00dcr\u00fcnler"},"content":{"rendered":"\t\t<div data-elementor-type=\"wp-page\" data-elementor-id=\"3571\" class=\"elementor elementor-3571 elementor-23\">\n\t\t\t\t<div class=\"elementor-element elementor-element-2aceb46 e-flex e-con-boxed e-con e-parent\" data-id=\"2aceb46\" data-element_type=\"container\">\n\t\t\t\t\t<div class=\"e-con-inner\">\n\t\t\t\t<div class=\"elementor-element elementor-element-a960738 elementor-widget elementor-widget-html\" data-id=\"a960738\" data-element_type=\"widget\" data-widget_type=\"html.default\">\n\t\t\t\t<div class=\"elementor-widget-container\">\n\t\t\t\t\t<h1 class=\"brand-hero-title\">\r\n  <span class=\"brand-main\">Zhixin Packaging<\/span>\r\n  <span class=\"brand-sub\">\u00dcr\u00fcnlerimiz<\/span>\r\n<\/h1>\r\n\r\n<style>\r\n.brand-hero-title {\r\n  text-align: center;\r\n  margin: 60px auto 40px;\r\n  line-height: 1.3;\r\n}\r\n.brand-hero-title .brand-main {\r\n  display: block;\r\n  font-size: 3.2rem;\r\n  font-weight: 900;\r\n  color: #2F5AAE;\r\n  letter-spacing: 2px;\r\n  text-transform: uppercase;\r\n  text-shadow: 0px 3px 8px rgba(0,0,0,0.25);\r\n}\r\n.brand-hero-title .brand-sub {\r\n  display: block;\r\n  font-size: 1.3rem;\r\n  font-weight: 500;\r\n  margin-top: 12px;\r\n  color: #4A6FA5;\r\n}\r\n@media (max-width:768px){\r\n  .brand-hero-title .brand-main { font-size: 2.4rem; }\r\n  .brand-hero-title .brand-sub { font-size: 1rem; }\r\n}\r\n<\/style>\r\n\t\t\t\t<\/div>\n\t\t\t\t<\/div>\n\t\t\t\t\t<\/div>\n\t\t\t\t<\/div>\n\t\t<div class=\"elementor-element elementor-element-f9856b1 e-flex e-con-boxed e-con e-parent\" data-id=\"f9856b1\" data-element_type=\"container\">\n\t\t\t\t\t<div class=\"e-con-inner\">\n\t\t\t\t<div class=\"elementor-element elementor-element-a9ef96d elementor-widget elementor-widget-text-editor\" data-id=\"a9ef96d\" data-element_type=\"widget\" data-widget_type=\"text-editor.default\">\n\t\t\t\t<div class=\"elementor-widget-container\">\n\t\t\t\t\t\t\t\t\t<p data-start=\"66\" data-end=\"121\"><strong data-start=\"66\" data-end=\"121\">Her Sekt\u00f6r i\u00e7in Profesyonel Ambalaj \u00c7\u00f6z\u00fcmleri<\/strong><\/p><p data-start=\"123\" data-end=\"483\">Zhixin Packaging olarak, k\u00fcresel m\u00fc\u015fterilerimizin \u00e7e\u015fitli ihtiya\u00e7lar\u0131n\u0131 kar\u015f\u0131lamak i\u00e7in \u00f6zel olarak tasarlanm\u0131\u015f y\u00fcksek kaliteli dokuma torbalar, ka\u011f\u0131t torbalar, esnek ambalajlar ve FIBC\/ton torbalar \u00fcretme konusunda uzman\u0131z. \u00dcr\u00fcnlerimiz, d\u00f6kme tozlar, tah\u0131llar, kimyasallar, in\u015faat malzemeleri ve daha fazlas\u0131 i\u00e7in en uygun paketleme \u00e7\u00f6z\u00fcmlerini sa\u011flamak \u00fczere dayan\u0131kl\u0131l\u0131k, g\u00fcvenilirlik ve \u00f6zelle\u015ftirmeyi bir araya getirmektedir.<\/p><p data-start=\"485\" data-end=\"514\"><strong data-start=\"485\" data-end=\"514\">Neden Ambalajlar\u0131m\u0131z\u0131 Se\u00e7melisiniz?<\/strong><\/p><ul data-start=\"516\" data-end=\"1150\"><li data-start=\"516\" data-end=\"628\"><p data-start=\"518\" data-end=\"628\"><strong data-start=\"518\" data-end=\"548\">\u00dcst\u00fcn Malzeme Kalitesi:<\/strong> 100 i\u015flenmemi\u015f polipropilen, kraft ka\u011f\u0131t ve \u00e7evre dostu laminatlardan \u00fcretilmi\u015ftir.<\/p><\/li><li data-start=\"629\" data-end=\"763\"><p data-start=\"631\" data-end=\"763\"><strong data-start=\"631\" data-end=\"666\">\u00d6zelle\u015ftirilebilir Boyutlar ve Tasar\u0131mlar:<\/strong> \u00d6zel boyutlar, 9 renge kadar bask\u0131 ve \u00fcr\u00fcn ihtiya\u00e7lar\u0131n\u0131za uygun \u00e7e\u015fitli kapaklar.<\/p><\/li><li data-start=\"764\" data-end=\"912\"><p data-start=\"766\" data-end=\"912\"><strong data-start=\"766\" data-end=\"788\">Dayan\u0131kl\u0131l\u0131k Test Edildi:<\/strong> \u00c7antalar\u0131m\u0131z, g\u00fcvenilir koruma sa\u011flamak i\u00e7in d\u00fc\u015fme testleri ve s\u0131zd\u0131rmazl\u0131k mukavemeti kontrolleri dahil olmak \u00fczere titiz kalite testlerinden ge\u00e7irilir.<\/p><\/li><li data-start=\"913\" data-end=\"1035\"><p data-start=\"915\" data-end=\"1035\"><strong data-start=\"915\" data-end=\"942\">\u00c7ok Y\u00f6nl\u00fc Uygulamalar:<\/strong> Tar\u0131m, kimya, g\u0131da i\u015fleme, in\u015faat ve end\u00fcstriyel sekt\u00f6rler i\u00e7in m\u00fckemmeldir.<\/p><\/li><li data-start=\"1036\" data-end=\"1150\"><p data-start=\"1038\" data-end=\"1150\"><strong data-start=\"1038\" data-end=\"1062\">Verimli Lojistik:<\/strong> Tedarik zincirinizi optimize ederek kolay kullan\u0131m, istifleme ve nakliye i\u00e7in tasarlanm\u0131\u015ft\u0131r.<\/p><\/li><\/ul><p data-start=\"1152\" data-end=\"1297\">Ambalaj \u00fcr\u00fcnlerimizin ger\u00e7ek d\u00fcnyadaki performans\u0131n\u0131 ve kalite g\u00fcvencesini g\u00f6rmek i\u00e7in a\u015fa\u011f\u0131daki \u00f6zel m\u00fc\u015fteri \u00f6rnekleme ve d\u00fc\u015f\u00fcrme testi videolar\u0131m\u0131z\u0131 izleyin.<\/p>\t\t\t\t\t\t\t\t<\/div>\n\t\t\t\t<\/div>\n\t\t\t\t\t<\/div>\n\t\t\t\t<\/div>\n\t\t<div class=\"elementor-element elementor-element-5e4e6e7 e-flex e-con-boxed e-con e-parent\" data-id=\"5e4e6e7\" data-element_type=\"container\">\n\t\t\t\t\t<div class=\"e-con-inner\">\n\t\t<div class=\"elementor-element elementor-element-2a66afb e-con-full e-flex e-con e-child\" data-id=\"2a66afb\" data-element_type=\"container\">\n\t\t\t\t<div class=\"elementor-element elementor-element-30ee674 elementor-widget elementor-widget-video\" data-id=\"30ee674\" data-element_type=\"widget\" data-settings=\"{&quot;youtube_url&quot;:&quot;https:\\\/\\\/www.youtube.com\\\/shorts\\\/UCh4Z43Vjg4&quot;,&quot;video_type&quot;:&quot;youtube&quot;,&quot;controls&quot;:&quot;yes&quot;}\" data-widget_type=\"video.default\">\n\t\t\t\t<div class=\"elementor-widget-container\">\n\t\t\t\t\t\t\t<div class=\"elementor-wrapper elementor-open-inline\">\n\t\t\t<div class=\"elementor-video\"><\/div>\t\t<\/div>\n\t\t\t\t\t\t<\/div>\n\t\t\t\t<\/div>\n\t\t\t\t<\/div>\n\t\t<div class=\"elementor-element elementor-element-03f5f2e e-con-full e-flex e-con e-child\" data-id=\"03f5f2e\" data-element_type=\"container\">\n\t\t\t\t<div class=\"elementor-element elementor-element-296b776 elementor-widget elementor-widget-video\" data-id=\"296b776\" data-element_type=\"widget\" data-settings=\"{&quot;youtube_url&quot;:&quot;https:\\\/\\\/www.youtube.com\\\/shorts\\\/oVBpjX_l518&quot;,&quot;video_type&quot;:&quot;youtube&quot;,&quot;controls&quot;:&quot;yes&quot;}\" data-widget_type=\"video.default\">\n\t\t\t\t<div class=\"elementor-widget-container\">\n\t\t\t\t\t\t\t<div class=\"elementor-wrapper elementor-open-inline\">\n\t\t\t<div class=\"elementor-video\"><\/div>\t\t<\/div>\n\t\t\t\t\t\t<\/div>\n\t\t\t\t<\/div>\n\t\t\t\t<\/div>\n\t\t\t\t\t<\/div>\n\t\t\t\t<\/div>\n\t\t\t\t<\/div>\n\t\t","protected":false},"excerpt":{"rendered":"<p>Zhixin Packaging \u00dcr\u00fcnlerimiz Her Sekt\u00f6r i\u00e7in Profesyonel Ambalaj \u00c7\u00f6z\u00fcmleri Zhixin Packaging olarak, k\u00fcresel m\u00fc\u015fterilerimizin \u00e7e\u015fitli ihtiya\u00e7lar\u0131n\u0131 kar\u015f\u0131lamak i\u00e7in \u00f6zel olarak tasarlanm\u0131\u015f y\u00fcksek kaliteli dokuma torbalar, ka\u011f\u0131t torbalar, esnek ambalajlar ve FIBC\/ton torbalar \u00fcretme konusunda uzman\u0131z. \u00dcr\u00fcnlerimiz, d\u00f6kme tozlar, tah\u0131llar, kimyasallar, in\u015faat malzemeleri ve daha fazlas\u0131 i\u00e7in en uygun paketleme \u00e7\u00f6z\u00fcmlerini sa\u011flamak \u00fczere dayan\u0131kl\u0131l\u0131k, g\u00fcvenilirlik ve&hellip;&nbsp;<a href=\"https:\/\/smartpackbags.com\/tr\/urunler\/\" rel=\"bookmark\"><span class=\"screen-reader-text\">\u00dcr\u00fcnler<\/span><\/a><\/p>\n","protected":false},"author":1,"featured_media":0,"parent":0,"menu_order":0,"comment_status":"closed","ping_status":"closed","template":"page-templates\/template-pagebuilder-full-width.php","meta":{"neve_meta_sidebar":"","neve_meta_container":"","neve_meta_enable_content_width":"","neve_meta_content_width":0,"neve_meta_title_alignment":"","neve_meta_author_avatar":"","neve_post_elements_order":"","neve_meta_disable_header":"","neve_meta_disable_footer":"","neve_meta_disable_title":"","footnotes":""},"class_list":["post-3571","page","type-page","status-publish","hentry"],"rttpg_featured_image_url":null,"rttpg_author":{"display_name":"xuxueming69@gmail.com","author_link":"https:\/\/smartpackbags.com\/tr\/author\/xuxueming69gmail-com\/"},"rttpg_comment":0,"rttpg_category":" <a href=\"https:\/\/smartpackbags.com\/tr\/?taxonomy=translation_priority&#038;term=opsiyonel\" rel=\"tag\">Opsiyonel<\/a>","rttpg_excerpt":"Zhixin Packaging \u00dcr\u00fcnlerimiz Her Sekt\u00f6r i\u00e7in Profesyonel Ambalaj \u00c7\u00f6z\u00fcmleri Zhixin Packaging olarak, k\u00fcresel m\u00fc\u015fterilerimizin \u00e7e\u015fitli ihtiya\u00e7lar\u0131n\u0131 kar\u015f\u0131lamak i\u00e7in \u00f6zel olarak tasarlanm\u0131\u015f y\u00fcksek kaliteli dokuma torbalar, ka\u011f\u0131t torbalar, esnek ambalajlar ve FIBC\/ton torbalar \u00fcretme konusunda uzman\u0131z. \u00dcr\u00fcnlerimiz, d\u00f6kme tozlar, tah\u0131llar, kimyasallar, in\u015faat malzemeleri ve daha fazlas\u0131 i\u00e7in en uygun paketleme \u00e7\u00f6z\u00fcmlerini sa\u011flamak \u00fczere dayan\u0131kl\u0131l\u0131k, g\u00fcvenilirlik ve&hellip;&nbsp;\u00dcr\u00fcnler","_links":{"self":[{"href":"https:\/\/smartpackbags.com\/tr\/wp-json\/wp\/v2\/pages\/3571","targetHints":{"allow":["GET"]}}],"collection":[{"href":"https:\/\/smartpackbags.com\/tr\/wp-json\/wp\/v2\/pages"}],"about":[{"href":"https:\/\/smartpackbags.com\/tr\/wp-json\/wp\/v2\/types\/page"}],"author":[{"embeddable":true,"href":"https:\/\/smartpackbags.com\/tr\/wp-json\/wp\/v2\/users\/1"}],"replies":[{"embeddable":true,"href":"https:\/\/smartpackbags.com\/tr\/wp-json\/wp\/v2\/comments?post=3571"}],"version-history":[{"count":4,"href":"https:\/\/smartpackbags.com\/tr\/wp-json\/wp\/v2\/pages\/3571\/revisions"}],"predecessor-version":[{"id":5639,"href":"https:\/\/smartpackbags.com\/tr\/wp-json\/wp\/v2\/pages\/3571\/revisions\/5639"}],"wp:attachment":[{"href":"https:\/\/smartpackbags.com\/tr\/wp-json\/wp\/v2\/media?parent=3571"}],"curies":[{"name":"wp","href":"https:\/\/api.w.org\/{rel}","templated":true}]}}