{"id":3652,"date":"2025-05-25T01:57:06","date_gmt":"2025-05-24T17:57:06","guid":{"rendered":"https:\/\/smartpackbags.com\/urunler\/dokuma-cantalar\/"},"modified":"2025-09-22T16:47:52","modified_gmt":"2025-09-22T08:47:52","slug":"dokuma-cantalar","status":"publish","type":"page","link":"https:\/\/smartpackbags.com\/tr\/urunler\/dokuma-cantalar\/","title":{"rendered":"Dokuma \u00c7antalar"},"content":{"rendered":"\t\t<div data-elementor-type=\"wp-page\" data-elementor-id=\"3652\" class=\"elementor elementor-3652 elementor-298\">\n\t\t\t\t<div class=\"elementor-element elementor-element-cd89083 e-flex e-con-boxed e-con e-parent\" data-id=\"cd89083\" data-element_type=\"container\">\n\t\t\t\t\t<div class=\"e-con-inner\">\n\t\t\t\t<div class=\"elementor-element elementor-element-f890482 elementor-widget elementor-widget-html\" data-id=\"f890482\" data-element_type=\"widget\" data-widget_type=\"html.default\">\n\t\t\t\t<div class=\"elementor-widget-container\">\n\t\t\t\t\t<h1 class=\"brand-hero-title\">\r\n  <span class=\"brand-main\">Zhixin Packaging<\/span>\r\n  <span class=\"brand-sub\">Dayan\u0131kl\u0131 ve \u00c7ok Y\u00f6nl\u00fc Dokuma \u00c7antalar<\/span>\r\n<\/h1>\r\n\r\n<style>\r\n.brand-hero-title {\r\n  text-align: center;\r\n  margin: 60px auto 40px;\r\n  line-height: 1.3;\r\n}\r\n.brand-hero-title .brand-main {\r\n  display: block;\r\n  font-size: 3.2rem;\r\n  font-weight: 900;\r\n  color: #2F5AAE;\r\n  letter-spacing: 2px;\r\n  text-transform: uppercase;\r\n  text-shadow: 0px 3px 8px rgba(0,0,0,0.25);\r\n}\r\n.brand-hero-title .brand-sub {\r\n  display: block;\r\n  font-size: 1.3rem;\r\n  font-weight: 500;\r\n  margin-top: 12px;\r\n  color: #4A6FA5;\r\n}\r\n@media (max-width:768px){\r\n  .brand-hero-title .brand-main { font-size: 2.4rem; }\r\n  .brand-hero-title .brand-sub { font-size: 1rem; }\r\n}\r\n<\/style>\r\n\t\t\t\t<\/div>\n\t\t\t\t<\/div>\n\t\t\t\t\t<\/div>\n\t\t\t\t<\/div>\n\t\t<div class=\"elementor-element elementor-element-693d794 e-con-full e-flex e-con e-parent\" data-id=\"693d794\" data-element_type=\"container\">\n\t\t\t\t<div class=\"elementor-element elementor-element-fac7cca elementor-widget elementor-widget-text-editor\" data-id=\"fac7cca\" data-element_type=\"widget\" data-widget_type=\"text-editor.default\">\n\t\t\t\t<div class=\"elementor-widget-container\">\n\t\t\t\t\t\t\t\t\t<p>Dokuma torbalar, polipropilenden (PP) \u00e7ekme, dokuma, diki\u015f veya yap\u0131\u015ft\u0131rma yoluyla yap\u0131lan plastik ambalaj torbalar\u0131d\u0131r. Yayg\u0131n t\u00fcrleri aras\u0131nda s\u0131radan dokuma torbalar, renkli bask\u0131l\u0131 dokuma torbalar, kare tabanl\u0131 dokuma torbalar ve valf a\u011f\u0131zl\u0131 dokuma torbalar bulunur. <\/p>\t\t\t\t\t\t\t\t<\/div>\n\t\t\t\t<\/div>\n\t\t\t\t<\/div>\n\t\t<div class=\"elementor-element elementor-element-2ed39cf e-grid e-con-full e-con e-parent\" data-id=\"2ed39cf\" data-element_type=\"container\">\n\t\t\t\t<div class=\"elementor-element elementor-element-8d727e7 elementor-widget elementor-widget-image\" data-id=\"8d727e7\" data-element_type=\"widget\" data-widget_type=\"image.default\">\n\t\t\t\t<div class=\"elementor-widget-container\">\n\t\t\t\t\t\t\t\t\t\t\t\t<figure class=\"wp-caption\">\n\t\t\t\t\t\t\t\t\t\t<img fetchpriority=\"high\" decoding=\"async\" width=\"304\" height=\"512\" src=\"https:\/\/smartpackbags.com\/wp-content\/uploads\/2025\/05\/\u56fe\u72471-1.png\" class=\"attachment-large size-large wp-image-3573\" alt=\"25kg PP woven bag for calcium chloride, printed with handling icons\" srcset=\"https:\/\/smartpackbags.com\/wp-content\/uploads\/2025\/05\/\u56fe\u72471-1.png 304w, https:\/\/smartpackbags.com\/wp-content\/uploads\/2025\/05\/\u56fe\u72471-1-178x300.png 178w\" sizes=\"(max-width: 304px) 100vw, 304px\" \/>\t\t\t\t\t\t\t\t\t\t\t<figcaption class=\"widget-image-caption wp-caption-text\">PP Dokuma \u00c7uvallar<\/figcaption>\n\t\t\t\t\t\t\t\t\t\t<\/figure>\n\t\t\t\t\t\t\t\t\t<\/div>\n\t\t\t\t<\/div>\n\t\t\t\t<div class=\"elementor-element elementor-element-9a65fe3 elementor-widget elementor-widget-image\" data-id=\"9a65fe3\" data-element_type=\"widget\" data-widget_type=\"image.default\">\n\t\t\t\t<div class=\"elementor-widget-container\">\n\t\t\t\t\t\t\t\t\t\t\t\t<figure class=\"wp-caption\">\n\t\t\t\t\t\t\t\t\t\t\t<a href=\"https:\/\/smartpackbags.com\/tr\/endustriyel-ambalaj-devrimi-tam-otomatik-paketleme-makineleri-caginda-ic-pe-laminasyonlu-pp-dokuma-torba-neden-gerekli-hale-geldi\/\">\n\t\t\t\t\t\t\t<img decoding=\"async\" width=\"263\" height=\"487\" src=\"https:\/\/smartpackbags.com\/wp-content\/uploads\/2025\/05\/\u56fe\u72472.png\" class=\"attachment-large size-large wp-image-3574\" alt=\"PP woven fertilizer bag with inner PE lamination, green organic design\" srcset=\"https:\/\/smartpackbags.com\/wp-content\/uploads\/2025\/05\/\u56fe\u72472.png 263w, https:\/\/smartpackbags.com\/wp-content\/uploads\/2025\/05\/\u56fe\u72472-162x300.png 162w\" sizes=\"(max-width: 263px) 100vw, 263px\" \/>\t\t\t\t\t\t\t\t<\/a>\n\t\t\t\t\t\t\t\t\t\t\t<figcaption class=\"widget-image-caption wp-caption-text\">\u0130\u00e7 PE Laminasyonlu PP Dokuma \u00c7anta<\/figcaption>\n\t\t\t\t\t\t\t\t\t\t<\/figure>\n\t\t\t\t\t\t\t\t\t<\/div>\n\t\t\t\t<\/div>\n\t\t\t\t<div class=\"elementor-element elementor-element-9ce426d elementor-widget elementor-widget-image\" data-id=\"9ce426d\" data-element_type=\"widget\" data-widget_type=\"image.default\">\n\t\t\t\t<div class=\"elementor-widget-container\">\n\t\t\t\t\t\t\t\t\t\t\t\t<figure class=\"wp-caption\">\n\t\t\t\t\t\t\t\t\t\t<img decoding=\"async\" width=\"303\" height=\"504\" src=\"https:\/\/smartpackbags.com\/wp-content\/uploads\/2025\/05\/\u56fe\u72476.png\" class=\"attachment-large size-large wp-image-3577\" alt=\"25kg flour PP woven bag with inner PE liner, moisture-proof design\" srcset=\"https:\/\/smartpackbags.com\/wp-content\/uploads\/2025\/05\/\u56fe\u72476.png 303w, https:\/\/smartpackbags.com\/wp-content\/uploads\/2025\/05\/\u56fe\u72476-180x300.png 180w\" sizes=\"(max-width: 303px) 100vw, 303px\" \/>\t\t\t\t\t\t\t\t\t\t\t<figcaption class=\"widget-image-caption wp-caption-text\">PE Astarl\u0131 PP Dokuma \u00c7anta<\/figcaption>\n\t\t\t\t\t\t\t\t\t\t<\/figure>\n\t\t\t\t\t\t\t\t\t<\/div>\n\t\t\t\t<\/div>\n\t\t\t\t<div class=\"elementor-element elementor-element-1b26533 elementor-widget elementor-widget-image\" data-id=\"1b26533\" data-element_type=\"widget\" data-widget_type=\"image.default\">\n\t\t\t\t<div class=\"elementor-widget-container\">\n\t\t\t\t\t\t\t\t\t\t\t\t<figure class=\"wp-caption\">\n\t\t\t\t\t\t\t\t\t\t<img loading=\"lazy\" decoding=\"async\" width=\"255\" height=\"432\" src=\"https:\/\/smartpackbags.com\/wp-content\/uploads\/2025\/05\/\u56fe\u72474.png\" class=\"attachment-large size-large wp-image-3575\" alt=\"BOPP laminated feed bag for sheep, full-color printing\" srcset=\"https:\/\/smartpackbags.com\/wp-content\/uploads\/2025\/05\/\u56fe\u72474.png 255w, https:\/\/smartpackbags.com\/wp-content\/uploads\/2025\/05\/\u56fe\u72474-177x300.png 177w\" sizes=\"(max-width: 255px) 100vw, 255px\" \/>\t\t\t\t\t\t\t\t\t\t\t<figcaption class=\"widget-image-caption wp-caption-text\">BOPP Dokuma \u00c7anta<\/figcaption>\n\t\t\t\t\t\t\t\t\t\t<\/figure>\n\t\t\t\t\t\t\t\t\t<\/div>\n\t\t\t\t<\/div>\n\t\t\t\t<div class=\"elementor-element elementor-element-5f0c4a8 elementor-widget elementor-widget-image\" data-id=\"5f0c4a8\" data-element_type=\"widget\" data-widget_type=\"image.default\">\n\t\t\t\t<div class=\"elementor-widget-container\">\n\t\t\t\t\t\t\t\t\t\t\t\t<figure class=\"wp-caption\">\n\t\t\t\t\t\t\t\t\t\t\t<a href=\"https:\/\/smartpackbags.com\/tr\/bopp-blok-tabanli-dokuma-torbalar-neden-dokme-ambalaji-yeniden-tanimliyor\/\">\n\t\t\t\t\t\t\t<img loading=\"lazy\" decoding=\"async\" width=\"692\" height=\"1024\" src=\"https:\/\/smartpackbags.com\/wp-content\/uploads\/2025\/06\/\u672a\u547d\u540d\u9879\u76ee1-692x1024.png\" class=\"attachment-large size-large wp-image-3654\" alt=\"Square bottom PP woven bag for chemical packaging, POLYAMIX branding\" srcset=\"https:\/\/smartpackbags.com\/wp-content\/uploads\/2025\/06\/\u672a\u547d\u540d\u9879\u76ee1-692x1024.png 692w, https:\/\/smartpackbags.com\/wp-content\/uploads\/2025\/06\/\u672a\u547d\u540d\u9879\u76ee1-203x300.png 203w, https:\/\/smartpackbags.com\/wp-content\/uploads\/2025\/06\/\u672a\u547d\u540d\u9879\u76ee1-768x1136.png 768w, https:\/\/smartpackbags.com\/wp-content\/uploads\/2025\/06\/\u672a\u547d\u540d\u9879\u76ee1.png 802w\" sizes=\"(max-width: 692px) 100vw, 692px\" \/>\t\t\t\t\t\t\t\t<\/a>\n\t\t\t\t\t\t\t\t\t\t\t<figcaption class=\"widget-image-caption wp-caption-text\">Kare Tabanl\u0131 Dokuma \u00c7uval<\/figcaption>\n\t\t\t\t\t\t\t\t\t\t<\/figure>\n\t\t\t\t\t\t\t\t\t<\/div>\n\t\t\t\t<\/div>\n\t\t\t\t<div class=\"elementor-element elementor-element-eab936c elementor-widget elementor-widget-image\" data-id=\"eab936c\" data-element_type=\"widget\" data-widget_type=\"image.default\">\n\t\t\t\t<div class=\"elementor-widget-container\">\n\t\t\t\t\t\t\t\t\t\t\t\t<figure class=\"wp-caption\">\n\t\t\t\t\t\t\t\t\t\t<img loading=\"lazy\" decoding=\"async\" width=\"297\" height=\"472\" src=\"https:\/\/smartpackbags.com\/wp-content\/uploads\/2025\/07\/\u7f16\u7ec7\u9600\u53e3\u888b.png\" class=\"attachment-large size-large wp-image-4741\" alt=\"Plastic Woven Valve Sack\" srcset=\"https:\/\/smartpackbags.com\/wp-content\/uploads\/2025\/07\/\u7f16\u7ec7\u9600\u53e3\u888b.png 297w, https:\/\/smartpackbags.com\/wp-content\/uploads\/2025\/07\/\u7f16\u7ec7\u9600\u53e3\u888b-189x300.png 189w\" sizes=\"(max-width: 297px) 100vw, 297px\" \/>\t\t\t\t\t\t\t\t\t\t\t<figcaption class=\"widget-image-caption wp-caption-text\">Plastik Dokuma Valf \u00c7uval\u0131<\/figcaption>\n\t\t\t\t\t\t\t\t\t\t<\/figure>\n\t\t\t\t\t\t\t\t\t<\/div>\n\t\t\t\t<\/div>\n\t\t\t\t<\/div>\n\t\t<div class=\"elementor-element elementor-element-b14d23c e-flex e-con-boxed e-con e-parent\" data-id=\"b14d23c\" data-element_type=\"container\">\n\t\t\t\t\t<div class=\"e-con-inner\">\n\t\t\t\t<div class=\"elementor-element elementor-element-7700c67 elementor-widget elementor-widget-text-editor\" data-id=\"7700c67\" data-element_type=\"widget\" data-widget_type=\"text-editor.default\">\n\t\t\t\t<div class=\"elementor-widget-container\">\n\t\t\t\t\t\t\t\t\t<p style=\"text-align: center;\">Tasar\u0131m\u0131n\u0131z, teknik \u00f6zellikleriniz ve paketleme gereksinimleriniz dahil olmak \u00fczere m\u00fc\u015fteri numunelerine dayal\u0131 sipari\u015fleri kabul ediyoruz.<\/p>\t\t\t\t\t\t\t\t<\/div>\n\t\t\t\t<\/div>\n\t\t\t\t\t<\/div>\n\t\t\t\t<\/div>\n\t\t<div class=\"elementor-element elementor-element-20549c8 e-flex e-con-boxed e-con e-parent\" data-id=\"20549c8\" data-element_type=\"container\">\n\t\t\t\t\t<div class=\"e-con-inner\">\n\t\t\t\t<div class=\"elementor-element elementor-element-8ebd206 elementor-widget elementor-widget-html\" data-id=\"8ebd206\" data-element_type=\"widget\" data-widget_type=\"html.default\">\n\t\t\t\t<div class=\"elementor-widget-container\">\n\t\t\t\t\t<a href=\"#\" class=\"popmake-3336 get-a-quote-btn\">Teklif Al\u0131n<\/a>\t\t\t\t<\/div>\n\t\t\t\t<\/div>\n\t\t\t\t\t<\/div>\n\t\t\t\t<\/div>\n\t\t<div class=\"elementor-element elementor-element-3439ea8 e-flex e-con-boxed e-con e-parent\" data-id=\"3439ea8\" data-element_type=\"container\">\n\t\t\t\t\t<div class=\"e-con-inner\">\n\t\t\t\t<div class=\"elementor-element elementor-element-a9fdaca elementor-widget elementor-widget-html\" data-id=\"a9fdaca\" data-element_type=\"widget\" data-widget_type=\"html.default\">\n\t\t\t\t<div class=\"elementor-widget-container\">\n\t\t\t\t\t<style>\r\n  .spec-wrapper {\r\n    width: 100%;\r\n    display: flex;\r\n    justify-content: center;\r\n    padding: 40px 20px;\r\n    box-sizing: border-box;\r\n    background: #fff;\r\n  }\r\n\r\n  .spec-container {\r\n    max-width: 860px;\r\n    width: 100%;\r\n    font-family: \"Segoe UI\", \"Helvetica Neue\", Helvetica, Arial, sans-serif;\r\n    color: #333;\r\n  }\r\n\r\n  .spec-title {\r\n    text-align: center;\r\n    font-size: 24px;\r\n    font-weight: 600;\r\n    border-bottom: 2px solid #2F5AAE;\r\n    padding-bottom: 8px;\r\n    margin-bottom: 24px;\r\n  }\r\n\r\n  .spec-grid {\r\n    display: grid;\r\n    grid-template-columns: 1fr 1fr;\r\n    gap: 16px;\r\n  }\r\n\r\n  .spec-item {\r\n    background: #f7f9fc;\r\n    border-left: 3px solid #2F5AAE;\r\n    padding: 12px 16px;\r\n    border-radius: 4px;\r\n  }\r\n\r\n  .spec-item h4 {\r\n    font-size: 17px;\r\n    font-weight: 600;\r\n    margin: 0 0 6px;\r\n    color: #2F5AAE;\r\n  }\r\n\r\n  .spec-item p {\r\n    font-size: 15px;\r\n    margin: 0;\r\n    line-height: 1.6;\r\n    color: #444;\r\n  }\r\n\r\n  .extra-section {\r\n    background: #f1f4f9;\r\n    border-left: 3px solid #2F5AAE;\r\n    padding: 16px;\r\n    border-radius: 4px;\r\n    margin-top: 32px;\r\n  }\r\n\r\n  .extra-section h4 {\r\n    font-size: 17px;\r\n    font-weight: 600;\r\n    margin-bottom: 8px;\r\n    color: #2F5AAE;\r\n  }\r\n\r\n  .extra-section ul {\r\n    margin: 0;\r\n    padding-left: 18px;\r\n  }\r\n\r\n  .extra-section ul li {\r\n    font-size: 15px;\r\n    line-height: 1.6;\r\n    color: #444;\r\n    margin-bottom: 4px;\r\n  }\r\n\r\n  @media (max-width: 768px) {\r\n    .spec-grid {\r\n      grid-template-columns: 1fr;\r\n    }\r\n  }\r\n<\/style>\r\n\r\n<div class=\"spec-wrapper\">\r\n  <div class=\"spec-container\">\r\n    <div class=\"spec-title\">Dokuma \u00c7uval Teknik \u00d6zellikleri<\/div>\r\n    <div class=\"spec-grid\">\r\n      <div class=\"spec-item\">\r\n        <h4>\u00c7uval Tipleri<\/h4>\r\n        <p>D\u00fcz a\u011f\u0131zl\u0131 \u00e7uval, valfli \u00e7uval, BOPP lamine \u00e7uval, PE i\u00e7 torbal\u0131<\/p>\r\n      <\/div>\r\n      <div class=\"spec-item\">\r\n        <h4>Malzeme<\/h4>\r\n        <p>PP (polipropilen), BOPP film, Kraft ka\u011f\u0131t, PE i\u00e7 astar (iste\u011fe ba\u011fl\u0131)<\/p>\r\n      <\/div>\r\n      <div class=\"spec-item\">\r\n        <h4>Yap\u0131<\/h4>\r\n        <p>Gofrajl\u0131 veya d\u00fcz y\u00fczey<br>Tek katmanl\u0131 veya \u00e7ok katmanl\u0131<\/p>\r\n      <\/div>\r\n      <div class=\"spec-item\">\r\n        <h4>Boyutlar<\/h4>\r\n        <p>\u00d6zel \u00fcretim<br>Standart: 50\u00d780 \/ 55\u00d795 \/ 60\u00d7100 cm<\/p>\r\n      <\/div>\r\n      <div class=\"spec-item\">\r\n        <h4>A\u011f\u0131z Tipi<\/h4>\r\n        <p>D\u00fcz kesim, s\u0131cak kesim, overlok diki\u015fli<br>Valfli veya a\u00e7\u0131k a\u011f\u0131zl\u0131<\/p>\r\n      <\/div>\r\n      <div class=\"spec-item\">\r\n        <h4>Bask\u0131<\/h4>\r\n        <p>Flexo veya grav\u00fcr bask\u0131<br>\u00d6n ve arka y\u00fczeyde 8 renge kadar<\/p>\r\n      <\/div>\r\n      <div class=\"spec-item\">\r\n        <h4>Y\u00fczey \u0130\u015flem<\/h4>\r\n        <p>BOPP lamine (parlak\/mat)<br>Kaymaz y\u00fczey se\u00e7ene\u011fi<\/p>\r\n      <\/div>\r\n      <div class=\"spec-item\">\r\n        <h4>Ta\u015f\u0131ma Kapasitesi<\/h4>\r\n        <p>10 \u2013 50 kg aras\u0131 \u00fcr\u00fcn t\u00fcr\u00fcne g\u00f6re<\/p>\r\n      <\/div>\r\n      <div class=\"spec-item\">\r\n        <h4>Paketleme<\/h4>\r\n        <p>D\u00fcz paketlenmi\u015f, balya halinde<br>100\u2013500 adet\/balya, paletli se\u00e7enek mevcut<\/p>\r\n      <\/div>\r\n      <div class=\"spec-item\">\r\n        <h4>Minimum Sipari\u015f Adedi (MOQ)<\/h4>\r\n        <p>Tasar\u0131m ba\u015f\u0131na 10.000 adet<br>Yeni m\u00fc\u015fterilere deneme sipari\u015fi kabul edilir<\/p>\r\n      <\/div>\r\n    <\/div>\r\n\r\n    <div class=\"extra-section\">\r\n      <h4>Avantajlar<\/h4>\r\n      <ul>\r\n        <li>Y\u00fcksek mukavemet ve y\u0131rt\u0131lma direnci<\/li>\r\n        <li>Neme dayan\u0131kl\u0131, toz ge\u00e7irmez yap\u0131<\/li>\r\n        <li>Otomatik dolum hatlar\u0131na uygundur<\/li>\r\n        <li>\u00c7evre dostu ve geri d\u00f6n\u00fc\u015ft\u00fcr\u00fclebilir<\/li>\r\n        <li>Profesyonel bask\u0131 kalitesi ve marka g\u00f6r\u00fcn\u00fcrl\u00fc\u011f\u00fc<\/li>\r\n      <\/ul>\r\n    <\/div>\r\n\r\n    <div class=\"extra-section\">\r\n      <h4>Kullan\u0131m Alanlar\u0131<\/h4>\r\n      <ul>\r\n        <li>Hayvan yemi, g\u00fcbre, tah\u0131l, pirin\u00e7, un<\/li>\r\n        <li>Kimyasallar, in\u015faat malzemeleri, plastik gran\u00fcller<\/li>\r\n        <li>Toz, gran\u00fcl ve d\u00f6kme \u00fcr\u00fcnler i\u00e7in ideal<\/li>\r\n      <\/ul>\r\n    <\/div>\r\n  <\/div>\r\n<\/div>\r\n\t\t\t\t<\/div>\n\t\t\t\t<\/div>\n\t\t\t\t\t<\/div>\n\t\t\t\t<\/div>\n\t\t<div class=\"elementor-element elementor-element-bae587f e-flex e-con-boxed e-con e-parent\" data-id=\"bae587f\" data-element_type=\"container\">\n\t\t\t\t\t<div class=\"e-con-inner\">\n\t\t<div class=\"elementor-element elementor-element-963c4f8 e-con-full e-flex e-con e-child\" data-id=\"963c4f8\" data-element_type=\"container\">\n\t\t\t\t<div class=\"elementor-element elementor-element-5ba2253 elementor-widget elementor-widget-html\" data-id=\"5ba2253\" data-element_type=\"widget\" data-widget_type=\"html.default\">\n\t\t\t\t<div class=\"elementor-widget-container\">\n\t\t\t\t\t<a href=\"https:\/\/wa.me\/8615728041867\" class=\"whatsapp-float\" target=\"_blank\" rel=\"noopener\"><img decoding=\"async\" src=\"https:\/\/upload.wikimedia.org\/wikipedia\/commons\/6\/6b\/WhatsApp.svg\" alt=\"WhatsApp\"><\/a><style>.whatsapp-float {\r\n  position: fixed;\r\n  bottom: 20px;\r\n  right: 20px;\r\n  width: 50px;\r\n  height: 50px;\r\n  background: #25D366;\r\n  border-radius: 50%;\r\n  display: flex;\r\n  align-items: center;\r\n  justify-content: center;\r\n  box-shadow: 0 2px 10px rgba(0,0,0,0.2);\r\n  z-index: 999;\r\n}\r\n.whatsapp-float img {\r\n  width: 30px;\r\n  height: 30px;\r\n}\r\n<\/style>\t\t\t\t<\/div>\n\t\t\t\t<\/div>\n\t\t\t\t<\/div>\n\t\t\t\t\t<\/div>\n\t\t\t\t<\/div>\n\t\t<div class=\"elementor-element elementor-element-d0eb95b e-flex e-con-boxed e-con e-parent\" data-id=\"d0eb95b\" data-element_type=\"container\">\n\t\t\t\t\t<div class=\"e-con-inner\">\n\t\t\t\t<div class=\"elementor-element elementor-element-0e2f127 elementor-widget elementor-widget-html\" data-id=\"0e2f127\" data-element_type=\"widget\" data-widget_type=\"html.default\">\n\t\t\t\t<div class=\"elementor-widget-container\">\n\t\t\t\t\t<a href=\"mailto:rain.xu@smartpackbags.com\" class=\"email-float\" target=\"_blank\" title=\"\u53d1\u9001\u90ae\u4ef6\"><img decoding=\"async\" src=\"https:\/\/cdn-icons-png.flaticon.com\/512\/732\/732200.png\" alt=\"Email Icon\"><\/a><style>.email-float {\r\n  position: fixed;\r\n  bottom: 20px;\r\n  left: 20px;\r\n  width: 56px;\r\n  height: 56px;\r\n  background: #EA4335; \/* Gmail\u98ce\u683c\u7ea2\u8272 *\/\r\n  border-radius: 50%;\r\n  display: flex;\r\n  align-items: center;\r\n  justify-content: center;\r\n  box-shadow: 0 2px 10px rgba(0,0,0,0.2);\r\n  z-index: 999;\r\n  transition: all 0.3s ease;\r\n}\r\n.email-float:hover {\r\n  background: #D33426; \/* \u60ac\u505c\u6df1\u7ea2\u8272 *\/\r\n  transform: scale(1.05);\r\n}\r\n.email-float img {\r\n  width: 28px;\r\n  height: 28px;\r\n  filter: brightness(0) invert(1); \/* \u56fe\u6807\u53d8\u767d\u8272 *\/\r\n}\r\n\r\n\/* \u624b\u673a\u7aef\u9002\u914d *\/\r\n@media (max-width: 768px) {\r\n  .email-float {\r\n    width: 48px;\r\n    height: 48px;\r\n    bottom: 15px;\r\n    left: 15px;\r\n  }\r\n  .email-float img {\r\n    width: 24px;\r\n    height: 24px;\r\n  }\r\n}\r\n<\/style>\t\t\t\t<\/div>\n\t\t\t\t<\/div>\n\t\t\t\t\t<\/div>\n\t\t\t\t<\/div>\n\t\t<div class=\"elementor-element elementor-element-7921f2b e-flex e-con-boxed e-con e-parent\" data-id=\"7921f2b\" data-element_type=\"container\">\n\t\t\t\t\t<div class=\"e-con-inner\">\n\t\t\t\t<div class=\"elementor-element elementor-element-aea7daa elementor-widget elementor-widget-html\" data-id=\"aea7daa\" data-element_type=\"widget\" data-widget_type=\"html.default\">\n\t\t\t\t<div class=\"elementor-widget-container\">\n\t\t\t\t\t<script type=\"application\/ld+json\">{\r\n  \"@context\": \"https:\/\/schema.org\/\",\r\n  \"@type\": \"ProductGroup\",\r\n  \"name\": \"Woven Bags\",\r\n  \"description\": \"Zhixin Packaging offers a wide range of high-quality woven bags suitable for industrial and agricultural packaging needs, including BOPP woven bags, laminated woven bags, and custom sizes.\",\r\n  \"brand\": {\r\n    \"@type\": \"Brand\",\r\n    \"name\": \"Zhixin Packaging\"\r\n  },\r\n  \"hasVariant\": [\r\n    {\r\n      \"@type\": \"Product\",\r\n      \"name\": \"BOPP Woven Bag 25kg\",\r\n      \"image\": \"https:\/\/smartpackbags.com\/wp-content\/uploads\/2025\/06\/bopp-woven-bag.jpg\",\r\n      \"sku\": \"BOPP-25KG-001\",\r\n      \"offers\": {\r\n        \"@type\": \"Offer\",\r\n        \"priceCurrency\": \"USD\",\r\n        \"price\": \"1.50\",\r\n        \"availability\": \"https:\/\/schema.org\/InStock\",\r\n        \"itemCondition\": \"https:\/\/schema.org\/NewCondition\"\r\n      }\r\n    },\r\n    {\r\n      \"@type\": \"Product\",\r\n      \"name\": \"Laminated Woven Bag 50kg\",\r\n      \"image\": \"https:\/\/smartpackbags.com\/wp-content\/uploads\/2025\/06\/laminated-woven-bag.jpg\",\r\n      \"sku\": \"LAM-WOVEN-50KG-002\",\r\n      \"offers\": {\r\n        \"@type\": \"Offer\",\r\n        \"priceCurrency\": \"USD\",\r\n        \"price\": \"2.50\",\r\n        \"availability\": \"https:\/\/schema.org\/InStock\",\r\n        \"itemCondition\": \"https:\/\/schema.org\/NewCondition\"\r\n      }\r\n    }\r\n  ]\r\n}\r\n<\/script>\t\t\t\t<\/div>\n\t\t\t\t<\/div>\n\t\t\t\t\t<\/div>\n\t\t\t\t<\/div>\n\t\t\t\t<\/div>\n\t\t","protected":false},"excerpt":{"rendered":"<p>Zhixin Packaging Dayan\u0131kl\u0131 ve \u00c7ok Y\u00f6nl\u00fc Dokuma \u00c7antalar Dokuma torbalar, polipropilenden (PP) \u00e7ekme, dokuma, diki\u015f veya yap\u0131\u015ft\u0131rma yoluyla yap\u0131lan plastik ambalaj torbalar\u0131d\u0131r. Yayg\u0131n t\u00fcrleri aras\u0131nda s\u0131radan dokuma torbalar, renkli bask\u0131l\u0131 dokuma torbalar, kare tabanl\u0131 dokuma torbalar ve valf a\u011f\u0131zl\u0131 dokuma torbalar bulunur. PP Dokuma \u00c7uvallar \u0130\u00e7 PE Laminasyonlu PP Dokuma \u00c7anta PE Astarl\u0131 PP Dokuma&hellip;&nbsp;<a href=\"https:\/\/smartpackbags.com\/tr\/urunler\/dokuma-cantalar\/\" rel=\"bookmark\"><span class=\"screen-reader-text\">Dokuma \u00c7antalar<\/span><\/a><\/p>\n","protected":false},"author":1,"featured_media":0,"parent":3571,"menu_order":0,"comment_status":"closed","ping_status":"closed","template":"page-templates\/template-pagebuilder-full-width.php","meta":{"neve_meta_sidebar":"","neve_meta_container":"","neve_meta_enable_content_width":"","neve_meta_content_width":0,"neve_meta_title_alignment":"","neve_meta_author_avatar":"","neve_post_elements_order":"","neve_meta_disable_header":"","neve_meta_disable_footer":"","neve_meta_disable_title":"","footnotes":""},"class_list":["post-3652","page","type-page","status-publish","hentry"],"rttpg_featured_image_url":null,"rttpg_author":{"display_name":"xuxueming69@gmail.com","author_link":"https:\/\/smartpackbags.com\/tr\/author\/xuxueming69gmail-com\/"},"rttpg_comment":0,"rttpg_category":" <a href=\"https:\/\/smartpackbags.com\/tr\/?taxonomy=translation_priority&#038;term=opsiyonel\" rel=\"tag\">Opsiyonel<\/a>","rttpg_excerpt":"Zhixin Packaging Dayan\u0131kl\u0131 ve \u00c7ok Y\u00f6nl\u00fc Dokuma \u00c7antalar Dokuma torbalar, polipropilenden (PP) \u00e7ekme, dokuma, diki\u015f veya yap\u0131\u015ft\u0131rma yoluyla yap\u0131lan plastik ambalaj torbalar\u0131d\u0131r. Yayg\u0131n t\u00fcrleri aras\u0131nda s\u0131radan dokuma torbalar, renkli bask\u0131l\u0131 dokuma torbalar, kare tabanl\u0131 dokuma torbalar ve valf a\u011f\u0131zl\u0131 dokuma torbalar bulunur. PP Dokuma \u00c7uvallar \u0130\u00e7 PE Laminasyonlu PP Dokuma \u00c7anta PE Astarl\u0131 PP Dokuma&hellip;&nbsp;Dokuma&hellip;","_links":{"self":[{"href":"https:\/\/smartpackbags.com\/tr\/wp-json\/wp\/v2\/pages\/3652","targetHints":{"allow":["GET"]}}],"collection":[{"href":"https:\/\/smartpackbags.com\/tr\/wp-json\/wp\/v2\/pages"}],"about":[{"href":"https:\/\/smartpackbags.com\/tr\/wp-json\/wp\/v2\/types\/page"}],"author":[{"embeddable":true,"href":"https:\/\/smartpackbags.com\/tr\/wp-json\/wp\/v2\/users\/1"}],"replies":[{"embeddable":true,"href":"https:\/\/smartpackbags.com\/tr\/wp-json\/wp\/v2\/comments?post=3652"}],"version-history":[{"count":10,"href":"https:\/\/smartpackbags.com\/tr\/wp-json\/wp\/v2\/pages\/3652\/revisions"}],"predecessor-version":[{"id":5642,"href":"https:\/\/smartpackbags.com\/tr\/wp-json\/wp\/v2\/pages\/3652\/revisions\/5642"}],"up":[{"embeddable":true,"href":"https:\/\/smartpackbags.com\/tr\/wp-json\/wp\/v2\/pages\/3571"}],"wp:attachment":[{"href":"https:\/\/smartpackbags.com\/tr\/wp-json\/wp\/v2\/media?parent=3652"}],"curies":[{"name":"wp","href":"https:\/\/api.w.org\/{rel}","templated":true}]}}