{"id":3675,"date":"2025-05-25T08:19:21","date_gmt":"2025-05-25T00:19:21","guid":{"rendered":"https:\/\/smartpackbags.com\/urunler\/esnek-ambalajlar\/"},"modified":"2026-01-04T14:17:16","modified_gmt":"2026-01-04T06:17:16","slug":"esnek-ambalajlar","status":"publish","type":"page","link":"https:\/\/smartpackbags.com\/tr\/urunler\/esnek-ambalajlar\/","title":{"rendered":"Esnek Ambalajlar"},"content":{"rendered":"\t\t<div data-elementor-type=\"wp-page\" data-elementor-id=\"3675\" class=\"elementor elementor-3675 elementor-410\">\n\t\t\t\t<div class=\"elementor-element elementor-element-c0fffcd e-flex e-con-boxed e-con e-parent\" data-id=\"c0fffcd\" data-element_type=\"container\">\n\t\t\t\t\t<div class=\"e-con-inner\">\n\t\t\t\t<div class=\"elementor-element elementor-element-36a830f elementor-widget elementor-widget-html\" data-id=\"36a830f\" data-element_type=\"widget\" data-widget_type=\"html.default\">\n\t\t\t\t<div class=\"elementor-widget-container\">\n\t\t\t\t\t<h1 class=\"brand-hero-title\"><span class=\"brand-main\">Zhixin Packaging<\/span><span class=\"brand-sub\">Innovative Flexible Packaging Solutions for Diverse Industries<\/span><\/h1><style>.brand-hero-title {\r\n  text-align: center;\r\n  margin: 60px auto 40px;\r\n  line-height: 1.3;\r\n}\r\n.brand-hero-title .brand-main {\r\n  display: block;\r\n  font-size: 3.2rem;\r\n  font-weight: 900;\r\n  color: #2F5AAE;\r\n  letter-spacing: 2px;\r\n  text-transform: uppercase;\r\n  text-shadow: 0px 3px 8px rgba(0,0,0,0.25);\r\n}\r\n.brand-hero-title .brand-sub {\r\n  display: block;\r\n  font-size: 1.3rem;\r\n  font-weight: 500;\r\n  margin-top: 12px;\r\n  color: #4A6FA5;\r\n}\r\n@media (max-width:768px){\r\n  .brand-hero-title .brand-main { font-size: 2.4rem; }\r\n  .brand-hero-title .brand-sub { font-size: 1rem; }\r\n}\r\n<\/style>\t\t\t\t<\/div>\n\t\t\t\t<\/div>\n\t\t\t\t\t<\/div>\n\t\t\t\t<\/div>\n\t\t<div class=\"elementor-element elementor-element-693d794 e-con-full e-flex e-con e-parent\" data-id=\"693d794\" data-element_type=\"container\">\n\t\t\t\t<div class=\"elementor-element elementor-element-fac7cca elementor-widget elementor-widget-text-editor\" data-id=\"fac7cca\" data-element_type=\"widget\" data-widget_type=\"text-editor.default\">\n\t\t\t\t<div class=\"elementor-widget-container\">\n\t\t\t\t\t\t\t\t\t<p>Esnek ambalaj, plastik film, al\u00fcminyum folyo, ka\u011f\u0131t vb. gibi esnek malzemelerden yap\u0131lan hafif ambalajlard\u0131r. Yayg\u0131n t\u00fcrler aras\u0131nda torbalar, rulo film, dikey paketleme yer al\u0131r. <\/p>\t\t\t\t\t\t\t\t<\/div>\n\t\t\t\t<\/div>\n\t\t\t\t<\/div>\n\t\t<div class=\"elementor-element elementor-element-2ed39cf e-grid e-con-full e-con e-parent\" data-id=\"2ed39cf\" data-element_type=\"container\">\n\t\t\t\t<div class=\"elementor-element elementor-element-8d727e7 elementor-widget elementor-widget-image\" data-id=\"8d727e7\" data-element_type=\"widget\" data-widget_type=\"image.default\">\n\t\t\t\t<div class=\"elementor-widget-container\">\n\t\t\t\t\t\t\t\t\t\t\t\t<figure class=\"wp-caption\">\n\t\t\t\t\t\t\t\t\t\t<img fetchpriority=\"high\" decoding=\"async\" width=\"319\" height=\"437\" src=\"https:\/\/smartpackbags.com\/wp-content\/uploads\/2025\/05\/\u56fe\u724714.png\" class=\"attachment-large size-large wp-image-3584\" alt=\"Transparent PA\/EVOH\/PE food packaging bag for pet feed or grains\" srcset=\"https:\/\/smartpackbags.com\/wp-content\/uploads\/2025\/05\/\u56fe\u724714.png 319w, https:\/\/smartpackbags.com\/wp-content\/uploads\/2025\/05\/\u56fe\u724714-219x300.png 219w\" sizes=\"(max-width: 319px) 100vw, 319px\" \/>\t\t\t\t\t\t\t\t\t\t\t<figcaption class=\"widget-image-caption wp-caption-text\">\u015eeffaf PA\/EVOH\/PE g\u0131da ambalaj po\u015feti<\/figcaption>\n\t\t\t\t\t\t\t\t\t\t<\/figure>\n\t\t\t\t\t\t\t\t\t<\/div>\n\t\t\t\t<\/div>\n\t\t\t\t<div class=\"elementor-element elementor-element-9a65fe3 elementor-widget elementor-widget-image\" data-id=\"9a65fe3\" data-element_type=\"widget\" data-widget_type=\"image.default\">\n\t\t\t\t<div class=\"elementor-widget-container\">\n\t\t\t\t\t\t\t\t\t\t\t\t<figure class=\"wp-caption\">\n\t\t\t\t\t\t\t\t\t\t<img decoding=\"async\" width=\"247\" height=\"492\" src=\"https:\/\/smartpackbags.com\/wp-content\/uploads\/2025\/05\/\u56fe\u724715.png\" class=\"attachment-large size-large wp-image-3585\" alt=\"BOPP\/PA\/PE laminated bag with handle, used for rice or granules\" srcset=\"https:\/\/smartpackbags.com\/wp-content\/uploads\/2025\/05\/\u56fe\u724715.png 247w, https:\/\/smartpackbags.com\/wp-content\/uploads\/2025\/05\/\u56fe\u724715-151x300.png 151w\" sizes=\"(max-width: 247px) 100vw, 247px\" \/>\t\t\t\t\t\t\t\t\t\t\t<figcaption class=\"widget-image-caption wp-caption-text\">Sapl\u0131 BOPP\/PA\/PE lamine \u00e7anta<\/figcaption>\n\t\t\t\t\t\t\t\t\t\t<\/figure>\n\t\t\t\t\t\t\t\t\t<\/div>\n\t\t\t\t<\/div>\n\t\t\t\t<div class=\"elementor-element elementor-element-9ce426d elementor-widget elementor-widget-image\" data-id=\"9ce426d\" data-element_type=\"widget\" data-widget_type=\"image.default\">\n\t\t\t\t<div class=\"elementor-widget-container\">\n\t\t\t\t\t\t\t\t\t\t\t\t<figure class=\"wp-caption\">\n\t\t\t\t\t\t\t\t\t\t\t<a href=\"https:\/\/smartpackbags.com\/tr\/ffs-agir-hizmet-torbalari-verimli-ve-dayanikli-endustriyel-ambalaj-cozumleri\/\">\n\t\t\t\t\t\t\t<img decoding=\"async\" width=\"632\" height=\"1024\" src=\"https:\/\/smartpackbags.com\/wp-content\/uploads\/2026\/01\/pe\u91cd\u819c\u888b-1-632x1024.png\" class=\"attachment-large size-large wp-image-6683\" alt=\"PE Heavy-Duty Bag\" srcset=\"https:\/\/smartpackbags.com\/wp-content\/uploads\/2026\/01\/pe\u91cd\u819c\u888b-1-632x1024.png 632w, https:\/\/smartpackbags.com\/wp-content\/uploads\/2026\/01\/pe\u91cd\u819c\u888b-1-185x300.png 185w, https:\/\/smartpackbags.com\/wp-content\/uploads\/2026\/01\/pe\u91cd\u819c\u888b-1-768x1244.png 768w, https:\/\/smartpackbags.com\/wp-content\/uploads\/2026\/01\/pe\u91cd\u819c\u888b-1-948x1536.png 948w, https:\/\/smartpackbags.com\/wp-content\/uploads\/2026\/01\/pe\u91cd\u819c\u888b-1-1264x2048.png 1264w, https:\/\/smartpackbags.com\/wp-content\/uploads\/2026\/01\/pe\u91cd\u819c\u888b-1.png 1580w\" sizes=\"(max-width: 632px) 100vw, 632px\" \/>\t\t\t\t\t\t\t\t<\/a>\n\t\t\t\t\t\t\t\t\t\t\t<figcaption class=\"widget-image-caption wp-caption-text\">Form-Fill-Seal PE torba<\/figcaption>\n\t\t\t\t\t\t\t\t\t\t<\/figure>\n\t\t\t\t\t\t\t\t\t<\/div>\n\t\t\t\t<\/div>\n\t\t\t\t<div class=\"elementor-element elementor-element-85e0c3d elementor-widget elementor-widget-image\" data-id=\"85e0c3d\" data-element_type=\"widget\" data-widget_type=\"image.default\">\n\t\t\t\t<div class=\"elementor-widget-container\">\n\t\t\t\t\t\t\t\t\t\t\t\t<figure class=\"wp-caption\">\n\t\t\t\t\t\t\t\t\t\t<img loading=\"lazy\" decoding=\"async\" width=\"259\" height=\"401\" src=\"https:\/\/smartpackbags.com\/wp-content\/uploads\/2025\/05\/\u56fe\u724717.png\" class=\"attachment-large size-large wp-image-3586\" alt=\"Glossy printed snack food pouch with BOPP\/PET\/PE structure\" srcset=\"https:\/\/smartpackbags.com\/wp-content\/uploads\/2025\/05\/\u56fe\u724717.png 259w, https:\/\/smartpackbags.com\/wp-content\/uploads\/2025\/05\/\u56fe\u724717-194x300.png 194w\" sizes=\"(max-width: 259px) 100vw, 259px\" \/>\t\t\t\t\t\t\t\t\t\t\t<figcaption class=\"widget-image-caption wp-caption-text\">BOPP\/PET\/PE yap\u0131l\u0131 parlak bask\u0131l\u0131 at\u0131\u015ft\u0131rmal\u0131k g\u0131da po\u015feti<\/figcaption>\n\t\t\t\t\t\t\t\t\t\t<\/figure>\n\t\t\t\t\t\t\t\t\t<\/div>\n\t\t\t\t<\/div>\n\t\t\t\t<div class=\"elementor-element elementor-element-1b26533 elementor-widget elementor-widget-image\" data-id=\"1b26533\" data-element_type=\"widget\" data-widget_type=\"image.default\">\n\t\t\t\t<div class=\"elementor-widget-container\">\n\t\t\t\t\t\t\t\t\t\t\t\t<figure class=\"wp-caption\">\n\t\t\t\t\t\t\t\t\t\t<img loading=\"lazy\" decoding=\"async\" width=\"666\" height=\"1024\" src=\"https:\/\/smartpackbags.com\/wp-content\/uploads\/2026\/01\/\u94dd\u7b94\u888b-666x1024.png\" class=\"attachment-large size-large wp-image-6674\" alt=\"Aluminum Foil Bag\" srcset=\"https:\/\/smartpackbags.com\/wp-content\/uploads\/2026\/01\/\u94dd\u7b94\u888b-666x1024.png 666w, https:\/\/smartpackbags.com\/wp-content\/uploads\/2026\/01\/\u94dd\u7b94\u888b-195x300.png 195w, https:\/\/smartpackbags.com\/wp-content\/uploads\/2026\/01\/\u94dd\u7b94\u888b-768x1181.png 768w, https:\/\/smartpackbags.com\/wp-content\/uploads\/2026\/01\/\u94dd\u7b94\u888b.png 974w\" sizes=\"(max-width: 666px) 100vw, 666px\" \/>\t\t\t\t\t\t\t\t\t\t\t<figcaption class=\"widget-image-caption wp-caption-text\">Al\u00fcminyum folyo lamine \u00e7anta<\/figcaption>\n\t\t\t\t\t\t\t\t\t\t<\/figure>\n\t\t\t\t\t\t\t\t\t<\/div>\n\t\t\t\t<\/div>\n\t\t\t\t<div class=\"elementor-element elementor-element-eab936c elementor-widget elementor-widget-image\" data-id=\"eab936c\" data-element_type=\"widget\" data-widget_type=\"image.default\">\n\t\t\t\t<div class=\"elementor-widget-container\">\n\t\t\t\t\t\t\t\t\t\t\t\t<figure class=\"wp-caption\">\n\t\t\t\t\t\t\t\t\t\t<img loading=\"lazy\" decoding=\"async\" width=\"641\" height=\"1024\" src=\"https:\/\/smartpackbags.com\/wp-content\/uploads\/2025\/06\/\u672a\u547d\u540d\u9879\u76ee-3-641x1024.jpeg\" class=\"attachment-large size-large wp-image-3678\" alt=\"5kg printed cat food pouch with PET\/VMPET\/PE structure, chicken recipe flavor\" srcset=\"https:\/\/smartpackbags.com\/wp-content\/uploads\/2025\/06\/\u672a\u547d\u540d\u9879\u76ee-3-641x1024.jpeg 641w, https:\/\/smartpackbags.com\/wp-content\/uploads\/2025\/06\/\u672a\u547d\u540d\u9879\u76ee-3-188x300.jpeg 188w, https:\/\/smartpackbags.com\/wp-content\/uploads\/2025\/06\/\u672a\u547d\u540d\u9879\u76ee-3-768x1227.jpeg 768w, https:\/\/smartpackbags.com\/wp-content\/uploads\/2025\/06\/\u672a\u547d\u540d\u9879\u76ee-3.jpeg 859w\" sizes=\"(max-width: 641px) 100vw, 641px\" \/>\t\t\t\t\t\t\t\t\t\t\t<figcaption class=\"widget-image-caption wp-caption-text\">PET\/VMPET\/PE yap\u0131l\u0131 evcil hayvan mamas\u0131 po\u015feti<\/figcaption>\n\t\t\t\t\t\t\t\t\t\t<\/figure>\n\t\t\t\t\t\t\t\t\t<\/div>\n\t\t\t\t<\/div>\n\t\t\t\t<\/div>\n\t\t<div class=\"elementor-element elementor-element-098a755 e-flex e-con-boxed e-con e-parent\" data-id=\"098a755\" data-element_type=\"container\">\n\t\t\t\t\t<div class=\"e-con-inner\">\n\t\t\t\t<div class=\"elementor-element elementor-element-7ddbfa9 elementor-widget elementor-widget-text-editor\" data-id=\"7ddbfa9\" data-element_type=\"widget\" data-widget_type=\"text-editor.default\">\n\t\t\t\t<div class=\"elementor-widget-container\">\n\t\t\t\t\t\t\t\t\t<p>Tasar\u0131m\u0131n\u0131z, teknik \u00f6zellikleriniz ve paketleme gereksinimleriniz dahil olmak \u00fczere m\u00fc\u015fteri numunelerine dayal\u0131 sipari\u015fleri kabul ediyoruz.<\/p>\t\t\t\t\t\t\t\t<\/div>\n\t\t\t\t<\/div>\n\t\t\t\t\t<\/div>\n\t\t\t\t<\/div>\n\t\t<div class=\"elementor-element elementor-element-52d23c2 e-flex e-con-boxed e-con e-parent\" data-id=\"52d23c2\" data-element_type=\"container\">\n\t\t\t\t\t<div class=\"e-con-inner\">\n\t\t\t\t<div class=\"elementor-element elementor-element-bfdbb6d elementor-widget elementor-widget-html\" data-id=\"bfdbb6d\" data-element_type=\"widget\" data-widget_type=\"html.default\">\n\t\t\t\t<div class=\"elementor-widget-container\">\n\t\t\t\t\t<a href=\"#\" class=\"popmake-2235 get-a-quote-btn\">Teklif Al\u0131n<\/a>\t\t\t\t<\/div>\n\t\t\t\t<\/div>\n\t\t\t\t\t<\/div>\n\t\t\t\t<\/div>\n\t\t<div class=\"elementor-element elementor-element-bfcc1be e-flex e-con-boxed e-con e-parent\" data-id=\"bfcc1be\" data-element_type=\"container\">\n\t\t\t\t\t<div class=\"e-con-inner\">\n\t\t\t\t<div class=\"elementor-element elementor-element-43d7fb0 elementor-widget elementor-widget-html\" data-id=\"43d7fb0\" data-element_type=\"widget\" data-widget_type=\"html.default\">\n\t\t\t\t<div class=\"elementor-widget-container\">\n\t\t\t\t\t<style>.spec-wrapper {\r\n    width: 100%;\r\n    display: flex;\r\n    justify-content: center;\r\n    padding: 40px 20px;\r\n    box-sizing: border-box;\r\n    background: #fff;\r\n  }\r\n\r\n  .spec-container {\r\n    max-width: 860px;\r\n    width: 100%;\r\n    font-family: \"Segoe UI\", \"Helvetica Neue\", Helvetica, Arial, sans-serif;\r\n    color: #333;\r\n  }\r\n\r\n  .spec-title {\r\n    text-align: center;\r\n    font-size: 24px;\r\n    font-weight: 600;\r\n    border-bottom: 2px solid #2F5AAE;\r\n    padding-bottom: 8px;\r\n    margin-bottom: 24px;\r\n  }\r\n\r\n  .spec-grid {\r\n    display: grid;\r\n    grid-template-columns: 1fr 1fr;\r\n    gap: 16px;\r\n  }\r\n\r\n  .spec-item {\r\n    background: #f7f9fc;\r\n    border-left: 3px solid #2F5AAE;\r\n    padding: 12px 16px;\r\n    border-radius: 4px;\r\n  }\r\n\r\n  .spec-item h4 {\r\n    font-size: 17px;\r\n    font-weight: 600;\r\n    margin: 0 0 6px;\r\n    color: #2F5AAE;\r\n  }\r\n\r\n  .spec-item p {\r\n    font-size: 15px;\r\n    margin: 0;\r\n    line-height: 1.6;\r\n    color: #444;\r\n  }\r\n\r\n  .extra-section {\r\n    background: #f1f4f9;\r\n    border-left: 3px solid #2F5AAE;\r\n    padding: 16px;\r\n    border-radius: 4px;\r\n    margin-top: 32px;\r\n  }\r\n\r\n  .extra-section h4 {\r\n    font-size: 17px;\r\n    font-weight: 600;\r\n    margin-bottom: 8px;\r\n    color: #2F5AAE;\r\n  }\r\n\r\n  .extra-section ul {\r\n    margin: 0;\r\n    padding-left: 18px;\r\n  }\r\n\r\n  .extra-section ul li {\r\n    font-size: 15px;\r\n    line-height: 1.6;\r\n    color: #444;\r\n    margin-bottom: 4px;\r\n  }\r\n\r\n  @media (max-width: 768px) {\r\n    .spec-grid {\r\n      grid-template-columns: 1fr;\r\n    }\r\n  }\r\n<\/style><div class=\"spec-wrapper\"><div class=\"spec-container\"><div class=\"spec-title\">Flexible Packaging Specifications<\/div><div class=\"spec-grid\"><div class=\"spec-item\"><h4>Bag Types<\/h4><p>Stand-up pouch, flat pouch, side-gusset pouch, spout pouch<\/p><\/div><div class=\"spec-item\"><h4>Material Structure<\/h4><p>PET\/PE, PET\/AL\/PE, NY\/PE, kraft paper\/PE, custom laminates<\/p><\/div><div class=\"spec-item\"><h4>Capacity<\/h4><p>100g \u2013 25kg<\/p><\/div><div class=\"spec-item\"><h4>Thickness<\/h4><p>Customized based on content weight and barrier requirements<\/p><\/div><div class=\"spec-item\"><h4>Closure Options<\/h4><p>Zipper, press-to-close, slider zipper, heat seal<\/p><\/div><div class=\"spec-item\"><h4>Finish<\/h4><p>Glossy, matte, or soft touch<br\/>Spot varnish optional<\/p><\/div><div class=\"spec-item\"><h4>Printing<\/h4><p>Gravure or digital printing<br\/>Up to 9 colors<br\/>High-definition custom design<\/p><\/div><div class=\"spec-item\"><h4>Features<\/h4><p>One-way valve, spout, hanging hole, transparent window, tear notch<\/p><\/div><div class=\"spec-item\"><h4>Packing Method<\/h4><p>Carton box or pallet packaging available, depending on bag size and quantity<\/p><\/div><div class=\"spec-item\"><h4>MOQ<\/h4><p>10000 pcs per design\/size<br\/>Trial orders accepted<\/p><\/div><\/div><div class=\"extra-section\"><h4>Advantages<\/h4><ul><li>Lightweight and space-efficient<\/li><li>Excellent print quality for branding<\/li><li>Good moisture, oxygen, and UV barrier<\/li><li>Customizable for different industries<\/li><li>Eco-friendly and recyclable options available<\/li><\/ul><\/div><div class=\"extra-section\"><h4>Application<\/h4><ul><li>Pet food, rice, snacks, chemicals, fermented feed, etc.<\/li><\/ul><\/div><\/div><\/div>\t\t\t\t<\/div>\n\t\t\t\t<\/div>\n\t\t\t\t\t<\/div>\n\t\t\t\t<\/div>\n\t\t<div class=\"elementor-element elementor-element-df0fe62 e-flex e-con-boxed e-con e-parent\" data-id=\"df0fe62\" data-element_type=\"container\">\n\t\t\t\t\t<div class=\"e-con-inner\">\n\t\t\t\t<div class=\"elementor-element elementor-element-3c6853b elementor-widget elementor-widget-html\" data-id=\"3c6853b\" data-element_type=\"widget\" data-widget_type=\"html.default\">\n\t\t\t\t<div class=\"elementor-widget-container\">\n\t\t\t\t\t<a href=\"https:\/\/wa.me\/8615728041867\" class=\"whatsapp-float\" target=\"_blank\" rel=\"noopener\"><img decoding=\"async\" src=\"https:\/\/upload.wikimedia.org\/wikipedia\/commons\/6\/6b\/WhatsApp.svg\" alt=\"WhatsApp\"><\/a><style>.whatsapp-float {\r\n  position: fixed;\r\n  bottom: 20px;\r\n  right: 20px;\r\n  width: 50px;\r\n  height: 50px;\r\n  background: #25D366;\r\n  border-radius: 50%;\r\n  display: flex;\r\n  align-items: center;\r\n  justify-content: center;\r\n  box-shadow: 0 2px 10px rgba(0,0,0,0.2);\r\n  z-index: 999;\r\n}\r\n.whatsapp-float img {\r\n  width: 30px;\r\n  height: 30px;\r\n}\r\n<\/style>\t\t\t\t<\/div>\n\t\t\t\t<\/div>\n\t\t\t\t\t<\/div>\n\t\t\t\t<\/div>\n\t\t<div class=\"elementor-element elementor-element-d5f4824 e-flex e-con-boxed e-con e-parent\" data-id=\"d5f4824\" data-element_type=\"container\">\n\t\t\t\t\t<div class=\"e-con-inner\">\n\t\t\t\t<div class=\"elementor-element elementor-element-b37bd42 elementor-widget elementor-widget-html\" data-id=\"b37bd42\" data-element_type=\"widget\" data-widget_type=\"html.default\">\n\t\t\t\t<div class=\"elementor-widget-container\">\n\t\t\t\t\t<a href=\"mailto:rain.xu@smartpackbags.com\" class=\"email-float\" target=\"_blank\" title=\"\u53d1\u9001\u90ae\u4ef6\"><img decoding=\"async\" src=\"https:\/\/cdn-icons-png.flaticon.com\/512\/732\/732200.png\" alt=\"Email Icon\"><\/a><style>.email-float {\r\n  position: fixed;\r\n  bottom: 20px;\r\n  left: 20px;\r\n  width: 56px;\r\n  height: 56px;\r\n  background: #EA4335; \/* Gmail\u98ce\u683c\u7ea2\u8272 *\/\r\n  border-radius: 50%;\r\n  display: flex;\r\n  align-items: center;\r\n  justify-content: center;\r\n  box-shadow: 0 2px 10px rgba(0,0,0,0.2);\r\n  z-index: 999;\r\n  transition: all 0.3s ease;\r\n}\r\n.email-float:hover {\r\n  background: #D33426; \/* \u60ac\u505c\u6df1\u7ea2\u8272 *\/\r\n  transform: scale(1.05);\r\n}\r\n.email-float img {\r\n  width: 28px;\r\n  height: 28px;\r\n  filter: brightness(0) invert(1); \/* \u56fe\u6807\u53d8\u767d\u8272 *\/\r\n}\r\n\r\n\/* \u624b\u673a\u7aef\u9002\u914d *\/\r\n@media (max-width: 768px) {\r\n  .email-float {\r\n    width: 48px;\r\n    height: 48px;\r\n    bottom: 15px;\r\n    left: 15px;\r\n  }\r\n  .email-float img {\r\n    width: 24px;\r\n    height: 24px;\r\n  }\r\n}\r\n<\/style>\t\t\t\t<\/div>\n\t\t\t\t<\/div>\n\t\t\t\t\t<\/div>\n\t\t\t\t<\/div>\n\t\t<div class=\"elementor-element elementor-element-824e6ea e-flex e-con-boxed e-con e-parent\" data-id=\"824e6ea\" data-element_type=\"container\">\n\t\t\t\t\t<div class=\"e-con-inner\">\n\t\t\t\t<div class=\"elementor-element elementor-element-7a6765e elementor-widget elementor-widget-html\" data-id=\"7a6765e\" data-element_type=\"widget\" data-widget_type=\"html.default\">\n\t\t\t\t<div class=\"elementor-widget-container\">\n\t\t\t\t\t<script type=\"application\/ld+json\">{\r\n  \"@context\": \"https:\/\/schema.org\/\",\r\n  \"@type\": \"ProductGroup\",\r\n  \"name\": \"Flexible Packaging\",\r\n  \"description\": \"Zhixin Packaging provides a variety of flexible packaging solutions ranging from 100g to 25kg capacity, ideal for food, chemical, and industrial packaging applications.\",\r\n  \"brand\": {\r\n    \"@type\": \"Brand\",\r\n    \"name\": \"Zhixin Packaging\"\r\n  },\r\n  \"hasVariant\": [\r\n    {\r\n      \"@type\": \"Product\",\r\n      \"name\": \"Flexible Packaging Variant 1\",\r\n      \"image\": \"https:\/\/smartpackbags.com\/wp-content\/uploads\/2025\/05\/%E5%9B%BE%E7%89%8717.png\",\r\n      \"sku\": \"FPV-001\",\r\n      \"offers\": {\r\n        \"@type\": \"Offer\",\r\n        \"priceCurrency\": \"USD\",\r\n        \"price\": \"0.03\",\r\n        \"availability\": \"https:\/\/schema.org\/InStock\",\r\n        \"itemCondition\": \"https:\/\/schema.org\/NewCondition\"\r\n      }\r\n    },\r\n    {\r\n      \"@type\": \"Product\",\r\n      \"name\": \"Flexible Packaging Variant 2\",\r\n      \"image\": \"https:\/\/smartpackbags.com\/wp-content\/uploads\/2025\/05\/%E5%9B%BE%E7%89%8715.png\",\r\n      \"sku\": \"FPV-002\",\r\n      \"offers\": {\r\n        \"@type\": \"Offer\",\r\n        \"priceCurrency\": \"USD\",\r\n        \"price\": \"0.06\",\r\n        \"availability\": \"https:\/\/schema.org\/InStock\",\r\n        \"itemCondition\": \"https:\/\/schema.org\/NewCondition\"\r\n      }\r\n    },\r\n    {\r\n      \"@type\": \"Product\",\r\n      \"name\": \"Flexible Packaging Variant 3\",\r\n      \"image\": \"https:\/\/smartpackbags.com\/wp-content\/uploads\/2025\/06\/%E6%9C%AA%E5%91%BD%E5%90%8D%E9%A1%B9%E7%9B%AE-3-641x1024.jpeg\",\r\n      \"sku\": \"FPV-003\",\r\n      \"offers\": {\r\n        \"@type\": \"Offer\",\r\n        \"priceCurrency\": \"USD\",\r\n        \"price\": \"0.20\",\r\n        \"availability\": \"https:\/\/schema.org\/InStock\",\r\n        \"itemCondition\": \"https:\/\/schema.org\/NewCondition\"\r\n      }\r\n    }\r\n  ]\r\n}\r\n<\/script>\t\t\t\t<\/div>\n\t\t\t\t<\/div>\n\t\t\t\t\t<\/div>\n\t\t\t\t<\/div>\n\t\t\t\t<\/div>\n\t\t","protected":false},"excerpt":{"rendered":"<p>Zhixin PackagingInnovative Flexible Packaging Solutions for Diverse Industries Esnek ambalaj, plastik film, al\u00fcminyum folyo, ka\u011f\u0131t vb. gibi esnek malzemelerden yap\u0131lan hafif ambalajlard\u0131r. Yayg\u0131n t\u00fcrler aras\u0131nda torbalar, rulo film, dikey paketleme yer al\u0131r. \u015eeffaf PA\/EVOH\/PE g\u0131da ambalaj po\u015feti Sapl\u0131 BOPP\/PA\/PE lamine \u00e7anta Form-Fill-Seal PE torba BOPP\/PET\/PE yap\u0131l\u0131 parlak bask\u0131l\u0131 at\u0131\u015ft\u0131rmal\u0131k g\u0131da po\u015feti Al\u00fcminyum folyo lamine \u00e7anta&hellip;&nbsp;<a href=\"https:\/\/smartpackbags.com\/tr\/urunler\/esnek-ambalajlar\/\" rel=\"bookmark\"><span class=\"screen-reader-text\">Esnek Ambalajlar<\/span><\/a><\/p>\n","protected":false},"author":1,"featured_media":0,"parent":3571,"menu_order":0,"comment_status":"closed","ping_status":"closed","template":"page-templates\/template-pagebuilder-full-width.php","meta":{"neve_meta_sidebar":"","neve_meta_container":"","neve_meta_enable_content_width":"","neve_meta_content_width":0,"neve_meta_title_alignment":"","neve_meta_author_avatar":"","neve_post_elements_order":"","neve_meta_disable_header":"","neve_meta_disable_footer":"","neve_meta_disable_title":"","footnotes":""},"class_list":["post-3675","page","type-page","status-publish","hentry"],"rttpg_featured_image_url":null,"rttpg_author":{"display_name":"xuxueming69@gmail.com","author_link":"https:\/\/smartpackbags.com\/tr\/author\/xuxueming69gmail-com\/"},"rttpg_comment":0,"rttpg_category":" <a href=\"https:\/\/smartpackbags.com\/tr\/?taxonomy=translation_priority&#038;term=opsiyonel\" rel=\"tag\">Opsiyonel<\/a>","rttpg_excerpt":"Zhixin PackagingInnovative Flexible Packaging Solutions for Diverse Industries Esnek ambalaj, plastik film, al\u00fcminyum folyo, ka\u011f\u0131t vb. gibi esnek malzemelerden yap\u0131lan hafif ambalajlard\u0131r. Yayg\u0131n t\u00fcrler aras\u0131nda torbalar, rulo film, dikey paketleme yer al\u0131r. \u015eeffaf PA\/EVOH\/PE g\u0131da ambalaj po\u015feti Sapl\u0131 BOPP\/PA\/PE lamine \u00e7anta Form-Fill-Seal PE torba BOPP\/PET\/PE yap\u0131l\u0131 parlak bask\u0131l\u0131 at\u0131\u015ft\u0131rmal\u0131k g\u0131da po\u015feti Al\u00fcminyum folyo lamine \u00e7anta&hellip;&nbsp;Esnek&hellip;","_links":{"self":[{"href":"https:\/\/smartpackbags.com\/tr\/wp-json\/wp\/v2\/pages\/3675","targetHints":{"allow":["GET"]}}],"collection":[{"href":"https:\/\/smartpackbags.com\/tr\/wp-json\/wp\/v2\/pages"}],"about":[{"href":"https:\/\/smartpackbags.com\/tr\/wp-json\/wp\/v2\/types\/page"}],"author":[{"embeddable":true,"href":"https:\/\/smartpackbags.com\/tr\/wp-json\/wp\/v2\/users\/1"}],"replies":[{"embeddable":true,"href":"https:\/\/smartpackbags.com\/tr\/wp-json\/wp\/v2\/comments?post=3675"}],"version-history":[{"count":7,"href":"https:\/\/smartpackbags.com\/tr\/wp-json\/wp\/v2\/pages\/3675\/revisions"}],"predecessor-version":[{"id":6687,"href":"https:\/\/smartpackbags.com\/tr\/wp-json\/wp\/v2\/pages\/3675\/revisions\/6687"}],"up":[{"embeddable":true,"href":"https:\/\/smartpackbags.com\/tr\/wp-json\/wp\/v2\/pages\/3571"}],"wp:attachment":[{"href":"https:\/\/smartpackbags.com\/tr\/wp-json\/wp\/v2\/media?parent=3675"}],"curies":[{"name":"wp","href":"https:\/\/api.w.org\/{rel}","templated":true}]}}