{"id":3748,"date":"2025-05-25T09:06:40","date_gmt":"2025-05-25T01:06:40","guid":{"rendered":"https:\/\/smartpackbags.com\/urunler\/fibc-dokme-torbalar\/"},"modified":"2026-01-17T18:34:36","modified_gmt":"2026-01-17T10:34:36","slug":"fibc-dokme-torbalar","status":"publish","type":"page","link":"https:\/\/smartpackbags.com\/tr\/urunler\/fibc-dokme-torbalar\/","title":{"rendered":"FIBC\/D\u00f6kme Torbalar"},"content":{"rendered":"\t\t<div data-elementor-type=\"wp-page\" data-elementor-id=\"3748\" class=\"elementor elementor-3748 elementor-414\">\n\t\t\t\t<div class=\"elementor-element elementor-element-3d3534c e-flex e-con-boxed e-con e-parent\" data-id=\"3d3534c\" data-element_type=\"container\">\n\t\t\t\t\t<div class=\"e-con-inner\">\n\t\t\t\t<div class=\"elementor-element elementor-element-14020cf elementor-widget elementor-widget-html\" data-id=\"14020cf\" data-element_type=\"widget\" data-widget_type=\"html.default\">\n\t\t\t\t<div class=\"elementor-widget-container\">\n\t\t\t\t\t<h1 class=\"brand-hero-title\"><span class=\"brand-main\">Zhixin Packaging<\/span><span class=\"brand-sub\">Custom FIBC Bulk Bags for Industrial & Agricultural Applications<\/span><\/h1><style>.brand-hero-title {\r\n  text-align: center;\r\n  margin: 60px auto 40px;\r\n  line-height: 1.3;\r\n}\r\n.brand-hero-title .brand-main {\r\n  display: block;\r\n  font-size: 3.2rem;\r\n  font-weight: 900;\r\n  color: #2F5AAE;\r\n  letter-spacing: 2px;\r\n  text-transform: uppercase;\r\n  text-shadow: 0px 3px 8px rgba(0,0,0,0.25);\r\n}\r\n.brand-hero-title .brand-sub {\r\n  display: block;\r\n  font-size: 1.3rem;\r\n  font-weight: 500;\r\n  margin-top: 12px;\r\n  color: #4A6FA5;\r\n}\r\n@media (max-width:768px){\r\n  .brand-hero-title .brand-main { font-size: 2.4rem; }\r\n  .brand-hero-title .brand-sub { font-size: 1rem; }\r\n}\r\n<\/style>\t\t\t\t<\/div>\n\t\t\t\t<\/div>\n\t\t\t\t\t<\/div>\n\t\t\t\t<\/div>\n\t\t<div class=\"elementor-element elementor-element-693d794 e-con-full e-flex e-con e-parent\" data-id=\"693d794\" data-element_type=\"container\">\n\t\t\t\t<div class=\"elementor-element elementor-element-fac7cca elementor-widget elementor-widget-text-editor\" data-id=\"fac7cca\" data-element_type=\"widget\" data-widget_type=\"text-editor.default\">\n\t\t\t\t<div class=\"elementor-widget-container\">\n\t\t\t\t\t\t\t\t\t<p>FIBC\/Bulk torbalar, y\u00fcksek mukavemetli polipropilen dokuma kuma\u015ftan yap\u0131lm\u0131\u015f b\u00fcy\u00fck esnek ta\u015f\u0131ma ambalajlar\u0131d\u0131r. Yayg\u0131n tipler aras\u0131nda a\u00e7\u0131k torba, bo\u015faltma torbas\u0131 ve kapal\u0131 torba yer al\u0131r.<\/p>\t\t\t\t\t\t\t\t<\/div>\n\t\t\t\t<\/div>\n\t\t\t\t<\/div>\n\t\t<div class=\"elementor-element elementor-element-2ed39cf e-grid e-con-full e-con e-parent\" data-id=\"2ed39cf\" data-element_type=\"container\">\n\t\t\t\t<div class=\"elementor-element elementor-element-8d727e7 elementor-widget elementor-widget-image\" data-id=\"8d727e7\" data-element_type=\"widget\" data-widget_type=\"image.default\">\n\t\t\t\t<div class=\"elementor-widget-container\">\n\t\t\t\t\t\t\t\t\t\t\t\t<figure class=\"wp-caption\">\n\t\t\t\t\t\t\t\t\t\t<img fetchpriority=\"high\" decoding=\"async\" width=\"1024\" height=\"1024\" src=\"https:\/\/smartpackbags.com\/wp-content\/uploads\/2025\/05\/\u672a\u547d\u540d\u9879\u76ee-\u56fe\u5c42-1-2-1-1024x1024.jpeg\" class=\"attachment-large size-large wp-image-3763\" alt=\"Open top bulk bag with four lifting loops for agricultural or industrial use\" srcset=\"https:\/\/smartpackbags.com\/wp-content\/uploads\/2025\/05\/\u672a\u547d\u540d\u9879\u76ee-\u56fe\u5c42-1-2-1-1024x1024.jpeg 1024w, https:\/\/smartpackbags.com\/wp-content\/uploads\/2025\/05\/\u672a\u547d\u540d\u9879\u76ee-\u56fe\u5c42-1-2-1-300x300.jpeg 300w, https:\/\/smartpackbags.com\/wp-content\/uploads\/2025\/05\/\u672a\u547d\u540d\u9879\u76ee-\u56fe\u5c42-1-2-1-150x150.jpeg 150w, https:\/\/smartpackbags.com\/wp-content\/uploads\/2025\/05\/\u672a\u547d\u540d\u9879\u76ee-\u56fe\u5c42-1-2-1-768x768.jpeg 768w, https:\/\/smartpackbags.com\/wp-content\/uploads\/2025\/05\/\u672a\u547d\u540d\u9879\u76ee-\u56fe\u5c42-1-2-1.jpeg 1328w\" sizes=\"(max-width: 1024px) 100vw, 1024px\" \/>\t\t\t\t\t\t\t\t\t\t\t<figcaption class=\"widget-image-caption wp-caption-text\">\u00dcst\u00fc A\u00e7\u0131k FIBC<\/figcaption>\n\t\t\t\t\t\t\t\t\t\t<\/figure>\n\t\t\t\t\t\t\t\t\t<\/div>\n\t\t\t\t<\/div>\n\t\t\t\t<div class=\"elementor-element elementor-element-9a65fe3 elementor-widget elementor-widget-image\" data-id=\"9a65fe3\" data-element_type=\"widget\" data-widget_type=\"image.default\">\n\t\t\t\t<div class=\"elementor-widget-container\">\n\t\t\t\t\t\t\t\t\t\t\t\t<figure class=\"wp-caption\">\n\t\t\t\t\t\t\t\t\t\t<img decoding=\"async\" width=\"1024\" height=\"1024\" src=\"https:\/\/smartpackbags.com\/wp-content\/uploads\/2025\/05\/\u5428\u888b4-1024x1024.jpeg\" class=\"attachment-large size-large wp-image-3768\" alt=\"Laminated FIBC bulk bag for moisture-sensitive materials\" srcset=\"https:\/\/smartpackbags.com\/wp-content\/uploads\/2025\/05\/\u5428\u888b4-1024x1024.jpeg 1024w, https:\/\/smartpackbags.com\/wp-content\/uploads\/2025\/05\/\u5428\u888b4-300x300.jpeg 300w, https:\/\/smartpackbags.com\/wp-content\/uploads\/2025\/05\/\u5428\u888b4-150x150.jpeg 150w, https:\/\/smartpackbags.com\/wp-content\/uploads\/2025\/05\/\u5428\u888b4-768x768.jpeg 768w, https:\/\/smartpackbags.com\/wp-content\/uploads\/2025\/05\/\u5428\u888b4.jpeg 1328w\" sizes=\"(max-width: 1024px) 100vw, 1024px\" \/>\t\t\t\t\t\t\t\t\t\t\t<figcaption class=\"widget-image-caption wp-caption-text\">Lamine FIBC<\/figcaption>\n\t\t\t\t\t\t\t\t\t\t<\/figure>\n\t\t\t\t\t\t\t\t\t<\/div>\n\t\t\t\t<\/div>\n\t\t\t\t<div class=\"elementor-element elementor-element-9ce426d elementor-widget elementor-widget-image\" data-id=\"9ce426d\" data-element_type=\"widget\" data-widget_type=\"image.default\">\n\t\t\t\t<div class=\"elementor-widget-container\">\n\t\t\t\t\t\t\t\t\t\t\t\t<figure class=\"wp-caption\">\n\t\t\t\t\t\t\t\t\t\t<img decoding=\"async\" width=\"1024\" height=\"1024\" src=\"https:\/\/smartpackbags.com\/wp-content\/uploads\/2025\/05\/\u672a\u547d\u540d\u9879\u76ee-\u56fe\u5c42-1-1-1-1024x1024.jpeg\" class=\"attachment-large size-large wp-image-3762\" alt=\"Custom printed FIBC bulk bag with company logo\" srcset=\"https:\/\/smartpackbags.com\/wp-content\/uploads\/2025\/05\/\u672a\u547d\u540d\u9879\u76ee-\u56fe\u5c42-1-1-1-1024x1024.jpeg 1024w, https:\/\/smartpackbags.com\/wp-content\/uploads\/2025\/05\/\u672a\u547d\u540d\u9879\u76ee-\u56fe\u5c42-1-1-1-300x300.jpeg 300w, https:\/\/smartpackbags.com\/wp-content\/uploads\/2025\/05\/\u672a\u547d\u540d\u9879\u76ee-\u56fe\u5c42-1-1-1-150x150.jpeg 150w, https:\/\/smartpackbags.com\/wp-content\/uploads\/2025\/05\/\u672a\u547d\u540d\u9879\u76ee-\u56fe\u5c42-1-1-1-768x768.jpeg 768w, https:\/\/smartpackbags.com\/wp-content\/uploads\/2025\/05\/\u672a\u547d\u540d\u9879\u76ee-\u56fe\u5c42-1-1-1.jpeg 1328w\" sizes=\"(max-width: 1024px) 100vw, 1024px\" \/>\t\t\t\t\t\t\t\t\t\t\t<figcaption class=\"widget-image-caption wp-caption-text\">Bask\u0131l\u0131 FIBC<\/figcaption>\n\t\t\t\t\t\t\t\t\t\t<\/figure>\n\t\t\t\t\t\t\t\t\t<\/div>\n\t\t\t\t<\/div>\n\t\t\t\t<div class=\"elementor-element elementor-element-5f0c4a8 elementor-widget elementor-widget-image\" data-id=\"5f0c4a8\" data-element_type=\"widget\" data-widget_type=\"image.default\">\n\t\t\t\t<div class=\"elementor-widget-container\">\n\t\t\t\t\t\t\t\t\t\t\t\t<figure class=\"wp-caption\">\n\t\t\t\t\t\t\t\t\t\t<img loading=\"lazy\" decoding=\"async\" width=\"1024\" height=\"1024\" src=\"https:\/\/smartpackbags.com\/wp-content\/uploads\/2025\/05\/\u672a\u547d\u540d\u9879\u76ee-\u56fe\u5c42-1-3-2-1024x1024.jpeg\" class=\"attachment-large size-large wp-image-3767\" alt=\"Coated jumbo bag with enhanced UV and moisture resistance\" srcset=\"https:\/\/smartpackbags.com\/wp-content\/uploads\/2025\/05\/\u672a\u547d\u540d\u9879\u76ee-\u56fe\u5c42-1-3-2-1024x1024.jpeg 1024w, https:\/\/smartpackbags.com\/wp-content\/uploads\/2025\/05\/\u672a\u547d\u540d\u9879\u76ee-\u56fe\u5c42-1-3-2-300x300.jpeg 300w, https:\/\/smartpackbags.com\/wp-content\/uploads\/2025\/05\/\u672a\u547d\u540d\u9879\u76ee-\u56fe\u5c42-1-3-2-150x150.jpeg 150w, https:\/\/smartpackbags.com\/wp-content\/uploads\/2025\/05\/\u672a\u547d\u540d\u9879\u76ee-\u56fe\u5c42-1-3-2-768x768.jpeg 768w, https:\/\/smartpackbags.com\/wp-content\/uploads\/2025\/05\/\u672a\u547d\u540d\u9879\u76ee-\u56fe\u5c42-1-3-2.jpeg 1328w\" sizes=\"(max-width: 1024px) 100vw, 1024px\" \/>\t\t\t\t\t\t\t\t\t\t\t<figcaption class=\"widget-image-caption wp-caption-text\">Astarl\u0131 FIBC<\/figcaption>\n\t\t\t\t\t\t\t\t\t\t<\/figure>\n\t\t\t\t\t\t\t\t\t<\/div>\n\t\t\t\t<\/div>\n\t\t\t\t<div class=\"elementor-element elementor-element-eab936c elementor-widget elementor-widget-image\" data-id=\"eab936c\" data-element_type=\"widget\" data-widget_type=\"image.default\">\n\t\t\t\t<div class=\"elementor-widget-container\">\n\t\t\t\t\t\t\t\t\t\t\t\t<figure class=\"wp-caption\">\n\t\t\t\t\t\t\t\t\t\t<img loading=\"lazy\" decoding=\"async\" width=\"800\" height=\"800\" src=\"https:\/\/smartpackbags.com\/wp-content\/uploads\/2026\/01\/Black-FIBC.jpg\" class=\"attachment-large size-large wp-image-6792\" alt=\"Black FIBC\" srcset=\"https:\/\/smartpackbags.com\/wp-content\/uploads\/2026\/01\/Black-FIBC.jpg 800w, https:\/\/smartpackbags.com\/wp-content\/uploads\/2026\/01\/Black-FIBC-300x300.jpg 300w, https:\/\/smartpackbags.com\/wp-content\/uploads\/2026\/01\/Black-FIBC-150x150.jpg 150w, https:\/\/smartpackbags.com\/wp-content\/uploads\/2026\/01\/Black-FIBC-768x768.jpg 768w\" sizes=\"(max-width: 800px) 100vw, 800px\" \/>\t\t\t\t\t\t\t\t\t\t\t<figcaption class=\"widget-image-caption wp-caption-text\">\u00d6zel Renk FIBC<\/figcaption>\n\t\t\t\t\t\t\t\t\t\t<\/figure>\n\t\t\t\t\t\t\t\t\t<\/div>\n\t\t\t\t<\/div>\n\t\t\t\t<div class=\"elementor-element elementor-element-9fbbed0 elementor-widget elementor-widget-image\" data-id=\"9fbbed0\" data-element_type=\"widget\" data-widget_type=\"image.default\">\n\t\t\t\t<div class=\"elementor-widget-container\">\n\t\t\t\t\t\t\t\t\t\t\t\t<figure class=\"wp-caption\">\n\t\t\t\t\t\t\t\t\t\t<img loading=\"lazy\" decoding=\"async\" width=\"1024\" height=\"1024\" src=\"https:\/\/smartpackbags.com\/wp-content\/uploads\/2025\/05\/\u5428\u888b1-1024x1024.jpeg\" class=\"attachment-large size-large wp-image-3761\" alt=\"Jumbo bag with bottom discharge spout for controlled emptying\" srcset=\"https:\/\/smartpackbags.com\/wp-content\/uploads\/2025\/05\/\u5428\u888b1-1024x1024.jpeg 1024w, https:\/\/smartpackbags.com\/wp-content\/uploads\/2025\/05\/\u5428\u888b1-300x300.jpeg 300w, https:\/\/smartpackbags.com\/wp-content\/uploads\/2025\/05\/\u5428\u888b1-150x150.jpeg 150w, https:\/\/smartpackbags.com\/wp-content\/uploads\/2025\/05\/\u5428\u888b1-768x768.jpeg 768w, https:\/\/smartpackbags.com\/wp-content\/uploads\/2025\/05\/\u5428\u888b1.jpeg 1328w\" sizes=\"(max-width: 1024px) 100vw, 1024px\" \/>\t\t\t\t\t\t\t\t\t\t\t<figcaption class=\"widget-image-caption wp-caption-text\">Bo\u015faltma A\u011fz\u0131 FIBC<\/figcaption>\n\t\t\t\t\t\t\t\t\t\t<\/figure>\n\t\t\t\t\t\t\t\t\t<\/div>\n\t\t\t\t<\/div>\n\t\t\t\t<\/div>\n\t\t<div class=\"elementor-element elementor-element-c19cb2a e-flex e-con-boxed e-con e-parent\" data-id=\"c19cb2a\" data-element_type=\"container\">\n\t\t\t\t\t<div class=\"e-con-inner\">\n\t\t\t\t<div class=\"elementor-element elementor-element-cb2e46b elementor-widget elementor-widget-text-editor\" data-id=\"cb2e46b\" data-element_type=\"widget\" data-widget_type=\"text-editor.default\">\n\t\t\t\t<div class=\"elementor-widget-container\">\n\t\t\t\t\t\t\t\t\t<p>Tasar\u0131m\u0131n\u0131z, teknik \u00f6zellikleriniz ve paketleme gereksinimleriniz dahil olmak \u00fczere m\u00fc\u015fteri numunelerine dayal\u0131 sipari\u015fleri kabul ediyoruz.<\/p>\t\t\t\t\t\t\t\t<\/div>\n\t\t\t\t<\/div>\n\t\t\t\t\t<\/div>\n\t\t\t\t<\/div>\n\t\t<div class=\"elementor-element elementor-element-6f2a851 e-flex e-con-boxed e-con e-parent\" data-id=\"6f2a851\" data-element_type=\"container\">\n\t\t\t\t\t<div class=\"e-con-inner\">\n\t\t<div class=\"elementor-element elementor-element-7a50e20 e-con-full e-flex e-con e-child\" data-id=\"7a50e20\" data-element_type=\"container\">\n\t\t\t\t<div class=\"elementor-element elementor-element-f7f6214 elementor-widget elementor-widget-html\" data-id=\"f7f6214\" data-element_type=\"widget\" data-widget_type=\"html.default\">\n\t\t\t\t<div class=\"elementor-widget-container\">\n\t\t\t\t\t<a href=\"#\" class=\"popmake-2235 get-a-quote-btn\">Teklif Al\u0131n<\/a>\t\t\t\t<\/div>\n\t\t\t\t<\/div>\n\t\t\t\t<\/div>\n\t\t\t\t\t<\/div>\n\t\t\t\t<\/div>\n\t\t<div class=\"elementor-element elementor-element-21a6eba e-flex e-con-boxed e-con e-parent\" data-id=\"21a6eba\" data-element_type=\"container\">\n\t\t\t\t\t<div class=\"e-con-inner\">\n\t\t\t\t<div class=\"elementor-element elementor-element-acab975 elementor-widget elementor-widget-html\" data-id=\"acab975\" data-element_type=\"widget\" data-widget_type=\"html.default\">\n\t\t\t\t<div class=\"elementor-widget-container\">\n\t\t\t\t\t<style>.spec-wrapper {\r\n    width: 100%;\r\n    display: flex;\r\n    justify-content: center;\r\n    padding: 40px 20px;\r\n    box-sizing: border-box;\r\n    background: #fff;\r\n  }\r\n\r\n  .spec-container {\r\n    max-width: 860px;\r\n    width: 100%;\r\n    font-family: \"Segoe UI\", \"Helvetica Neue\", Helvetica, Arial, sans-serif;\r\n    color: #333;\r\n  }\r\n\r\n  .spec-title {\r\n    text-align: center;\r\n    font-size: 24px;\r\n    font-weight: 600;\r\n    border-bottom: 2px solid #2F5AAE;\r\n    padding-bottom: 8px;\r\n    margin-bottom: 24px;\r\n  }\r\n\r\n  .spec-grid {\r\n    display: grid;\r\n    grid-template-columns: 1fr 1fr;\r\n    gap: 16px;\r\n  }\r\n\r\n  .spec-item {\r\n    background: #f7f9fc;\r\n    border-left: 3px solid #2F5AAE;\r\n    padding: 12px 16px;\r\n    border-radius: 4px;\r\n  }\r\n\r\n  .spec-item h4 {\r\n    font-size: 17px;\r\n    font-weight: 600;\r\n    margin: 0 0 6px;\r\n    color: #2F5AAE;\r\n  }\r\n\r\n  .spec-item p {\r\n    font-size: 15px;\r\n    margin: 0;\r\n    line-height: 1.6;\r\n    color: #444;\r\n  }\r\n\r\n  .extra-section {\r\n    background: #f1f4f9;\r\n    border-left: 3px solid #2F5AAE;\r\n    padding: 16px;\r\n    border-radius: 4px;\r\n    margin-top: 32px;\r\n  }\r\n\r\n  .extra-section h4 {\r\n    font-size: 17px;\r\n    font-weight: 600;\r\n    margin-bottom: 8px;\r\n    color: #2F5AAE;\r\n  }\r\n\r\n  .extra-section ul {\r\n    margin: 0;\r\n    padding-left: 18px;\r\n  }\r\n\r\n  .extra-section ul li {\r\n    font-size: 15px;\r\n    line-height: 1.6;\r\n    color: #444;\r\n    margin-bottom: 4px;\r\n  }\r\n\r\n  @media (max-width: 768px) {\r\n    .spec-grid {\r\n      grid-template-columns: 1fr;\r\n    }\r\n  }\r\n<\/style><div class=\"spec-wrapper\"><div class=\"spec-container\"><div class=\"spec-title\">FIBC \/ Ton Bag Specifications<\/div><div class=\"spec-grid\"><div class=\"spec-item\"><h4>Bag Types<\/h4><p>U-panel, circular, baffle (Q-bag), ventilated, conductive (Type C\/D)<\/p><\/div><div class=\"spec-item\"><h4>Capacity<\/h4><p>250kg \u2013 2000kg<br\/>Common: 500kg \/ 800kg \/ 1000kg<\/p><\/div><div class=\"spec-item\"><h4>Dimensions<\/h4><p>Customized sizes available<br\/>Standard: 90\u00d790\u00d7100 cm, 100\u00d7100\u00d7120 cm<\/p><\/div><div class=\"spec-item\"><h4>Top Options<\/h4><p>Open top \/ filling spout \/ duffle top<br\/>Flap cover optional<\/p><\/div><div class=\"spec-item\"><h4>Bottom Options<\/h4><p>Flat bottom \/ discharge spout \/ full open discharge<\/p><\/div><div class=\"spec-item\"><h4>Lifting Loops<\/h4><p>2 or 4 corner loops<br\/>Cross corner or side-seam loops<br\/>Color-coded or plain<\/p><\/div><div class=\"spec-item\"><h4>Material<\/h4><p>100% virgin polypropylene<br\/>UV-stabilized, laminated or unlaminated<\/p><\/div><div class=\"spec-item\"><h4>Inner Liner<\/h4><p>PE liner (loose or form-fit) for moisture or fine powder protection<\/p><\/div><div class=\"spec-item\"><h4>Printing<\/h4><p>Up to 3 colors<br\/>Side or top panel branding optional<\/p><\/div><div class=\"spec-item\"><h4>MOQ<\/h4><p>1000 pcs per design\/size<br\/>Trial orders accepted for new clients<\/p><\/div><\/div><div class=\"extra-section\"><h4>Advantages<\/h4><ul><li>High load capacity with minimal tare weight<\/li><li>Space-saving, collapsible design<\/li><li>Durable and reusable (optional)<\/li><li>Ideal for bulk powders, grains, cement, minerals<\/li><li>Custom solutions for automation and export<\/li><\/ul><\/div><div class=\"extra-section\"><h4>Application<\/h4><ul><li>Chemicals, minerals, agriculture, construction, recycling, food processing,etc.<\/li><\/ul><\/div><\/div><\/div>\t\t\t\t<\/div>\n\t\t\t\t<\/div>\n\t\t\t\t\t<\/div>\n\t\t\t\t<\/div>\n\t\t<div class=\"elementor-element elementor-element-f19e076 e-flex e-con-boxed e-con e-parent\" data-id=\"f19e076\" data-element_type=\"container\">\n\t\t\t\t\t<div class=\"e-con-inner\">\n\t\t\t\t\t<\/div>\n\t\t\t\t<\/div>\n\t\t<div class=\"elementor-element elementor-element-58c6d72 e-flex e-con-boxed e-con e-parent\" data-id=\"58c6d72\" data-element_type=\"container\">\n\t\t\t\t\t<div class=\"e-con-inner\">\n\t\t\t\t<div class=\"elementor-element elementor-element-b1cbc8b elementor-widget elementor-widget-html\" data-id=\"b1cbc8b\" data-element_type=\"widget\" data-widget_type=\"html.default\">\n\t\t\t\t<div class=\"elementor-widget-container\">\n\t\t\t\t\t<a href=\"https:\/\/wa.me\/8615728041867\" class=\"whatsapp-float\" target=\"_blank\" rel=\"noopener\"><img decoding=\"async\" src=\"https:\/\/upload.wikimedia.org\/wikipedia\/commons\/6\/6b\/WhatsApp.svg\" alt=\"WhatsApp\"><\/a><style>.whatsapp-float {\r\n  position: fixed;\r\n  bottom: 20px;\r\n  right: 20px;\r\n  width: 50px;\r\n  height: 50px;\r\n  background: #25D366;\r\n  border-radius: 50%;\r\n  display: flex;\r\n  align-items: center;\r\n  justify-content: center;\r\n  box-shadow: 0 2px 10px rgba(0,0,0,0.2);\r\n  z-index: 999;\r\n}\r\n.whatsapp-float img {\r\n  width: 30px;\r\n  height: 30px;\r\n}\r\n<\/style>\t\t\t\t<\/div>\n\t\t\t\t<\/div>\n\t\t\t\t\t<\/div>\n\t\t\t\t<\/div>\n\t\t<div class=\"elementor-element elementor-element-94e7d5b e-flex e-con-boxed e-con e-parent\" data-id=\"94e7d5b\" data-element_type=\"container\">\n\t\t\t\t\t<div class=\"e-con-inner\">\n\t\t\t\t<div class=\"elementor-element elementor-element-c6979d7 elementor-widget elementor-widget-html\" data-id=\"c6979d7\" data-element_type=\"widget\" data-widget_type=\"html.default\">\n\t\t\t\t<div class=\"elementor-widget-container\">\n\t\t\t\t\t<a href=\"mailto:rain.xu@smartpackbags.com\" class=\"email-float\" target=\"_blank\" title=\"\u53d1\u9001\u90ae\u4ef6\"><img decoding=\"async\" src=\"https:\/\/cdn-icons-png.flaticon.com\/512\/732\/732200.png\" alt=\"Email Icon\"><\/a><style>.email-float {\r\n  position: fixed;\r\n  bottom: 20px;\r\n  left: 20px;\r\n  width: 56px;\r\n  height: 56px;\r\n  background: #EA4335; \/* Gmail\u98ce\u683c\u7ea2\u8272 *\/\r\n  border-radius: 50%;\r\n  display: flex;\r\n  align-items: center;\r\n  justify-content: center;\r\n  box-shadow: 0 2px 10px rgba(0,0,0,0.2);\r\n  z-index: 999;\r\n  transition: all 0.3s ease;\r\n}\r\n.email-float:hover {\r\n  background: #D33426; \/* \u60ac\u505c\u6df1\u7ea2\u8272 *\/\r\n  transform: scale(1.05);\r\n}\r\n.email-float img {\r\n  width: 28px;\r\n  height: 28px;\r\n  filter: brightness(0) invert(1); \/* \u56fe\u6807\u53d8\u767d\u8272 *\/\r\n}\r\n\r\n\/* \u624b\u673a\u7aef\u9002\u914d *\/\r\n@media (max-width: 768px) {\r\n  .email-float {\r\n    width: 48px;\r\n    height: 48px;\r\n    bottom: 15px;\r\n    left: 15px;\r\n  }\r\n  .email-float img {\r\n    width: 24px;\r\n    height: 24px;\r\n  }\r\n}\r\n<\/style>\t\t\t\t<\/div>\n\t\t\t\t<\/div>\n\t\t\t\t\t<\/div>\n\t\t\t\t<\/div>\n\t\t<div class=\"elementor-element elementor-element-fafe67d e-flex e-con-boxed e-con e-parent\" data-id=\"fafe67d\" data-element_type=\"container\">\n\t\t\t\t\t<div class=\"e-con-inner\">\n\t\t\t\t<div class=\"elementor-element elementor-element-dbf9a09 elementor-widget elementor-widget-html\" data-id=\"dbf9a09\" data-element_type=\"widget\" data-widget_type=\"html.default\">\n\t\t\t\t<div class=\"elementor-widget-container\">\n\t\t\t\t\t<script type=\"application\/ld+json\">{\r\n  \"@context\": \"https:\/\/schema.org\/\",\r\n  \"@type\": \"ProductGroup\",\r\n  \"name\": \"Bulk Bags\",\r\n  \"description\": \"Zhixin Packaging offers durable and customizable bulk bags (FIBC bags) suitable for heavy-duty industrial packaging, with various lifting loop designs and weight capacities.\",\r\n  \"brand\": {\r\n    \"@type\": \"Brand\",\r\n    \"name\": \"Zhixin Packaging\"\r\n  },\r\n  \"hasVariant\": [\r\n    {\r\n      \"@type\": \"Product\",\r\n      \"name\": \"Bulk Bag Model 1\",\r\n      \"image\": \"https:\/\/smartpackbags.com\/wp-content\/uploads\/2025\/05\/%E6%9C%AA%E5%91%BD%E5%90%8D%E9%A1%B9%E7%9B%AE-%E5%9B%BE%E5%B1%82-1-2-1-300x300.jpeg\",\r\n      \"sku\": \"BB-MODEL1\",\r\n      \"offers\": {\r\n        \"@type\": \"Offer\",\r\n        \"priceCurrency\": \"USD\",\r\n        \"price\": \"3.00\",\r\n        \"availability\": \"https:\/\/schema.org\/InStock\",\r\n        \"itemCondition\": \"https:\/\/schema.org\/NewCondition\"\r\n      }\r\n    },\r\n    {\r\n      \"@type\": \"Product\",\r\n      \"name\": \"Bulk Bag Model 2\",\r\n      \"image\": \"https:\/\/smartpackbags.com\/wp-content\/uploads\/2025\/05\/%E5%90%A8%E8%A2%8B1-300x300.jpeg\",\r\n      \"sku\": \"BB-MODEL2\",\r\n      \"offers\": {\r\n        \"@type\": \"Offer\",\r\n        \"priceCurrency\": \"USD\",\r\n        \"price\": \"4.00\",\r\n        \"availability\": \"https:\/\/schema.org\/InStock\",\r\n        \"itemCondition\": \"https:\/\/schema.org\/NewCondition\"\r\n      }\r\n    }\r\n  ]\r\n}\r\n<\/script>\t\t\t\t<\/div>\n\t\t\t\t<\/div>\n\t\t\t\t\t<\/div>\n\t\t\t\t<\/div>\n\t\t\t\t<\/div>\n\t\t","protected":false},"excerpt":{"rendered":"<p>Zhixin PackagingCustom FIBC Bulk Bags for Industrial &#038; Agricultural Applications FIBC\/Bulk torbalar, y\u00fcksek mukavemetli polipropilen dokuma kuma\u015ftan yap\u0131lm\u0131\u015f b\u00fcy\u00fck esnek ta\u015f\u0131ma ambalajlar\u0131d\u0131r. Yayg\u0131n tipler aras\u0131nda a\u00e7\u0131k torba, bo\u015faltma torbas\u0131 ve kapal\u0131 torba yer al\u0131r. \u00dcst\u00fc A\u00e7\u0131k FIBC Lamine FIBC Bask\u0131l\u0131 FIBC Astarl\u0131 FIBC \u00d6zel Renk FIBC Bo\u015faltma A\u011fz\u0131 FIBC Tasar\u0131m\u0131n\u0131z, teknik \u00f6zellikleriniz ve paketleme gereksinimleriniz&hellip;&nbsp;<a href=\"https:\/\/smartpackbags.com\/tr\/urunler\/fibc-dokme-torbalar\/\" rel=\"bookmark\"><span class=\"screen-reader-text\">FIBC\/D\u00f6kme Torbalar<\/span><\/a><\/p>\n","protected":false},"author":1,"featured_media":0,"parent":3571,"menu_order":0,"comment_status":"closed","ping_status":"closed","template":"page-templates\/template-pagebuilder-full-width.php","meta":{"neve_meta_sidebar":"","neve_meta_container":"","neve_meta_enable_content_width":"","neve_meta_content_width":0,"neve_meta_title_alignment":"","neve_meta_author_avatar":"","neve_post_elements_order":"","neve_meta_disable_header":"","neve_meta_disable_footer":"","neve_meta_disable_title":"","footnotes":""},"class_list":["post-3748","page","type-page","status-publish","hentry"],"rttpg_featured_image_url":null,"rttpg_author":{"display_name":"xuxueming69@gmail.com","author_link":"https:\/\/smartpackbags.com\/tr\/author\/xuxueming69gmail-com\/"},"rttpg_comment":0,"rttpg_category":" <a href=\"https:\/\/smartpackbags.com\/tr\/?taxonomy=translation_priority&#038;term=opsiyonel\" rel=\"tag\">Opsiyonel<\/a>","rttpg_excerpt":"Zhixin PackagingCustom FIBC Bulk Bags for Industrial &#038; Agricultural Applications FIBC\/Bulk torbalar, y\u00fcksek mukavemetli polipropilen dokuma kuma\u015ftan yap\u0131lm\u0131\u015f b\u00fcy\u00fck esnek ta\u015f\u0131ma ambalajlar\u0131d\u0131r. Yayg\u0131n tipler aras\u0131nda a\u00e7\u0131k torba, bo\u015faltma torbas\u0131 ve kapal\u0131 torba yer al\u0131r. \u00dcst\u00fc A\u00e7\u0131k FIBC Lamine FIBC Bask\u0131l\u0131 FIBC Astarl\u0131 FIBC \u00d6zel Renk FIBC Bo\u015faltma A\u011fz\u0131 FIBC Tasar\u0131m\u0131n\u0131z, teknik \u00f6zellikleriniz ve paketleme gereksinimleriniz&hellip;&nbsp;FIBC\/D\u00f6kme&hellip;","_links":{"self":[{"href":"https:\/\/smartpackbags.com\/tr\/wp-json\/wp\/v2\/pages\/3748","targetHints":{"allow":["GET"]}}],"collection":[{"href":"https:\/\/smartpackbags.com\/tr\/wp-json\/wp\/v2\/pages"}],"about":[{"href":"https:\/\/smartpackbags.com\/tr\/wp-json\/wp\/v2\/types\/page"}],"author":[{"embeddable":true,"href":"https:\/\/smartpackbags.com\/tr\/wp-json\/wp\/v2\/users\/1"}],"replies":[{"embeddable":true,"href":"https:\/\/smartpackbags.com\/tr\/wp-json\/wp\/v2\/comments?post=3748"}],"version-history":[{"count":4,"href":"https:\/\/smartpackbags.com\/tr\/wp-json\/wp\/v2\/pages\/3748\/revisions"}],"predecessor-version":[{"id":6877,"href":"https:\/\/smartpackbags.com\/tr\/wp-json\/wp\/v2\/pages\/3748\/revisions\/6877"}],"up":[{"embeddable":true,"href":"https:\/\/smartpackbags.com\/tr\/wp-json\/wp\/v2\/pages\/3571"}],"wp:attachment":[{"href":"https:\/\/smartpackbags.com\/tr\/wp-json\/wp\/v2\/media?parent=3748"}],"curies":[{"name":"wp","href":"https:\/\/api.w.org\/{rel}","templated":true}]}}